{"id":2002,"date":"2025-02-20T08:36:20","date_gmt":"2025-02-20T07:36:20","guid":{"rendered":"https:\/\/3r-prev.com\/tro25\/?page_id=2002"},"modified":"2025-02-20T12:30:53","modified_gmt":"2025-02-20T11:30:53","slug":"artcurial","status":"publish","type":"page","link":"https:\/\/3r-prev.com\/tro25\/projets\/artcurial\/","title":{"rendered":"Artcurial"},"content":{"rendered":"\t\t<div data-elementor-type=\"wp-page\" data-elementor-id=\"2002\" class=\"elementor elementor-2002\">\n\t\t\t\t<div class=\"elementor-element elementor-element-0c14441 e-flex e-con-boxed e-con e-parent\" data-id=\"0c14441\" data-element_type=\"container\">\n\t\t\t\t\t<div class=\"e-con-inner\">\n\t\t\t\t<div class=\"elementor-element elementor-element-2050466 elementor-widget elementor-widget-spacer\" data-id=\"2050466\" data-element_type=\"widget\" data-widget_type=\"spacer.default\">\n\t\t\t\t<div class=\"elementor-widget-container\">\n\t\t\t\t\t\t\t<div class=\"elementor-spacer\">\n\t\t\t<div class=\"elementor-spacer-inner\"><\/div>\n\t\t<\/div>\n\t\t\t\t\t\t<\/div>\n\t\t\t\t<\/div>\n\t\t\t\t<div class=\"elementor-element elementor-element-480e0ae elementor-widget elementor-widget-spacer\" data-id=\"480e0ae\" data-element_type=\"widget\" data-widget_type=\"spacer.default\">\n\t\t\t\t<div class=\"elementor-widget-container\">\n\t\t\t\t\t\t\t<div class=\"elementor-spacer\">\n\t\t\t<div class=\"elementor-spacer-inner\"><\/div>\n\t\t<\/div>\n\t\t\t\t\t\t<\/div>\n\t\t\t\t<\/div>\n\t\t\t\t<div class=\"elementor-element elementor-element-22a5004 elementor-widget elementor-widget-typography\" data-id=\"22a5004\" data-element_type=\"widget\" data-widget_type=\"typography.default\">\n\t\t\t\t<div class=\"elementor-widget-container\">\n\t\t\t\t\t\n\t<p style=\"text-align:center\" class=\"little  \">Vid\u00e9o<\/p>\n\n\n\n\t\t\t\t<\/div>\n\t\t\t\t<\/div>\n\t\t\t\t<div class=\"elementor-element elementor-element-4e116f6 elementor-widget elementor-widget-typography\" data-id=\"4e116f6\" data-element_type=\"widget\" data-widget_type=\"typography.default\">\n\t\t\t\t<div class=\"elementor-widget-container\">\n\t\t\t\t\t\n\t<h1 style=\"text-align:center\" class=\"text-anime\" >Artcurial <\/h1>\n\n\n\n\t\t\t\t<\/div>\n\t\t\t\t<\/div>\n\t\t<div class=\"elementor-element elementor-element-3ec0a89 e-con-full e-flex e-con e-child\" data-id=\"3ec0a89\" data-element_type=\"container\">\n\t\t\t\t<\/div>\n\t\t\t\t\t<\/div>\n\t\t\t\t<\/div>\n\t\t<div class=\"elementor-element elementor-element-492538e e-con-full e-flex elementor-invisible e-con e-parent\" data-id=\"492538e\" data-element_type=\"container\" data-settings=\"{&quot;animation&quot;:&quot;fadeIn&quot;}\">\n\t\t<div class=\"elementor-element elementor-element-d31f0d2 e-con-full e-flex e-con e-child\" data-id=\"d31f0d2\" data-element_type=\"container\">\n\t\t\t\t<div class=\"elementor-element elementor-element-951992d elementor-widget elementor-widget-typography\" data-id=\"951992d\" data-element_type=\"widget\" data-widget_type=\"typography.default\">\n\t\t\t\t<div class=\"elementor-widget-container\">\n\t\t\t\t\t\n\t<h6 style=\"text-align:center\"  >Production <\/h6>\n\n\n\n\t\t\t\t<\/div>\n\t\t\t\t<\/div>\n\t\t\t\t<div class=\"elementor-element elementor-element-70ce38b elementor-widget elementor-widget-typography\" data-id=\"70ce38b\" data-element_type=\"widget\" data-widget_type=\"typography.default\">\n\t\t\t\t<div class=\"elementor-widget-container\">\n\t\t\t\t\t\n\t\t<p style=\"text-align:center\" class=\"custom third \">Vid\u00e9o<\/p>\n\t\n\n\n\t\t\t\t<\/div>\n\t\t\t\t<\/div>\n\t\t\t\t<\/div>\n\t\t<div class=\"elementor-element elementor-element-0ef1b25 e-con-full e-flex e-con e-child\" data-id=\"0ef1b25\" data-element_type=\"container\">\n\t\t\t\t<div class=\"elementor-element elementor-element-bf28b99 elementor-widget elementor-widget-typography\" data-id=\"bf28b99\" data-element_type=\"widget\" data-widget_type=\"typography.default\">\n\t\t\t\t<div class=\"elementor-widget-container\">\n\t\t\t\t\t\n\t<h6 style=\"text-align:center\"  >Mission \n<\/h6>\n\n\n\n\t\t\t\t<\/div>\n\t\t\t\t<\/div>\n\t\t\t\t<div class=\"elementor-element elementor-element-fb7b509 elementor-widget elementor-widget-typography\" data-id=\"fb7b509\" data-element_type=\"widget\" data-widget_type=\"typography.default\">\n\t\t\t\t<div class=\"elementor-widget-container\">\n\t\t\t\t\t\n\t\t<p style=\"text-align:center\" class=\"custom third \">Communication digitale <\/p>\n\t\n\n\n\t\t\t\t<\/div>\n\t\t\t\t<\/div>\n\t\t\t\t<\/div>\n\t\t<div class=\"elementor-element elementor-element-cea5989 e-con-full e-flex e-con e-child\" data-id=\"cea5989\" data-element_type=\"container\">\n\t\t\t\t<div class=\"elementor-element elementor-element-e02eb2a elementor-widget elementor-widget-typography\" data-id=\"e02eb2a\" data-element_type=\"widget\" data-widget_type=\"typography.default\">\n\t\t\t\t<div class=\"elementor-widget-container\">\n\t\t\t\t\t\n\t<h6 style=\"text-align:center\"  >Archives<\/h6>\n\n\n\n\t\t\t\t<\/div>\n\t\t\t\t<\/div>\n\t\t\t\t<div class=\"elementor-element elementor-element-bd63c12 elementor-widget elementor-widget-typography\" data-id=\"bd63c12\" data-element_type=\"widget\" data-widget_type=\"typography.default\">\n\t\t\t\t<div class=\"elementor-widget-container\">\n\t\t\t\t\t\n\t\t<p style=\"text-align:center\" class=\"custom third \">20 ans d'ench\u00e8res <\/p>\n\t\n\n\n\t\t\t\t<\/div>\n\t\t\t\t<\/div>\n\t\t\t\t<\/div>\n\t\t<div class=\"elementor-element elementor-element-17b2277 e-con-full e-flex e-con e-child\" data-id=\"17b2277\" data-element_type=\"container\">\n\t\t\t\t<div class=\"elementor-element elementor-element-46285db elementor-widget elementor-widget-typography\" data-id=\"46285db\" data-element_type=\"widget\" data-widget_type=\"typography.default\">\n\t\t\t\t<div class=\"elementor-widget-container\">\n\t\t\t\t\t\n\t<h6 style=\"text-align:center\"  >Site web<\/h6>\n\n\n\n\t\t\t\t<\/div>\n\t\t\t\t<\/div>\n\t\t\t\t<div class=\"elementor-element elementor-element-63d84aa elementor-widget elementor-widget-html\" data-id=\"63d84aa\" data-element_type=\"widget\" data-widget_type=\"html.default\">\n\t\t\t\t<div class=\"elementor-widget-container\">\n\t\t\t\t\t<a href=\"https:\/\/www.artcurial.com\/\" style=\"text-align:center;display:block;\" target=\"_blank\">Artcurial<\/a>\t\t\t\t<\/div>\n\t\t\t\t<\/div>\n\t\t\t\t<\/div>\n\t\t\t\t<\/div>\n\t\t<div class=\"elementor-element elementor-element-cb0b982 e-con-full e-flex e-con e-parent\" data-id=\"cb0b982\" data-element_type=\"container\">\n\t\t\t\t<div class=\"elementor-element elementor-element-7ecec3e elementor-widget elementor-widget-video\" data-id=\"7ecec3e\" data-element_type=\"widget\" data-widget_type=\"video.default\">\n\t\t\t\t<div class=\"elementor-widget-container\">\n\t\t\t\t\t\n\t<div class=\"portfolio-video\">\n\t\t<div class=\"video-wrapper video-anime\">\n\t\t\t<video playsinline loop=\"\" muted=\"\" >\n\t\t\t\t<source src=\"https:\/\/3r-prev.com\/tro25\/wp-content\/uploads\/2025\/02\/Artcurial-20-ans-FR-3.mp4\" type=\"video\/mp4\">\n\t\t\t<\/video>\n\t\t<\/div>\n\t<\/div>\n\n\t\t\t\t<\/div>\n\t\t\t\t<\/div>\n\t\t\t\t<\/div>\n\t\t<div class=\"elementor-element elementor-element-4a76a75 e-flex e-con-boxed e-con e-parent\" data-id=\"4a76a75\" data-element_type=\"container\">\n\t\t\t\t\t<div class=\"e-con-inner\">\n\t\t\t\t<div class=\"elementor-element elementor-element-6386a36 elementor-widget elementor-widget-typography\" data-id=\"6386a36\" data-element_type=\"widget\" data-widget_type=\"typography.default\">\n\t\t\t\t<div class=\"elementor-widget-container\">\n\t\t\t\t\t\n\t<blockquote class=\"showcase\">\n\t<p style=\"text-align:left\" >Fond\u00e9e en 2002 alors que le march\u00e9 fran\u00e7ais s\u2019ouvre \u00e0 la concurrence, Artcurial s\u2019impose rapidement comme le leader fran\u00e7ais des ench\u00e8res. Reconnue pour son expertise et son positionnement haut de gamme, elle couvre un large \u00e9ventail de sp\u00e9cialit\u00e9s, notamment l'art moderne et contemporain, le design, l'automobile de collection, la joaillerie et les manuscrits rares.<br\/><br\/>\n\nA l\u2019occasion de l\u2019anniversaire d\u2019Artcurial, Troisi\u00e8me Rive \u00e0 r\u00e9alis\u00e9 une vid\u00e9o c\u00e9l\u00e9brant 20 ans de passion et d\u2019expertise. Une s\u00e9lection d\u2019expositions et de lots embl\u00e9matiques retra\u00e7ant l\u2019histoire de la maison de ventes. <br\/><br\/>\n<a href=\"https:\/\/youtu.be\/U38A53M7U8c?si=cpH3rXQVo3xECZ3t\" data-fancybox=\"video\"><strong style=\"    background-color: transparent;\n    border-radius: 20px;\n    padding: 7px 15px;\n    text-transform: uppercase;\n    font-weight: 700;\n    font-size: 15px;\n    color: #FFF !important;\n    border: 1px solid #fff;\">D\u00e9couvrir la vid\u00e9o<\/strong><\/a>\n<\/p>\n\t<\/blockquote>\n\n\n\n\t\t\t\t<\/div>\n\t\t\t\t<\/div>\n\t\t\t\t\t<\/div>\n\t\t\t\t<\/div>\n\t\t<div class=\"elementor-element elementor-element-ea9625b e-flex e-con-boxed e-con e-parent\" data-id=\"ea9625b\" data-element_type=\"container\">\n\t\t\t\t\t<div class=\"e-con-inner\">\n\t\t\t\t<div class=\"elementor-element elementor-element-8e287d2 elementor-widget elementor-widget-parallax_image\" data-id=\"8e287d2\" data-element_type=\"widget\" data-widget_type=\"parallax_image.default\">\n\t\t\t\t<div class=\"elementor-widget-container\">\n\t\t\t\t\t\n\t\t<div class=\"image-anime parallax-image full-image\">\n\t\t\t<img decoding=\"async\" src=\"https:\/\/3r-prev.com\/tro25\/wp-content\/uploads\/2025\/02\/01779__DSC1859_CMJN-scaled.jpg\" alt=\"\">\n\t\t<\/div>\n\n\t\t\t\t<\/div>\n\t\t\t\t<\/div>\n\t\t\t\t<div class=\"elementor-element elementor-element-d8ebbda elementor-widget__width-initial elementor-widget elementor-widget-typography\" data-id=\"d8ebbda\" data-element_type=\"widget\" data-widget_type=\"typography.default\">\n\t\t\t\t<div class=\"elementor-widget-container\">\n\t\t\t\t\t\n\t<p style=\"text-align:left\" class=\"little  \">Une approche immersive et \u00e9l\u00e9gante pour valoriser l\u2019excellence de la maison \u00e0 travers une vingtaine de domaines d\u2019expertise. Un retour en images sur les moments forts et les coulisses pour restituer l\u2019effervescence du monde des ench\u00e8res dans lequel ench\u00e9risseurs, experts, commissaires-priseurs se croisent au quotidien. <\/p>\n\n\n\n\t\t\t\t<\/div>\n\t\t\t\t<\/div>\n\t\t\t\t\t<\/div>\n\t\t\t\t<\/div>\n\t\t<div class=\"elementor-element elementor-element-011d491 e-con-full e-flex e-con e-parent\" data-id=\"011d491\" data-element_type=\"container\">\n\t\t\t\t<div class=\"elementor-element elementor-element-e0c5661 elementor-widget__width-inherit elementor-widget elementor-widget-parallax_image\" data-id=\"e0c5661\" data-element_type=\"widget\" data-widget_type=\"parallax_image.default\">\n\t\t\t\t<div class=\"elementor-widget-container\">\n\t\t\t\t\t\n\t\t<div class=\"image-anime parallax-image full-image\">\n\t\t\t<img decoding=\"async\" src=\"https:\/\/3r-prev.com\/tro25\/wp-content\/uploads\/2025\/02\/HD-Artcurial-Paris-Expo-Collection-Kenzo-Takada-39-scaled.jpg\" alt=\"\">\n\t\t<\/div>\n\n\t\t\t\t<\/div>\n\t\t\t\t<\/div>\n\t\t\t\t<div class=\"elementor-element elementor-element-c48e131 elementor-widget elementor-widget-spacer\" data-id=\"c48e131\" data-element_type=\"widget\" data-widget_type=\"spacer.default\">\n\t\t\t\t<div class=\"elementor-widget-container\">\n\t\t\t\t\t\t\t<div class=\"elementor-spacer\">\n\t\t\t<div class=\"elementor-spacer-inner\"><\/div>\n\t\t<\/div>\n\t\t\t\t\t\t<\/div>\n\t\t\t\t<\/div>\n\t\t\t\t<\/div>\n\t\t<div class=\"elementor-element elementor-element-dcf1e4d e-flex e-con-boxed e-con e-parent\" data-id=\"dcf1e4d\" data-element_type=\"container\">\n\t\t\t\t\t<div class=\"e-con-inner\">\n\t\t<div class=\"elementor-element elementor-element-c24cead e-con-full e-flex e-con e-child\" data-id=\"c24cead\" data-element_type=\"container\">\n\t\t\t\t<div class=\"elementor-element elementor-element-c775bc7 elementor-widget elementor-widget-parallax_image\" data-id=\"c775bc7\" data-element_type=\"widget\" data-widget_type=\"parallax_image.default\">\n\t\t\t\t<div class=\"elementor-widget-container\">\n\t\t\t\t\t\n\t\t<div class=\"image-anime parallax-image full-image\">\n\t\t\t<img decoding=\"async\" src=\"https:\/\/3r-prev.com\/tro25\/wp-content\/uploads\/2025\/02\/HD-Artcurial-Paris-Vente-Collection-Kenzo-Takada-16-scaled.jpg\" alt=\"\">\n\t\t<\/div>\n\n\t\t\t\t<\/div>\n\t\t\t\t<\/div>\n\t\t\t\t<div class=\"elementor-element elementor-element-4599d27 elementor-widget elementor-widget-parallax_image\" data-id=\"4599d27\" data-element_type=\"widget\" data-widget_type=\"parallax_image.default\">\n\t\t\t\t<div class=\"elementor-widget-container\">\n\t\t\t\t\t\n\t\t<div class=\"image-anime parallax-image full-image\">\n\t\t\t<img decoding=\"async\" src=\"https:\/\/3r-prev.com\/tro25\/wp-content\/uploads\/2025\/02\/PHOTO-2025-02-20-10-11-46.jpg\" alt=\"\">\n\t\t<\/div>\n\n\t\t\t\t<\/div>\n\t\t\t\t<\/div>\n\t\t\t\t<\/div>\n\t\t<div class=\"elementor-element elementor-element-e62f89b e-con-full e-flex e-con e-child\" data-id=\"e62f89b\" data-element_type=\"container\">\n\t\t\t\t<div class=\"elementor-element elementor-element-6e6aa4e elementor-widget elementor-widget-parallax_image\" data-id=\"6e6aa4e\" data-element_type=\"widget\" data-widget_type=\"parallax_image.default\">\n\t\t\t\t<div class=\"elementor-widget-container\">\n\t\t\t\t\t\n\t\t<div class=\"image-anime parallax-image full-image\">\n\t\t\t<img decoding=\"async\" src=\"https:\/\/3r-prev.com\/tro25\/wp-content\/uploads\/2025\/02\/T_K_9936-scaled.jpg\" alt=\"\">\n\t\t<\/div>\n\n\t\t\t\t<\/div>\n\t\t\t\t<\/div>\n\t\t\t\t<\/div>\n\t\t\t\t\t<\/div>\n\t\t\t\t<\/div>\n\t\t<div class=\"elementor-element elementor-element-28cb22e e-flex e-con-boxed e-con e-parent\" data-id=\"28cb22e\" data-element_type=\"container\">\n\t\t\t\t\t<div class=\"e-con-inner\">\n\t\t\t\t\t<\/div>\n\t\t\t\t<\/div>\n\t\t\t\t<\/div>\n\t\t","protected":false},"excerpt":{"rendered":"<p>Vid\u00e9o Artcurial Production Vid\u00e9o Mission Communication digitale Archives 20 ans d&rsquo;ench\u00e8res Site web Artcurial Fond\u00e9e en 2002 alors que le march\u00e9 fran\u00e7ais s\u2019ouvre \u00e0 la concurrence, Artcurial s\u2019impose rapidement comme&#8230;<\/p>\n","protected":false},"author":1,"featured_media":0,"parent":1695,"menu_order":0,"comment_status":"closed","ping_status":"closed","template":"elementor_header_footer","meta":{"_acf_changed":false,"footnotes":""},"class_list":["post-2002","page","type-page","status-publish","hentry"],"acf":[],"_links":{"self":[{"href":"https:\/\/3r-prev.com\/tro25\/wp-json\/wp\/v2\/pages\/2002","targetHints":{"allow":["GET"]}}],"collection":[{"href":"https:\/\/3r-prev.com\/tro25\/wp-json\/wp\/v2\/pages"}],"about":[{"href":"https:\/\/3r-prev.com\/tro25\/wp-json\/wp\/v2\/types\/page"}],"author":[{"embeddable":true,"href":"https:\/\/3r-prev.com\/tro25\/wp-json\/wp\/v2\/users\/1"}],"replies":[{"embeddable":true,"href":"https:\/\/3r-prev.com\/tro25\/wp-json\/wp\/v2\/comments?post=2002"}],"version-history":[{"count":92,"href":"https:\/\/3r-prev.com\/tro25\/wp-json\/wp\/v2\/pages\/2002\/revisions"}],"predecessor-version":[{"id":2178,"href":"https:\/\/3r-prev.com\/tro25\/wp-json\/wp\/v2\/pages\/2002\/revisions\/2178"}],"up":[{"embeddable":true,"href":"https:\/\/3r-prev.com\/tro25\/wp-json\/wp\/v2\/pages\/1695"}],"wp:attachment":[{"href":"https:\/\/3r-prev.com\/tro25\/wp-json\/wp\/v2\/media?parent=2002"}],"curies":[{"name":"wp","href":"https:\/\/api.w.org\/{rel}","templated":true}]}}