{"id":1987,"date":"2025-02-20T08:02:37","date_gmt":"2025-02-20T07:02:37","guid":{"rendered":"https:\/\/3r-prev.com\/tro25\/?page_id=1987"},"modified":"2025-02-20T10:22:37","modified_gmt":"2025-02-20T09:22:37","slug":"maison-et-jardins-claude-monet","status":"publish","type":"page","link":"https:\/\/3r-prev.com\/tro25\/projets\/maison-et-jardins-claude-monet\/","title":{"rendered":"Maison &#038; Jardins Claude Monet"},"content":{"rendered":"\t\t<div data-elementor-type=\"wp-page\" data-elementor-id=\"1987\" class=\"elementor elementor-1987\">\n\t\t\t\t<div class=\"elementor-element elementor-element-0c14441 e-flex e-con-boxed e-con e-parent\" data-id=\"0c14441\" data-element_type=\"container\">\n\t\t\t\t\t<div class=\"e-con-inner\">\n\t\t\t\t<div class=\"elementor-element elementor-element-2050466 elementor-widget elementor-widget-spacer\" data-id=\"2050466\" data-element_type=\"widget\" data-widget_type=\"spacer.default\">\n\t\t\t\t<div class=\"elementor-widget-container\">\n\t\t\t\t\t\t\t<div class=\"elementor-spacer\">\n\t\t\t<div class=\"elementor-spacer-inner\"><\/div>\n\t\t<\/div>\n\t\t\t\t\t\t<\/div>\n\t\t\t\t<\/div>\n\t\t\t\t<div class=\"elementor-element elementor-element-480e0ae elementor-widget elementor-widget-spacer\" data-id=\"480e0ae\" data-element_type=\"widget\" data-widget_type=\"spacer.default\">\n\t\t\t\t<div class=\"elementor-widget-container\">\n\t\t\t\t\t\t\t<div class=\"elementor-spacer\">\n\t\t\t<div class=\"elementor-spacer-inner\"><\/div>\n\t\t<\/div>\n\t\t\t\t\t\t<\/div>\n\t\t\t\t<\/div>\n\t\t\t\t<div class=\"elementor-element elementor-element-22a5004 elementor-widget elementor-widget-typography\" data-id=\"22a5004\" data-element_type=\"widget\" data-widget_type=\"typography.default\">\n\t\t\t\t<div class=\"elementor-widget-container\">\n\t\t\t\t\t\n\t<p style=\"text-align:center\" class=\"little  \">Communication<\/p>\n\n\n\n\t\t\t\t<\/div>\n\t\t\t\t<\/div>\n\t\t\t\t<div class=\"elementor-element elementor-element-4e116f6 elementor-widget elementor-widget-typography\" data-id=\"4e116f6\" data-element_type=\"widget\" data-widget_type=\"typography.default\">\n\t\t\t\t<div class=\"elementor-widget-container\">\n\t\t\t\t\t\n\t<h1 style=\"text-align:center\" class=\"text-anime\" >Maison & Jardins <br\/>Claude Monet <\/h1>\n\n\n\n\t\t\t\t<\/div>\n\t\t\t\t<\/div>\n\t\t<div class=\"elementor-element elementor-element-3ec0a89 e-con-full e-flex e-con e-child\" data-id=\"3ec0a89\" data-element_type=\"container\">\n\t\t\t\t<\/div>\n\t\t\t\t\t<\/div>\n\t\t\t\t<\/div>\n\t\t<div class=\"elementor-element elementor-element-492538e e-con-full e-flex elementor-invisible e-con e-parent\" data-id=\"492538e\" data-element_type=\"container\" data-settings=\"{&quot;animation&quot;:&quot;fadeIn&quot;}\">\n\t\t<div class=\"elementor-element elementor-element-d31f0d2 e-con-full e-flex e-con e-child\" data-id=\"d31f0d2\" data-element_type=\"container\">\n\t\t\t\t<div class=\"elementor-element elementor-element-951992d elementor-widget elementor-widget-typography\" data-id=\"951992d\" data-element_type=\"widget\" data-widget_type=\"typography.default\">\n\t\t\t\t<div class=\"elementor-widget-container\">\n\t\t\t\t\t\n\t<h6 style=\"text-align:center\"  >Production <\/h6>\n\n\n\n\t\t\t\t<\/div>\n\t\t\t\t<\/div>\n\t\t\t\t<div class=\"elementor-element elementor-element-70ce38b elementor-widget elementor-widget-typography\" data-id=\"70ce38b\" data-element_type=\"widget\" data-widget_type=\"typography.default\">\n\t\t\t\t<div class=\"elementor-widget-container\">\n\t\t\t\t\t\n\t\t<p style=\"text-align:center\" class=\"custom third \">Web & communication<\/p>\n\t\n\n\n\t\t\t\t<\/div>\n\t\t\t\t<\/div>\n\t\t\t\t<\/div>\n\t\t<div class=\"elementor-element elementor-element-0ef1b25 e-con-full e-flex e-con e-child\" data-id=\"0ef1b25\" data-element_type=\"container\">\n\t\t\t\t<div class=\"elementor-element elementor-element-bf28b99 elementor-widget elementor-widget-typography\" data-id=\"bf28b99\" data-element_type=\"widget\" data-widget_type=\"typography.default\">\n\t\t\t\t<div class=\"elementor-widget-container\">\n\t\t\t\t\t\n\t<h6 style=\"text-align:center\"  >Mission \n<\/h6>\n\n\n\n\t\t\t\t<\/div>\n\t\t\t\t<\/div>\n\t\t\t\t<div class=\"elementor-element elementor-element-fb7b509 elementor-widget elementor-widget-typography\" data-id=\"fb7b509\" data-element_type=\"widget\" data-widget_type=\"typography.default\">\n\t\t\t\t<div class=\"elementor-widget-container\">\n\t\t\t\t\t\n\t\t<p style=\"text-align:center\" class=\"custom third \">Strat\u00e9gie digitale<\/p>\n\t\n\n\n\t\t\t\t<\/div>\n\t\t\t\t<\/div>\n\t\t\t\t<\/div>\n\t\t<div class=\"elementor-element elementor-element-cea5989 e-con-full e-flex e-con e-child\" data-id=\"cea5989\" data-element_type=\"container\">\n\t\t\t\t<div class=\"elementor-element elementor-element-e02eb2a elementor-widget elementor-widget-typography\" data-id=\"e02eb2a\" data-element_type=\"widget\" data-widget_type=\"typography.default\">\n\t\t\t\t<div class=\"elementor-widget-container\">\n\t\t\t\t\t\n\t<h6 style=\"text-align:center\"  >Date<\/h6>\n\n\n\n\t\t\t\t<\/div>\n\t\t\t\t<\/div>\n\t\t\t\t<div class=\"elementor-element elementor-element-bd63c12 elementor-widget elementor-widget-typography\" data-id=\"bd63c12\" data-element_type=\"widget\" data-widget_type=\"typography.default\">\n\t\t\t\t<div class=\"elementor-widget-container\">\n\t\t\t\t\t\n\t\t<p style=\"text-align:center\" class=\"custom third \">Depuis 2015<\/p>\n\t\n\n\n\t\t\t\t<\/div>\n\t\t\t\t<\/div>\n\t\t\t\t<\/div>\n\t\t<div class=\"elementor-element elementor-element-17b2277 e-con-full e-flex e-con e-child\" data-id=\"17b2277\" data-element_type=\"container\">\n\t\t\t\t<div class=\"elementor-element elementor-element-46285db elementor-widget elementor-widget-typography\" data-id=\"46285db\" data-element_type=\"widget\" data-widget_type=\"typography.default\">\n\t\t\t\t<div class=\"elementor-widget-container\">\n\t\t\t\t\t\n\t<h6 style=\"text-align:center\"  >Site web<\/h6>\n\n\n\n\t\t\t\t<\/div>\n\t\t\t\t<\/div>\n\t\t\t\t<div class=\"elementor-element elementor-element-63d84aa elementor-widget elementor-widget-html\" data-id=\"63d84aa\" data-element_type=\"widget\" data-widget_type=\"html.default\">\n\t\t\t\t<div class=\"elementor-widget-container\">\n\t\t\t\t\t<a href=\"https:\/\/claudemonetgiverny.fr\/\" style=\"text-align:center;display:block;\" target=\"_blank\">Claude Monet<\/a>\t\t\t\t<\/div>\n\t\t\t\t<\/div>\n\t\t\t\t<\/div>\n\t\t\t\t<\/div>\n\t\t<div class=\"elementor-element elementor-element-cb0b982 e-con-full e-flex e-con e-parent\" data-id=\"cb0b982\" data-element_type=\"container\">\n\t\t\t\t<div class=\"elementor-element elementor-element-112e07d elementor-widget__width-inherit elementor-widget elementor-widget-video\" data-id=\"112e07d\" data-element_type=\"widget\" data-widget_type=\"video.default\">\n\t\t\t\t<div class=\"elementor-widget-container\">\n\t\t\t\t\t\n\t<div class=\"portfolio-video\">\n\t\t<div class=\"video-wrapper video-anime\">\n\t\t\t<video playsinline loop=\"\" muted=\"\" >\n\t\t\t\t<source src=\"https:\/\/3r-prev.com\/tro25\/wp-content\/uploads\/2025\/02\/home-monet-vf.mp4\" type=\"video\/mp4\">\n\t\t\t<\/video>\n\t\t<\/div>\n\t<\/div>\n\n\t\t\t\t<\/div>\n\t\t\t\t<\/div>\n\t\t\t\t<\/div>\n\t\t<div class=\"elementor-element elementor-element-4a76a75 e-flex e-con-boxed e-con e-parent\" data-id=\"4a76a75\" data-element_type=\"container\">\n\t\t\t\t\t<div class=\"e-con-inner\">\n\t\t\t\t<div class=\"elementor-element elementor-element-6386a36 elementor-widget elementor-widget-typography\" data-id=\"6386a36\" data-element_type=\"widget\" data-widget_type=\"typography.default\">\n\t\t\t\t<div class=\"elementor-widget-container\">\n\t\t\t\t\t\n\t<blockquote class=\"showcase\">\n\t<p style=\"text-align:left\" >Dans l\u2019intimit\u00e9 du ma\u00eetre de l\u2019impressionnisme, <br\/><br\/>\n\nClaude Monet a v\u00e9cu de 1883 \u00e0 1926, soit quarante-trois ans, dans sa maison de Giverny. Passionn\u00e9 par le jardinage autant que par les couleurs, il a con\u00e7u son jardin de fleurs et son jardin d\u2019eau comme de v\u00e9ritables \u0153uvres. En se promenant dans son jardin et dans sa maison, les visiteurs ressentent toujours l\u2019atmosph\u00e8re qui r\u00e9gnait chez le ma\u00eetre de l\u2019impressionnisme et s\u2019\u00e9merveillent devant les compositions de fleurs et devant les nymph\u00e9as qui ont \u00e9t\u00e9 ses sources d\u2019inspiration les plus f\u00e9condes. Propri\u00e9t\u00e9 de l\u2019Acad\u00e9mie des beaux-arts, l'institution attire chaque ann\u00e9e, du 1er avril au 1er novembre, plus de 700 000 visiteurs venus du monde entier.<br\/><br\/>\n\nTroisi\u00e8me Rive accompagne la Maison Claude Monet depuis 2014 pour d\u00e9velopper son e-r\u00e9putation aupr\u00e8s d\u2019une communaut\u00e9 internationale : production web, cr\u00e9ation d\u2019une boutique en ligne, gestion des newsletters, captation et montage vid\u00e9o, direction artistique et m\u00e9diation culturelle.<br\/><br\/> Le site officiel totalise plus d\u2019un million de visite chaque ann\u00e9e, les nombreuses ressources en ligne permettent de cr\u00e9er une r\u00e9currence de visite. <\/p>\n\t<\/blockquote>\n\n\n\n\t\t\t\t<\/div>\n\t\t\t\t<\/div>\n\t\t\t\t\t<\/div>\n\t\t\t\t<\/div>\n\t\t<div class=\"elementor-element elementor-element-ea9625b e-flex e-con-boxed e-con e-parent\" data-id=\"ea9625b\" data-element_type=\"container\">\n\t\t\t\t\t<div class=\"e-con-inner\">\n\t\t\t\t<div class=\"elementor-element elementor-element-8e287d2 elementor-widget elementor-widget-parallax_image\" data-id=\"8e287d2\" data-element_type=\"widget\" data-widget_type=\"parallax_image.default\">\n\t\t\t\t<div class=\"elementor-widget-container\">\n\t\t\t\t\t\n\t\t<div class=\"image-anime parallax-image full-image\">\n\t\t\t<img decoding=\"async\" src=\"https:\/\/3r-prev.com\/tro25\/wp-content\/uploads\/2025\/02\/0038-comp.jpg\" alt=\"\">\n\t\t<\/div>\n\n\t\t\t\t<\/div>\n\t\t\t\t<\/div>\n\t\t\t\t<div class=\"elementor-element elementor-element-d8ebbda elementor-widget__width-initial elementor-widget elementor-widget-typography\" data-id=\"d8ebbda\" data-element_type=\"widget\" data-widget_type=\"typography.default\">\n\t\t\t\t<div class=\"elementor-widget-container\">\n\t\t\t\t\t\n\t<p style=\"text-align:left\" class=\"little  \">Les jardins de Claude Monet sont aussi c\u00e9l\u00e8bres que sa maison et ont \u00e9t\u00e9 une source d\u2019inspiration pour ses \u0153uvres. Le Jardin d\u2019eau, d\u2019influence japonaise, avec son c\u00e9l\u00e8bre pont vert et son \u00e9tang recouvert de n\u00e9nuphars, immortalis\u00e9 sur de nombreux tableaux, notamment dans sa s\u00e9rie des Nymph\u00e9as. <\/p>\n\n\n\n\t\t\t\t<\/div>\n\t\t\t\t<\/div>\n\t\t\t\t\t<\/div>\n\t\t\t\t<\/div>\n\t\t<div class=\"elementor-element elementor-element-011d491 e-con-full e-flex e-con e-parent\" data-id=\"011d491\" data-element_type=\"container\">\n\t\t\t\t<div class=\"elementor-element elementor-element-e0c5661 elementor-widget__width-inherit elementor-widget elementor-widget-parallax_image\" data-id=\"e0c5661\" data-element_type=\"widget\" data-widget_type=\"parallax_image.default\">\n\t\t\t\t<div class=\"elementor-widget-container\">\n\t\t\t\t\t\n\t\t<div class=\"image-anime parallax-image full-image\">\n\t\t\t<img decoding=\"async\" src=\"https:\/\/3r-prev.com\/tro25\/wp-content\/uploads\/2025\/02\/Capture-decran-2025-02-20-a-08.26.56.png\" alt=\"\">\n\t\t<\/div>\n\n\t\t\t\t<\/div>\n\t\t\t\t<\/div>\n\t\t\t\t<div class=\"elementor-element elementor-element-c48e131 elementor-widget elementor-widget-spacer\" data-id=\"c48e131\" data-element_type=\"widget\" data-widget_type=\"spacer.default\">\n\t\t\t\t<div class=\"elementor-widget-container\">\n\t\t\t\t\t\t\t<div class=\"elementor-spacer\">\n\t\t\t<div class=\"elementor-spacer-inner\"><\/div>\n\t\t<\/div>\n\t\t\t\t\t\t<\/div>\n\t\t\t\t<\/div>\n\t\t\t\t<\/div>\n\t\t\t\t<\/div>\n\t\t","protected":false},"excerpt":{"rendered":"<p>Communication Maison &#038; Jardins Claude Monet Production Web &#038; communication Mission Strat\u00e9gie digitale Date Depuis 2015 Site web Claude Monet Dans l\u2019intimit\u00e9 du ma\u00eetre de l\u2019impressionnisme, Claude Monet a v\u00e9cu&#8230;<\/p>\n","protected":false},"author":1,"featured_media":0,"parent":1695,"menu_order":0,"comment_status":"closed","ping_status":"closed","template":"elementor_header_footer","meta":{"_acf_changed":false,"footnotes":""},"class_list":["post-1987","page","type-page","status-publish","hentry"],"acf":[],"_links":{"self":[{"href":"https:\/\/3r-prev.com\/tro25\/wp-json\/wp\/v2\/pages\/1987","targetHints":{"allow":["GET"]}}],"collection":[{"href":"https:\/\/3r-prev.com\/tro25\/wp-json\/wp\/v2\/pages"}],"about":[{"href":"https:\/\/3r-prev.com\/tro25\/wp-json\/wp\/v2\/types\/page"}],"author":[{"embeddable":true,"href":"https:\/\/3r-prev.com\/tro25\/wp-json\/wp\/v2\/users\/1"}],"replies":[{"embeddable":true,"href":"https:\/\/3r-prev.com\/tro25\/wp-json\/wp\/v2\/comments?post=1987"}],"version-history":[{"count":16,"href":"https:\/\/3r-prev.com\/tro25\/wp-json\/wp\/v2\/pages\/1987\/revisions"}],"predecessor-version":[{"id":2089,"href":"https:\/\/3r-prev.com\/tro25\/wp-json\/wp\/v2\/pages\/1987\/revisions\/2089"}],"up":[{"embeddable":true,"href":"https:\/\/3r-prev.com\/tro25\/wp-json\/wp\/v2\/pages\/1695"}],"wp:attachment":[{"href":"https:\/\/3r-prev.com\/tro25\/wp-json\/wp\/v2\/media?parent=1987"}],"curies":[{"name":"wp","href":"https:\/\/api.w.org\/{rel}","templated":true}]}}