{"id":1851,"date":"2025-02-18T10:23:56","date_gmt":"2025-02-18T09:23:56","guid":{"rendered":"https:\/\/3r-prev.com\/tro25\/?page_id=1851"},"modified":"2025-02-19T15:16:32","modified_gmt":"2025-02-19T14:16:32","slug":"galerie-de-jonckheere","status":"publish","type":"page","link":"https:\/\/3r-prev.com\/tro25\/projets\/galerie-de-jonckheere\/","title":{"rendered":"Galerie De Jonckheere"},"content":{"rendered":"\t\t<div data-elementor-type=\"wp-page\" data-elementor-id=\"1851\" class=\"elementor elementor-1851\">\n\t\t\t\t<div class=\"elementor-element elementor-element-0c14441 e-flex e-con-boxed e-con e-parent\" data-id=\"0c14441\" data-element_type=\"container\">\n\t\t\t\t\t<div class=\"e-con-inner\">\n\t\t\t\t<div class=\"elementor-element elementor-element-2050466 elementor-widget elementor-widget-spacer\" data-id=\"2050466\" data-element_type=\"widget\" data-widget_type=\"spacer.default\">\n\t\t\t\t<div class=\"elementor-widget-container\">\n\t\t\t\t\t\t\t<div class=\"elementor-spacer\">\n\t\t\t<div class=\"elementor-spacer-inner\"><\/div>\n\t\t<\/div>\n\t\t\t\t\t\t<\/div>\n\t\t\t\t<\/div>\n\t\t\t\t<div class=\"elementor-element elementor-element-480e0ae elementor-widget elementor-widget-spacer\" data-id=\"480e0ae\" data-element_type=\"widget\" data-widget_type=\"spacer.default\">\n\t\t\t\t<div class=\"elementor-widget-container\">\n\t\t\t\t\t\t\t<div class=\"elementor-spacer\">\n\t\t\t<div class=\"elementor-spacer-inner\"><\/div>\n\t\t<\/div>\n\t\t\t\t\t\t<\/div>\n\t\t\t\t<\/div>\n\t\t\t\t<div class=\"elementor-element elementor-element-22a5004 elementor-widget elementor-widget-typography\" data-id=\"22a5004\" data-element_type=\"widget\" data-widget_type=\"typography.default\">\n\t\t\t\t<div class=\"elementor-widget-container\">\n\t\t\t\t\t\n\t<p style=\"text-align:center\" class=\"little  \">Communication <\/p>\n\n\n\n\t\t\t\t<\/div>\n\t\t\t\t<\/div>\n\t\t\t\t<div class=\"elementor-element elementor-element-4e116f6 elementor-widget elementor-widget-typography\" data-id=\"4e116f6\" data-element_type=\"widget\" data-widget_type=\"typography.default\">\n\t\t\t\t<div class=\"elementor-widget-container\">\n\t\t\t\t\t\n\t<h1 style=\"text-align:center\" class=\"text-anime\" >Galerie de Jonckheere<\/h1>\n\n\n\n\t\t\t\t<\/div>\n\t\t\t\t<\/div>\n\t\t\t\t\t<\/div>\n\t\t\t\t<\/div>\n\t\t<div class=\"elementor-element elementor-element-492538e e-con-full e-flex elementor-invisible e-con e-parent\" data-id=\"492538e\" data-element_type=\"container\" data-settings=\"{&quot;animation&quot;:&quot;fadeIn&quot;}\">\n\t\t<div class=\"elementor-element elementor-element-d31f0d2 e-con-full e-flex e-con e-child\" data-id=\"d31f0d2\" data-element_type=\"container\">\n\t\t\t\t<div class=\"elementor-element elementor-element-951992d elementor-widget elementor-widget-typography\" data-id=\"951992d\" data-element_type=\"widget\" data-widget_type=\"typography.default\">\n\t\t\t\t<div class=\"elementor-widget-container\">\n\t\t\t\t\t\n\t<h6 style=\"text-align:center\"  >Production <\/h6>\n\n\n\n\t\t\t\t<\/div>\n\t\t\t\t<\/div>\n\t\t\t\t<div class=\"elementor-element elementor-element-70ce38b elementor-widget elementor-widget-typography\" data-id=\"70ce38b\" data-element_type=\"widget\" data-widget_type=\"typography.default\">\n\t\t\t\t<div class=\"elementor-widget-container\">\n\t\t\t\t\t\n\t\t<p style=\"text-align:center\" class=\"custom third \">Site web<\/p>\n\t\n\n\n\t\t\t\t<\/div>\n\t\t\t\t<\/div>\n\t\t\t\t<\/div>\n\t\t<div class=\"elementor-element elementor-element-e0b13a1 e-con-full e-flex e-con e-child\" data-id=\"e0b13a1\" data-element_type=\"container\">\n\t\t\t\t<div class=\"elementor-element elementor-element-fc015b0 elementor-widget elementor-widget-typography\" data-id=\"fc015b0\" data-element_type=\"widget\" data-widget_type=\"typography.default\">\n\t\t\t\t<div class=\"elementor-widget-container\">\n\t\t\t\t\t\n\t<h6 style=\"text-align:center\"  >Collaboration \n<\/h6>\n\n\n\n\t\t\t\t<\/div>\n\t\t\t\t<\/div>\n\t\t\t\t<div class=\"elementor-element elementor-element-0d0eb02 elementor-widget elementor-widget-typography\" data-id=\"0d0eb02\" data-element_type=\"widget\" data-widget_type=\"typography.default\">\n\t\t\t\t<div class=\"elementor-widget-container\">\n\t\t\t\t\t\n\t\t<p style=\"text-align:center\" class=\"custom third \">Depuis 2017  <\/p>\n\t\n\n\n\t\t\t\t<\/div>\n\t\t\t\t<\/div>\n\t\t\t\t<\/div>\n\t\t<div class=\"elementor-element elementor-element-0ef1b25 e-con-full e-flex e-con e-child\" data-id=\"0ef1b25\" data-element_type=\"container\">\n\t\t\t\t<div class=\"elementor-element elementor-element-bf28b99 elementor-widget elementor-widget-typography\" data-id=\"bf28b99\" data-element_type=\"widget\" data-widget_type=\"typography.default\">\n\t\t\t\t<div class=\"elementor-widget-container\">\n\t\t\t\t\t\n\t<h6 style=\"text-align:center\"  >Mission \n<\/h6>\n\n\n\n\t\t\t\t<\/div>\n\t\t\t\t<\/div>\n\t\t\t\t<div class=\"elementor-element elementor-element-fb7b509 elementor-widget elementor-widget-typography\" data-id=\"fb7b509\" data-element_type=\"widget\" data-widget_type=\"typography.default\">\n\t\t\t\t<div class=\"elementor-widget-container\">\n\t\t\t\t\t\n\t\t<p style=\"text-align:center\" class=\"custom third \">Communication digitale <\/p>\n\t\n\n\n\t\t\t\t<\/div>\n\t\t\t\t<\/div>\n\t\t\t\t<\/div>\n\t\t<div class=\"elementor-element elementor-element-17b2277 e-con-full e-flex e-con e-child\" data-id=\"17b2277\" data-element_type=\"container\">\n\t\t\t\t<div class=\"elementor-element elementor-element-46285db elementor-widget elementor-widget-typography\" data-id=\"46285db\" data-element_type=\"widget\" data-widget_type=\"typography.default\">\n\t\t\t\t<div class=\"elementor-widget-container\">\n\t\t\t\t\t\n\t<h6 style=\"text-align:center\"  >Site web<\/h6>\n\n\n\n\t\t\t\t<\/div>\n\t\t\t\t<\/div>\n\t\t\t\t<div class=\"elementor-element elementor-element-63d84aa elementor-widget elementor-widget-html\" data-id=\"63d84aa\" data-element_type=\"widget\" data-widget_type=\"html.default\">\n\t\t\t\t<div class=\"elementor-widget-container\">\n\t\t\t\t\t<a href=\"https:\/\/dejonckheere-gallery.com\/\" style=\"text-align:center;display:block;\" target=\"_blank\">dejonckheere-gallery<\/a>\t\t\t\t<\/div>\n\t\t\t\t<\/div>\n\t\t\t\t<\/div>\n\t\t\t\t<\/div>\n\t\t<div class=\"elementor-element elementor-element-cb0b982 e-con-full e-flex e-con e-parent\" data-id=\"cb0b982\" data-element_type=\"container\">\n\t\t\t\t<div class=\"elementor-element elementor-element-1d209aa elementor-widget__width-inherit elementor-widget elementor-widget-parallax_image\" data-id=\"1d209aa\" data-element_type=\"widget\" data-widget_type=\"parallax_image.default\">\n\t\t\t\t<div class=\"elementor-widget-container\">\n\t\t\t\t\t\n\t\t<div class=\"image-anime parallax-image full-image\">\n\t\t\t<img decoding=\"async\" src=\"https:\/\/3r-prev.com\/tro25\/wp-content\/uploads\/2025\/02\/LODJ-0721-v1-52-1.jpg\" alt=\"\">\n\t\t<\/div>\n\n\t\t\t\t<\/div>\n\t\t\t\t<\/div>\n\t\t\t\t<\/div>\n\t\t<div class=\"elementor-element elementor-element-4a76a75 e-flex e-con-boxed e-con e-parent\" data-id=\"4a76a75\" data-element_type=\"container\">\n\t\t\t\t\t<div class=\"e-con-inner\">\n\t\t\t\t<div class=\"elementor-element elementor-element-6386a36 elementor-widget elementor-widget-typography\" data-id=\"6386a36\" data-element_type=\"widget\" data-widget_type=\"typography.default\">\n\t\t\t\t<div class=\"elementor-widget-container\">\n\t\t\t\t\t\n\t<blockquote class=\"showcase\">\n\t<p style=\"text-align:left\" >Sp\u00e9cialis\u00e9e dans l'\u00e9tude et la vente de tableaux flamands du XVe au XVIIe si\u00e8cle, la maison De Jonckheere a fond\u00e9 sa galerie \u00e0 Bruxelles en 1976. Elle a ensuite ouvert une galerie \u00e0 Paris en 1983, puis \u00e0 Gen\u00e8ve en 2011. Ses diff\u00e9rentes collections sont pr\u00e9sent\u00e9es aux connaisseurs les plus exigeants, notamment lors des principales foires d'art internationales. <br\/><br\/>\n\nTroisi\u00e8me Rive accompagne la galerie depuis 2017 pour coordonner et d\u00e9velopper sa pr\u00e9sence en ligne : site internet, gestion des r\u00e9seaux sociaux, direction artistique et strat\u00e9gie \u00e9ditoriale. <\/p>\n\t<\/blockquote>\n\n\n\n\t\t\t\t<\/div>\n\t\t\t\t<\/div>\n\t\t\t\t\t<\/div>\n\t\t\t\t<\/div>\n\t\t<div class=\"elementor-element elementor-element-ea9625b e-flex e-con-boxed e-con e-parent\" data-id=\"ea9625b\" data-element_type=\"container\">\n\t\t\t\t\t<div class=\"e-con-inner\">\n\t\t\t\t<div class=\"elementor-element elementor-element-8e287d2 elementor-widget elementor-widget-parallax_image\" data-id=\"8e287d2\" data-element_type=\"widget\" data-widget_type=\"parallax_image.default\">\n\t\t\t\t<div class=\"elementor-widget-container\">\n\t\t\t\t\t\n\t\t<div class=\"image-anime parallax-image full-image\">\n\t\t\t<img decoding=\"async\" src=\"https:\/\/3r-prev.com\/tro25\/wp-content\/uploads\/2025\/02\/FAB-2024-De-Jonckheere-01-scaled.jpg\" alt=\"\">\n\t\t<\/div>\n\n\t\t\t\t<\/div>\n\t\t\t\t<\/div>\n\t\t\t\t<div class=\"elementor-element elementor-element-d8ebbda elementor-widget__width-initial elementor-widget elementor-widget-typography\" data-id=\"d8ebbda\" data-element_type=\"widget\" data-widget_type=\"typography.default\">\n\t\t\t\t<div class=\"elementor-widget-container\">\n\t\t\t\t\t\n\t<p style=\"text-align:left\" class=\"little  \">Nous avons con\u00e7u, produit et diffus\u00e9 environ 300 publications, 50 vid\u00e9os anim\u00e9es ainsi qu\u2019une centaine de campagnes sur les r\u00e9seaux sociaux. Un soin particulier apport\u00e9 \u00e0 la m\u00e9diation culturelle pour renforcer le positionnement d\u2019expert aupr\u00e8s des professionnels du march\u00e9 de l\u2019art. Ces prises de paroles ont g\u00e9n\u00e9r\u00e9es plus de 2 000 000 d\u2019impressions aupr\u00e8s des amateurs d\u2019art. La diversit\u00e9 des th\u00e9matiques et formats de publication a permis d\u2019augmenter significativement le taux d\u2019engagement sur les comptes officiels. <\/p>\n\n\n\n\t\t\t\t<\/div>\n\t\t\t\t<\/div>\n\t\t\t\t\t<\/div>\n\t\t\t\t<\/div>\n\t\t<div class=\"elementor-element elementor-element-011d491 e-con-full e-flex e-con e-parent\" data-id=\"011d491\" data-element_type=\"container\">\n\t\t\t\t<div class=\"elementor-element elementor-element-e0c5661 elementor-widget__width-inherit elementor-widget elementor-widget-parallax_image\" data-id=\"e0c5661\" data-element_type=\"widget\" data-widget_type=\"parallax_image.default\">\n\t\t\t\t<div class=\"elementor-widget-container\">\n\t\t\t\t\t\n\t\t<div class=\"image-anime parallax-image full-image\">\n\t\t\t<img decoding=\"async\" src=\"https:\/\/3r-prev.com\/tro25\/wp-content\/uploads\/2025\/02\/2024_GRAYSC_Tefaf_DeJonkheere_08.jpg\" alt=\"\">\n\t\t<\/div>\n\n\t\t\t\t<\/div>\n\t\t\t\t<\/div>\n\t\t\t\t<div class=\"elementor-element elementor-element-c48e131 elementor-widget elementor-widget-spacer\" data-id=\"c48e131\" data-element_type=\"widget\" data-widget_type=\"spacer.default\">\n\t\t\t\t<div class=\"elementor-widget-container\">\n\t\t\t\t\t\t\t<div class=\"elementor-spacer\">\n\t\t\t<div class=\"elementor-spacer-inner\"><\/div>\n\t\t<\/div>\n\t\t\t\t\t\t<\/div>\n\t\t\t\t<\/div>\n\t\t\t\t<\/div>\n\t\t<div class=\"elementor-element elementor-element-dcf1e4d e-flex e-con-boxed e-con e-parent\" data-id=\"dcf1e4d\" data-element_type=\"container\">\n\t\t\t\t\t<div class=\"e-con-inner\">\n\t\t<div class=\"elementor-element elementor-element-c24cead e-con-full e-flex e-con e-child\" data-id=\"c24cead\" data-element_type=\"container\">\n\t\t\t\t<div class=\"elementor-element elementor-element-4599d27 elementor-widget elementor-widget-parallax_image\" data-id=\"4599d27\" data-element_type=\"widget\" data-widget_type=\"parallax_image.default\">\n\t\t\t\t<div class=\"elementor-widget-container\">\n\t\t\t\t\t\n\t\t<div class=\"image-anime parallax-image full-image\">\n\t\t\t<img decoding=\"async\" src=\"https:\/\/3r-prev.com\/tro25\/wp-content\/uploads\/2025\/02\/IMG_4251.jpg\" alt=\"\">\n\t\t<\/div>\n\n\t\t\t\t<\/div>\n\t\t\t\t<\/div>\n\t\t\t\t<\/div>\n\t\t<div class=\"elementor-element elementor-element-e62f89b e-con-full e-flex e-con e-child\" data-id=\"e62f89b\" data-element_type=\"container\">\n\t\t\t\t<div class=\"elementor-element elementor-element-c775bc7 elementor-widget elementor-widget-parallax_image\" data-id=\"c775bc7\" data-element_type=\"widget\" data-widget_type=\"parallax_image.default\">\n\t\t\t\t<div class=\"elementor-widget-container\">\n\t\t\t\t\t\n\t\t<div class=\"image-anime parallax-image full-image\">\n\t\t\t<img decoding=\"async\" src=\"https:\/\/3r-prev.com\/tro25\/wp-content\/uploads\/2025\/02\/Isometric-Web-dejonckherre-scaled-1.jpg\" alt=\"\">\n\t\t<\/div>\n\n\t\t\t\t<\/div>\n\t\t\t\t<\/div>\n\t\t\t\t<\/div>\n\t\t\t\t\t<\/div>\n\t\t\t\t<\/div>\n\t\t\t\t<\/div>\n\t\t","protected":false},"excerpt":{"rendered":"<p>Communication Galerie de Jonckheere Production Site web Collaboration Depuis 2017 Mission Communication digitale Site web dejonckheere-gallery Sp\u00e9cialis\u00e9e dans l&rsquo;\u00e9tude et la vente de tableaux flamands du XVe au XVIIe si\u00e8cle,&#8230;<\/p>\n","protected":false},"author":1,"featured_media":0,"parent":1695,"menu_order":0,"comment_status":"closed","ping_status":"closed","template":"elementor_header_footer","meta":{"_acf_changed":false,"footnotes":""},"class_list":["post-1851","page","type-page","status-publish","hentry"],"acf":[],"_links":{"self":[{"href":"https:\/\/3r-prev.com\/tro25\/wp-json\/wp\/v2\/pages\/1851","targetHints":{"allow":["GET"]}}],"collection":[{"href":"https:\/\/3r-prev.com\/tro25\/wp-json\/wp\/v2\/pages"}],"about":[{"href":"https:\/\/3r-prev.com\/tro25\/wp-json\/wp\/v2\/types\/page"}],"author":[{"embeddable":true,"href":"https:\/\/3r-prev.com\/tro25\/wp-json\/wp\/v2\/users\/1"}],"replies":[{"embeddable":true,"href":"https:\/\/3r-prev.com\/tro25\/wp-json\/wp\/v2\/comments?post=1851"}],"version-history":[{"count":16,"href":"https:\/\/3r-prev.com\/tro25\/wp-json\/wp\/v2\/pages\/1851\/revisions"}],"predecessor-version":[{"id":1958,"href":"https:\/\/3r-prev.com\/tro25\/wp-json\/wp\/v2\/pages\/1851\/revisions\/1958"}],"up":[{"embeddable":true,"href":"https:\/\/3r-prev.com\/tro25\/wp-json\/wp\/v2\/pages\/1695"}],"wp:attachment":[{"href":"https:\/\/3r-prev.com\/tro25\/wp-json\/wp\/v2\/media?parent=1851"}],"curies":[{"name":"wp","href":"https:\/\/api.w.org\/{rel}","templated":true}]}}