{"id":1837,"date":"2025-02-18T10:10:20","date_gmt":"2025-02-18T09:10:20","guid":{"rendered":"https:\/\/3r-prev.com\/tro25\/?page_id=1837"},"modified":"2025-02-20T12:41:24","modified_gmt":"2025-02-20T11:41:24","slug":"l-atelier-des-lumieres","status":"publish","type":"page","link":"https:\/\/3r-prev.com\/tro25\/projets\/l-atelier-des-lumieres\/","title":{"rendered":"Atelier des Lumi\u00e8res"},"content":{"rendered":"\t\t<div data-elementor-type=\"wp-page\" data-elementor-id=\"1837\" class=\"elementor elementor-1837\">\n\t\t\t\t<div class=\"elementor-element elementor-element-0c14441 e-flex e-con-boxed e-con e-parent\" data-id=\"0c14441\" data-element_type=\"container\">\n\t\t\t\t\t<div class=\"e-con-inner\">\n\t\t\t\t<div class=\"elementor-element elementor-element-2050466 elementor-widget elementor-widget-spacer\" data-id=\"2050466\" data-element_type=\"widget\" data-widget_type=\"spacer.default\">\n\t\t\t\t<div class=\"elementor-widget-container\">\n\t\t\t\t\t\t\t<div class=\"elementor-spacer\">\n\t\t\t<div class=\"elementor-spacer-inner\"><\/div>\n\t\t<\/div>\n\t\t\t\t\t\t<\/div>\n\t\t\t\t<\/div>\n\t\t\t\t<div class=\"elementor-element elementor-element-480e0ae elementor-widget elementor-widget-spacer\" data-id=\"480e0ae\" data-element_type=\"widget\" data-widget_type=\"spacer.default\">\n\t\t\t\t<div class=\"elementor-widget-container\">\n\t\t\t\t\t\t\t<div class=\"elementor-spacer\">\n\t\t\t<div class=\"elementor-spacer-inner\"><\/div>\n\t\t<\/div>\n\t\t\t\t\t\t<\/div>\n\t\t\t\t<\/div>\n\t\t\t\t<div class=\"elementor-element elementor-element-22a5004 elementor-widget elementor-widget-typography\" data-id=\"22a5004\" data-element_type=\"widget\" data-widget_type=\"typography.default\">\n\t\t\t\t<div class=\"elementor-widget-container\">\n\t\t\t\t\t\n\t<p style=\"text-align:center\" class=\"little  \">Vid\u00e9o  <\/p>\n\n\n\n\t\t\t\t<\/div>\n\t\t\t\t<\/div>\n\t\t\t\t<div class=\"elementor-element elementor-element-4e116f6 elementor-widget elementor-widget-typography\" data-id=\"4e116f6\" data-element_type=\"widget\" data-widget_type=\"typography.default\">\n\t\t\t\t<div class=\"elementor-widget-container\">\n\t\t\t\t\t\n\t<h1 style=\"text-align:center\" class=\"text-anime\" >Atelier des Lumi\u00e8res <\/h1>\n\n\n\n\t\t\t\t<\/div>\n\t\t\t\t<\/div>\n\t\t<div class=\"elementor-element elementor-element-3ec0a89 e-con-full e-flex e-con e-child\" data-id=\"3ec0a89\" data-element_type=\"container\">\n\t\t\t\t<\/div>\n\t\t\t\t\t<\/div>\n\t\t\t\t<\/div>\n\t\t<div class=\"elementor-element elementor-element-492538e e-con-full e-flex elementor-invisible e-con e-parent\" data-id=\"492538e\" data-element_type=\"container\" data-settings=\"{&quot;animation&quot;:&quot;fadeIn&quot;}\">\n\t\t<div class=\"elementor-element elementor-element-d31f0d2 e-con-full e-flex e-con e-child\" data-id=\"d31f0d2\" data-element_type=\"container\">\n\t\t\t\t<div class=\"elementor-element elementor-element-951992d elementor-widget elementor-widget-typography\" data-id=\"951992d\" data-element_type=\"widget\" data-widget_type=\"typography.default\">\n\t\t\t\t<div class=\"elementor-widget-container\">\n\t\t\t\t\t\n\t<h6 style=\"text-align:center\"  >Production <\/h6>\n\n\n\n\t\t\t\t<\/div>\n\t\t\t\t<\/div>\n\t\t\t\t<div class=\"elementor-element elementor-element-70ce38b elementor-widget elementor-widget-typography\" data-id=\"70ce38b\" data-element_type=\"widget\" data-widget_type=\"typography.default\">\n\t\t\t\t<div class=\"elementor-widget-container\">\n\t\t\t\t\t\n\t\t<p style=\"text-align:center\" class=\"custom third \">Vid\u00e9o web + TV <\/p>\n\t\n\n\n\t\t\t\t<\/div>\n\t\t\t\t<\/div>\n\t\t\t\t<\/div>\n\t\t<div class=\"elementor-element elementor-element-e0b13a1 e-con-full e-flex e-con e-child\" data-id=\"e0b13a1\" data-element_type=\"container\">\n\t\t\t\t<div class=\"elementor-element elementor-element-fc015b0 elementor-widget elementor-widget-typography\" data-id=\"fc015b0\" data-element_type=\"widget\" data-widget_type=\"typography.default\">\n\t\t\t\t<div class=\"elementor-widget-container\">\n\t\t\t\t\t\n\t<h6 style=\"text-align:center\"  >Collaboration<\/h6>\n\n\n\n\t\t\t\t<\/div>\n\t\t\t\t<\/div>\n\t\t\t\t<div class=\"elementor-element elementor-element-0d0eb02 elementor-widget elementor-widget-typography\" data-id=\"0d0eb02\" data-element_type=\"widget\" data-widget_type=\"typography.default\">\n\t\t\t\t<div class=\"elementor-widget-container\">\n\t\t\t\t\t\n\t\t<p style=\"text-align:center\" class=\"custom third \">Vincent Bousserez <\/p>\n\t\n\n\n\t\t\t\t<\/div>\n\t\t\t\t<\/div>\n\t\t\t\t<\/div>\n\t\t<div class=\"elementor-element elementor-element-0ef1b25 e-con-full e-flex e-con e-child\" data-id=\"0ef1b25\" data-element_type=\"container\">\n\t\t\t\t<div class=\"elementor-element elementor-element-bf28b99 elementor-widget elementor-widget-typography\" data-id=\"bf28b99\" data-element_type=\"widget\" data-widget_type=\"typography.default\">\n\t\t\t\t<div class=\"elementor-widget-container\">\n\t\t\t\t\t\n\t<h6 style=\"text-align:center\"  >Mission \n<\/h6>\n\n\n\n\t\t\t\t<\/div>\n\t\t\t\t<\/div>\n\t\t\t\t<div class=\"elementor-element elementor-element-fb7b509 elementor-widget elementor-widget-typography\" data-id=\"fb7b509\" data-element_type=\"widget\" data-widget_type=\"typography.default\">\n\t\t\t\t<div class=\"elementor-widget-container\">\n\t\t\t\t\t\n\t\t<p style=\"text-align:center\" class=\"custom third \">Communication digitale <\/p>\n\t\n\n\n\t\t\t\t<\/div>\n\t\t\t\t<\/div>\n\t\t\t\t<\/div>\n\t\t<div class=\"elementor-element elementor-element-cea5989 e-con-full e-flex e-con e-child\" data-id=\"cea5989\" data-element_type=\"container\">\n\t\t\t\t<div class=\"elementor-element elementor-element-e02eb2a elementor-widget elementor-widget-typography\" data-id=\"e02eb2a\" data-element_type=\"widget\" data-widget_type=\"typography.default\">\n\t\t\t\t<div class=\"elementor-widget-container\">\n\t\t\t\t\t\n\t<h6 style=\"text-align:center\"  >Date<\/h6>\n\n\n\n\t\t\t\t<\/div>\n\t\t\t\t<\/div>\n\t\t\t\t<div class=\"elementor-element elementor-element-bd63c12 elementor-widget elementor-widget-typography\" data-id=\"bd63c12\" data-element_type=\"widget\" data-widget_type=\"typography.default\">\n\t\t\t\t<div class=\"elementor-widget-container\">\n\t\t\t\t\t\n\t\t<p style=\"text-align:center\" class=\"custom third \">F\u00e9vrier 2025<\/p>\n\t\n\n\n\t\t\t\t<\/div>\n\t\t\t\t<\/div>\n\t\t\t\t<\/div>\n\t\t<div class=\"elementor-element elementor-element-17b2277 e-con-full e-flex e-con e-child\" data-id=\"17b2277\" data-element_type=\"container\">\n\t\t\t\t<div class=\"elementor-element elementor-element-46285db elementor-widget elementor-widget-typography\" data-id=\"46285db\" data-element_type=\"widget\" data-widget_type=\"typography.default\">\n\t\t\t\t<div class=\"elementor-widget-container\">\n\t\t\t\t\t\n\t<h6 style=\"text-align:center\"  >Site web<\/h6>\n\n\n\n\t\t\t\t<\/div>\n\t\t\t\t<\/div>\n\t\t\t\t<div class=\"elementor-element elementor-element-63d84aa elementor-widget elementor-widget-html\" data-id=\"63d84aa\" data-element_type=\"widget\" data-widget_type=\"html.default\">\n\t\t\t\t<div class=\"elementor-widget-container\">\n\t\t\t\t\t<a href=\"https:\/\/www.atelier-lumieres.com\/fr\" style=\"text-align:center;display:block;\" target=\"_blank\">Atelier des lumi\u00e8res<\/a>\t\t\t\t<\/div>\n\t\t\t\t<\/div>\n\t\t\t\t<\/div>\n\t\t\t\t<\/div>\n\t\t<div class=\"elementor-element elementor-element-cb0b982 e-con-full e-flex e-con e-parent\" data-id=\"cb0b982\" data-element_type=\"container\">\n\t\t\t\t<div class=\"elementor-element elementor-element-112e07d elementor-widget__width-inherit elementor-widget elementor-widget-video\" data-id=\"112e07d\" data-element_type=\"widget\" data-widget_type=\"video.default\">\n\t\t\t\t<div class=\"elementor-widget-container\">\n\t\t\t\t\t\n\t<div class=\"portfolio-video\">\n\t\t<div class=\"video-wrapper video-anime\">\n\t\t\t<video playsinline loop=\"\" muted=\"\" >\n\t\t\t\t<source src=\"https:\/\/3r-prev.com\/tro25\/wp-content\/uploads\/2025\/02\/30s_mix_16-9_v2-1080p.mp4\" type=\"video\/mp4\">\n\t\t\t<\/video>\n\t\t<\/div>\n\t<\/div>\n\n\t\t\t\t<\/div>\n\t\t\t\t<\/div>\n\t\t\t\t<\/div>\n\t\t<div class=\"elementor-element elementor-element-4a76a75 e-flex e-con-boxed e-con e-parent\" data-id=\"4a76a75\" data-element_type=\"container\">\n\t\t\t\t\t<div class=\"e-con-inner\">\n\t\t\t\t<div class=\"elementor-element elementor-element-6386a36 elementor-widget elementor-widget-typography\" data-id=\"6386a36\" data-element_type=\"widget\" data-widget_type=\"typography.default\">\n\t\t\t\t<div class=\"elementor-widget-container\">\n\t\t\t\t\t\n\t<blockquote class=\"showcase\">\n\t<p style=\"text-align:left\" >En 2025 \u00e0 l\u2019Atelier des Lumi\u00e8res, une exposition immersive in\u00e9dite ouvre ses portes et nous plonge dans l\u2019univers foisonnant et \u00e9clectique de Pablo Picasso, v\u00e9ritable onde de choc de l\u2019Histoire de l\u2019art du 20\u00e8me si\u00e8cle. Co-fondateur du cubisme, et consid\u00e9r\u00e9 comme le p\u00e8re de l\u2019art moderne, il d\u00e9dia son travail \u00e0 interroger la perception de la r\u00e9alit\u00e9, remettant en question tous les canons artistiques de son \u00e9poque<br\/><br\/>\n\nTroisi\u00e8me Rive a produit le film publicitaire de l\u2019exposition pour une diffusion web, TV et r\u00e9seaux sociaux. L\u2019enjeu consistait \u00e0 capturer de manie\u0300re authentique les re\u0301actions e\u0301motionnelles des visiteurs face a\u0300 l'expe\u0301rience immersive. Une interaction dynamique entre le re\u0301el et le virtuel pour susciter la curiosit\u00e9 et le d\u00e9sir du public.\n\n<br\/><br\/>Une campagne ambitieuse r\u00e9alis\u00e9e en collaboration avec Vincent Bousserez, en charge de la photographie et de la direction artistique.\n\n <br\/><br\/>\n<a href=\"https:\/\/youtu.be\/ayciPI2jCO0?si=hUlf4k92_4A7Jozz\" data-fancybox=\"video\"><strong style=\"    background-color: transparent;\n    border-radius: 20px;\n    padding: 7px 15px;\n    text-transform: uppercase;\n    font-weight: 700;\n    font-size: 15px;\n    color: #FFF !important;\n    border: 1px solid #fff;\">D\u00e9couvrir la vid\u00e9o<\/strong><\/a>\n<\/p>\n\t<\/blockquote>\n\n\n\n\t\t\t\t<\/div>\n\t\t\t\t<\/div>\n\t\t\t\t\t<\/div>\n\t\t\t\t<\/div>\n\t\t<div class=\"elementor-element elementor-element-ea9625b e-flex e-con-boxed e-con e-parent\" data-id=\"ea9625b\" data-element_type=\"container\">\n\t\t\t\t\t<div class=\"e-con-inner\">\n\t\t\t\t<div class=\"elementor-element elementor-element-8e287d2 elementor-widget elementor-widget-parallax_image\" data-id=\"8e287d2\" data-element_type=\"widget\" data-widget_type=\"parallax_image.default\">\n\t\t\t\t<div class=\"elementor-widget-container\">\n\t\t\t\t\t\n\t\t<div class=\"image-anime parallax-image full-image\">\n\t\t\t<img decoding=\"async\" src=\"https:\/\/3r-prev.com\/tro25\/wp-content\/uploads\/2025\/02\/08-ATELIER-PICASSO-BANDEAU-PAGE-FACEBOOK-1640x924px-EXE.jpg\" alt=\"\">\n\t\t<\/div>\n\n\t\t\t\t<\/div>\n\t\t\t\t<\/div>\n\t\t\t\t<div class=\"elementor-element elementor-element-d8ebbda elementor-widget__width-initial elementor-widget elementor-widget-typography\" data-id=\"d8ebbda\" data-element_type=\"widget\" data-widget_type=\"typography.default\">\n\t\t\t\t<div class=\"elementor-widget-container\">\n\t\t\t\t\t\n\t<p style=\"text-align:left\" class=\"little  \">Cette r\u00e9trospective projet\u00e9e sur les murs de l\u2019Atelier des Lumi\u00e8res, invite \u00e0 observer les diverses techniques que l\u2019artiste s\u2019est amus\u00e9 \u00e0 explorer : la gravure, la sculpture, les papiers-coll\u00e9s, les assemblages, les pliages ou la c\u00e9ramique. Une cr\u00e9ation digitale r\u00e9alis\u00e9e en accord avec Picasso Administration.<\/p>\n\n\n\n\t\t\t\t<\/div>\n\t\t\t\t<\/div>\n\t\t\t\t\t<\/div>\n\t\t\t\t<\/div>\n\t\t<div class=\"elementor-element elementor-element-011d491 e-con-full e-flex e-con e-parent\" data-id=\"011d491\" data-element_type=\"container\">\n\t\t\t\t<div class=\"elementor-element elementor-element-e0c5661 elementor-widget__width-inherit elementor-widget elementor-widget-parallax_image\" data-id=\"e0c5661\" data-element_type=\"widget\" data-widget_type=\"parallax_image.default\">\n\t\t\t\t<div class=\"elementor-widget-container\">\n\t\t\t\t\t\n\t\t<div class=\"image-anime parallax-image full-image\">\n\t\t\t<img decoding=\"async\" src=\"https:\/\/3r-prev.com\/tro25\/wp-content\/uploads\/2025\/02\/09-ATELIER-PICASSO-META-GOOGLE-1920x1080px-EXE-Famille.jpg\" alt=\"\">\n\t\t<\/div>\n\n\t\t\t\t<\/div>\n\t\t\t\t<\/div>\n\t\t\t\t<div class=\"elementor-element elementor-element-c48e131 elementor-widget elementor-widget-spacer\" data-id=\"c48e131\" data-element_type=\"widget\" data-widget_type=\"spacer.default\">\n\t\t\t\t<div class=\"elementor-widget-container\">\n\t\t\t\t\t\t\t<div class=\"elementor-spacer\">\n\t\t\t<div class=\"elementor-spacer-inner\"><\/div>\n\t\t<\/div>\n\t\t\t\t\t\t<\/div>\n\t\t\t\t<\/div>\n\t\t\t\t<\/div>\n\t\t\t\t<\/div>\n\t\t","protected":false},"excerpt":{"rendered":"<p>Vid\u00e9o Atelier des Lumi\u00e8res Production Vid\u00e9o web + TV Collaboration Vincent Bousserez Mission Communication digitale Date F\u00e9vrier 2025 Site web Atelier des lumi\u00e8res En 2025 \u00e0 l\u2019Atelier des Lumi\u00e8res, une&#8230;<\/p>\n","protected":false},"author":1,"featured_media":0,"parent":1695,"menu_order":0,"comment_status":"closed","ping_status":"closed","template":"elementor_header_footer","meta":{"_acf_changed":false,"footnotes":""},"class_list":["post-1837","page","type-page","status-publish","hentry"],"acf":[],"_links":{"self":[{"href":"https:\/\/3r-prev.com\/tro25\/wp-json\/wp\/v2\/pages\/1837","targetHints":{"allow":["GET"]}}],"collection":[{"href":"https:\/\/3r-prev.com\/tro25\/wp-json\/wp\/v2\/pages"}],"about":[{"href":"https:\/\/3r-prev.com\/tro25\/wp-json\/wp\/v2\/types\/page"}],"author":[{"embeddable":true,"href":"https:\/\/3r-prev.com\/tro25\/wp-json\/wp\/v2\/users\/1"}],"replies":[{"embeddable":true,"href":"https:\/\/3r-prev.com\/tro25\/wp-json\/wp\/v2\/comments?post=1837"}],"version-history":[{"count":35,"href":"https:\/\/3r-prev.com\/tro25\/wp-json\/wp\/v2\/pages\/1837\/revisions"}],"predecessor-version":[{"id":2185,"href":"https:\/\/3r-prev.com\/tro25\/wp-json\/wp\/v2\/pages\/1837\/revisions\/2185"}],"up":[{"embeddable":true,"href":"https:\/\/3r-prev.com\/tro25\/wp-json\/wp\/v2\/pages\/1695"}],"wp:attachment":[{"href":"https:\/\/3r-prev.com\/tro25\/wp-json\/wp\/v2\/media?parent=1837"}],"curies":[{"name":"wp","href":"https:\/\/api.w.org\/{rel}","templated":true}]}}