{"id":1663,"date":"2025-02-14T11:48:00","date_gmt":"2025-02-14T10:48:00","guid":{"rendered":"https:\/\/3r-prev.com\/tro25\/?page_id=1663"},"modified":"2025-02-19T15:18:10","modified_gmt":"2025-02-19T14:18:10","slug":"palais-princier-de-monaco","status":"publish","type":"page","link":"https:\/\/3r-prev.com\/tro25\/projets\/palais-princier-de-monaco\/","title":{"rendered":"Palais princier de Monaco"},"content":{"rendered":"\t\t<div data-elementor-type=\"wp-page\" data-elementor-id=\"1663\" class=\"elementor elementor-1663\">\n\t\t\t\t<div class=\"elementor-element elementor-element-0c14441 e-flex e-con-boxed e-con e-parent\" data-id=\"0c14441\" data-element_type=\"container\">\n\t\t\t\t\t<div class=\"e-con-inner\">\n\t\t\t\t<div class=\"elementor-element elementor-element-2050466 elementor-widget elementor-widget-spacer\" data-id=\"2050466\" data-element_type=\"widget\" data-widget_type=\"spacer.default\">\n\t\t\t\t<div class=\"elementor-widget-container\">\n\t\t\t\t\t\t\t<div class=\"elementor-spacer\">\n\t\t\t<div class=\"elementor-spacer-inner\"><\/div>\n\t\t<\/div>\n\t\t\t\t\t\t<\/div>\n\t\t\t\t<\/div>\n\t\t\t\t<div class=\"elementor-element elementor-element-480e0ae elementor-widget elementor-widget-spacer\" data-id=\"480e0ae\" data-element_type=\"widget\" data-widget_type=\"spacer.default\">\n\t\t\t\t<div class=\"elementor-widget-container\">\n\t\t\t\t\t\t\t<div class=\"elementor-spacer\">\n\t\t\t<div class=\"elementor-spacer-inner\"><\/div>\n\t\t<\/div>\n\t\t\t\t\t\t<\/div>\n\t\t\t\t<\/div>\n\t\t\t\t<div class=\"elementor-element elementor-element-22a5004 elementor-widget elementor-widget-typography\" data-id=\"22a5004\" data-element_type=\"widget\" data-widget_type=\"typography.default\">\n\t\t\t\t<div class=\"elementor-widget-container\">\n\t\t\t\t\t\n\t<p style=\"text-align:center\" class=\"little  \">Communication <\/p>\n\n\n\n\t\t\t\t<\/div>\n\t\t\t\t<\/div>\n\t\t\t\t<div class=\"elementor-element elementor-element-4e116f6 elementor-widget elementor-widget-typography\" data-id=\"4e116f6\" data-element_type=\"widget\" data-widget_type=\"typography.default\">\n\t\t\t\t<div class=\"elementor-widget-container\">\n\t\t\t\t\t\n\t<h1 style=\"text-align:center\" class=\"text-anime\" >Palais princier de Monaco<\/h1>\n\n\n\n\t\t\t\t<\/div>\n\t\t\t\t<\/div>\n\t\t<div class=\"elementor-element elementor-element-3ec0a89 e-con-full e-flex e-con e-child\" data-id=\"3ec0a89\" data-element_type=\"container\">\n\t\t\t\t<\/div>\n\t\t\t\t\t<\/div>\n\t\t\t\t<\/div>\n\t\t<div class=\"elementor-element elementor-element-492538e e-con-full e-flex elementor-invisible e-con e-parent\" data-id=\"492538e\" data-element_type=\"container\" data-settings=\"{&quot;animation&quot;:&quot;fadeIn&quot;}\">\n\t\t<div class=\"elementor-element elementor-element-d31f0d2 e-con-full e-flex e-con e-child\" data-id=\"d31f0d2\" data-element_type=\"container\">\n\t\t\t\t<div class=\"elementor-element elementor-element-951992d elementor-widget elementor-widget-typography\" data-id=\"951992d\" data-element_type=\"widget\" data-widget_type=\"typography.default\">\n\t\t\t\t<div class=\"elementor-widget-container\">\n\t\t\t\t\t\n\t<h6 style=\"text-align:center\"  >Production <\/h6>\n\n\n\n\t\t\t\t<\/div>\n\t\t\t\t<\/div>\n\t\t\t\t<div class=\"elementor-element elementor-element-70ce38b elementor-widget elementor-widget-typography\" data-id=\"70ce38b\" data-element_type=\"widget\" data-widget_type=\"typography.default\">\n\t\t\t\t<div class=\"elementor-widget-container\">\n\t\t\t\t\t\n\t\t<p style=\"text-align:center\" class=\"custom third \">Web & r\u00e9seaux sociaux <\/p>\n\t\n\n\n\t\t\t\t<\/div>\n\t\t\t\t<\/div>\n\t\t\t\t<\/div>\n\t\t<div class=\"elementor-element elementor-element-e0b13a1 e-con-full e-flex e-con e-child\" data-id=\"e0b13a1\" data-element_type=\"container\">\n\t\t\t\t<div class=\"elementor-element elementor-element-fc015b0 elementor-widget elementor-widget-typography\" data-id=\"fc015b0\" data-element_type=\"widget\" data-widget_type=\"typography.default\">\n\t\t\t\t<div class=\"elementor-widget-container\">\n\t\t\t\t\t\n\t<h6 style=\"text-align:center\"  >Collaboration<\/h6>\n\n\n\n\t\t\t\t<\/div>\n\t\t\t\t<\/div>\n\t\t\t\t<div class=\"elementor-element elementor-element-0d0eb02 elementor-widget elementor-widget-typography\" data-id=\"0d0eb02\" data-element_type=\"widget\" data-widget_type=\"typography.default\">\n\t\t\t\t<div class=\"elementor-widget-container\">\n\t\t\t\t\t\n\t\t<p style=\"text-align:center\" class=\"custom third \">Agence Observatoire <\/p>\n\t\n\n\n\t\t\t\t<\/div>\n\t\t\t\t<\/div>\n\t\t\t\t<\/div>\n\t\t<div class=\"elementor-element elementor-element-0ef1b25 e-con-full e-flex e-con e-child\" data-id=\"0ef1b25\" data-element_type=\"container\">\n\t\t\t\t<div class=\"elementor-element elementor-element-bf28b99 elementor-widget elementor-widget-typography\" data-id=\"bf28b99\" data-element_type=\"widget\" data-widget_type=\"typography.default\">\n\t\t\t\t<div class=\"elementor-widget-container\">\n\t\t\t\t\t\n\t<h6 style=\"text-align:center\"  >Mission \n<\/h6>\n\n\n\n\t\t\t\t<\/div>\n\t\t\t\t<\/div>\n\t\t\t\t<div class=\"elementor-element elementor-element-fb7b509 elementor-widget elementor-widget-typography\" data-id=\"fb7b509\" data-element_type=\"widget\" data-widget_type=\"typography.default\">\n\t\t\t\t<div class=\"elementor-widget-container\">\n\t\t\t\t\t\n\t\t<p style=\"text-align:center\" class=\"custom third \">Communication digitale <\/p>\n\t\n\n\n\t\t\t\t<\/div>\n\t\t\t\t<\/div>\n\t\t\t\t<\/div>\n\t\t<div class=\"elementor-element elementor-element-cea5989 e-con-full e-flex e-con e-child\" data-id=\"cea5989\" data-element_type=\"container\">\n\t\t\t\t<div class=\"elementor-element elementor-element-e02eb2a elementor-widget elementor-widget-typography\" data-id=\"e02eb2a\" data-element_type=\"widget\" data-widget_type=\"typography.default\">\n\t\t\t\t<div class=\"elementor-widget-container\">\n\t\t\t\t\t\n\t<h6 style=\"text-align:center\"  >Date<\/h6>\n\n\n\n\t\t\t\t<\/div>\n\t\t\t\t<\/div>\n\t\t\t\t<div class=\"elementor-element elementor-element-bd63c12 elementor-widget elementor-widget-typography\" data-id=\"bd63c12\" data-element_type=\"widget\" data-widget_type=\"typography.default\">\n\t\t\t\t<div class=\"elementor-widget-container\">\n\t\t\t\t\t\n\t\t<p style=\"text-align:center\" class=\"custom third \">2023 <\/p>\n\t\n\n\n\t\t\t\t<\/div>\n\t\t\t\t<\/div>\n\t\t\t\t<\/div>\n\t\t<div class=\"elementor-element elementor-element-17b2277 e-con-full e-flex e-con e-child\" data-id=\"17b2277\" data-element_type=\"container\">\n\t\t\t\t<div class=\"elementor-element elementor-element-46285db elementor-widget elementor-widget-typography\" data-id=\"46285db\" data-element_type=\"widget\" data-widget_type=\"typography.default\">\n\t\t\t\t<div class=\"elementor-widget-container\">\n\t\t\t\t\t\n\t<h6 style=\"text-align:center\"  >Site web<\/h6>\n\n\n\n\t\t\t\t<\/div>\n\t\t\t\t<\/div>\n\t\t\t\t<div class=\"elementor-element elementor-element-63d84aa elementor-widget elementor-widget-html\" data-id=\"63d84aa\" data-element_type=\"widget\" data-widget_type=\"html.default\">\n\t\t\t\t<div class=\"elementor-widget-container\">\n\t\t\t\t\t<a href=\" https:\/\/www.visitepalaisdemonaco.com\/\" style=\"text-align:center;display:block;\" target=\"_blank\">visite palais<\/a>\t\t\t\t<\/div>\n\t\t\t\t<\/div>\n\t\t\t\t<\/div>\n\t\t\t\t<\/div>\n\t\t<div class=\"elementor-element elementor-element-cb0b982 e-con-full e-flex e-con e-parent\" data-id=\"cb0b982\" data-element_type=\"container\">\n\t\t\t\t<div class=\"elementor-element elementor-element-1d209aa elementor-widget__width-inherit elementor-widget elementor-widget-parallax_image\" data-id=\"1d209aa\" data-element_type=\"widget\" data-widget_type=\"parallax_image.default\">\n\t\t\t\t<div class=\"elementor-widget-container\">\n\t\t\t\t\t\n\t\t<div class=\"image-anime parallax-image full-image\">\n\t\t\t<img decoding=\"async\" src=\"https:\/\/3r-prev.com\/tro25\/wp-content\/uploads\/2025\/02\/Image-1--scaled.jpg\" alt=\"\">\n\t\t<\/div>\n\n\t\t\t\t<\/div>\n\t\t\t\t<\/div>\n\t\t\t\t<\/div>\n\t\t<div class=\"elementor-element elementor-element-4a76a75 e-flex e-con-boxed e-con e-parent\" data-id=\"4a76a75\" data-element_type=\"container\">\n\t\t\t\t\t<div class=\"e-con-inner\">\n\t\t\t\t<div class=\"elementor-element elementor-element-6386a36 elementor-widget elementor-widget-typography\" data-id=\"6386a36\" data-element_type=\"widget\" data-widget_type=\"typography.default\">\n\t\t\t\t<div class=\"elementor-widget-container\">\n\t\t\t\t\t\n\t<blockquote class=\"showcase\">\n\t<p style=\"text-align:left\" >\u201dIci, l\u2019Histoire s\u2019\u00e9crit encore chaque jour.\u201d S.A.S Albert II. \n<br\/><br\/>\nDissimul\u00e9es aux regards, 600 m2 de fresques de la Renaissance italienne ont \u00e9t\u00e9 d\u00e9couvertes au Palais princier de Monaco depuis 2015. Apr\u00e8s une ambitieuse campagne de conservation et de restauration, le Palais a ouvert ses portes en 2022, d\u00e9voilant ces nouveaux chefs d\u2019oeuvres au public. <br\/><br\/>\n\nTroisi\u00e8me Rive a d\u00e9ploy\u00e9 une strat\u00e9gie de communication digitale pour promouvoir cette d\u00e9couverte exceptionnelle et valoriser l\u2019histoire du Palais princier. Nos missions : r\u00e9alisation du site officiel, cr\u00e9ation et animation des r\u00e9seaux sociaux, direction artistique et strat\u00e9gie \u00e9ditoriale. Une refonte totale de l\u2019identit\u00e9 et du positionnement du Palais princier pour coordonner sa pr\u00e9sence en ligne et valoriser ses richesses patrimoniales. <\/p>\n\t<\/blockquote>\n\n\n\n\t\t\t\t<\/div>\n\t\t\t\t<\/div>\n\t\t\t\t\t<\/div>\n\t\t\t\t<\/div>\n\t\t<div class=\"elementor-element elementor-element-ea9625b e-flex e-con-boxed e-con e-parent\" data-id=\"ea9625b\" data-element_type=\"container\">\n\t\t\t\t\t<div class=\"e-con-inner\">\n\t\t\t\t<div class=\"elementor-element elementor-element-8e287d2 elementor-widget elementor-widget-parallax_image\" data-id=\"8e287d2\" data-element_type=\"widget\" data-widget_type=\"parallax_image.default\">\n\t\t\t\t<div class=\"elementor-widget-container\">\n\t\t\t\t\t\n\t\t<div class=\"image-anime parallax-image full-image\">\n\t\t\t<img decoding=\"async\" src=\"https:\/\/3r-prev.com\/tro25\/wp-content\/uploads\/2025\/02\/Image-2-scaled.jpg\" alt=\"\">\n\t\t<\/div>\n\n\t\t\t\t<\/div>\n\t\t\t\t<\/div>\n\t\t\t\t<div class=\"elementor-element elementor-element-d8ebbda elementor-widget__width-initial elementor-widget elementor-widget-typography\" data-id=\"d8ebbda\" data-element_type=\"widget\" data-widget_type=\"typography.default\">\n\t\t\t\t<div class=\"elementor-widget-container\">\n\t\t\t\t\t\n\t<p style=\"text-align:left\" class=\"little  \">\u00ab  Depuis 10 ans, artisans et restaurateurs d\u2019art progressent millim\u00e8tre par millim\u00e8tre pour faire \u00e9merger les fresques du XVI\u00e8me\u202fsi\u00e8cle. Un travail de patience qui permet de redonner aux galeries, \u00e0 la salle du tr\u00f4ne ainsi qu\u2019aux grands appartements du palais princier les sc\u00e8nes mythologiques color\u00e9es qu\u2019il arborait \u00e0 son commencement. \u00bb <br\/><br\/>Christian Gautier, <br\/>Chef de projet de conservation-restauration des fresques<\/p>\n\n\n\n\t\t\t\t<\/div>\n\t\t\t\t<\/div>\n\t\t\t\t\t<\/div>\n\t\t\t\t<\/div>\n\t\t<div class=\"elementor-element elementor-element-011d491 e-con-full e-flex e-con e-parent\" data-id=\"011d491\" data-element_type=\"container\">\n\t\t\t\t<div class=\"elementor-element elementor-element-e0c5661 elementor-widget__width-inherit elementor-widget elementor-widget-parallax_image\" data-id=\"e0c5661\" data-element_type=\"widget\" data-widget_type=\"parallax_image.default\">\n\t\t\t\t<div class=\"elementor-widget-container\">\n\t\t\t\t\t\n\t\t<div class=\"image-anime parallax-image full-image\">\n\t\t\t<img decoding=\"async\" src=\"https:\/\/3r-prev.com\/tro25\/wp-content\/uploads\/2025\/02\/Image-5--scaled.jpg\" alt=\"\">\n\t\t<\/div>\n\n\t\t\t\t<\/div>\n\t\t\t\t<\/div>\n\t\t\t\t<div class=\"elementor-element elementor-element-c48e131 elementor-widget elementor-widget-spacer\" data-id=\"c48e131\" data-element_type=\"widget\" data-widget_type=\"spacer.default\">\n\t\t\t\t<div class=\"elementor-widget-container\">\n\t\t\t\t\t\t\t<div class=\"elementor-spacer\">\n\t\t\t<div class=\"elementor-spacer-inner\"><\/div>\n\t\t<\/div>\n\t\t\t\t\t\t<\/div>\n\t\t\t\t<\/div>\n\t\t\t\t<\/div>\n\t\t<div class=\"elementor-element elementor-element-dcf1e4d e-flex e-con-boxed e-con e-parent\" data-id=\"dcf1e4d\" data-element_type=\"container\">\n\t\t\t\t\t<div class=\"e-con-inner\">\n\t\t<div class=\"elementor-element elementor-element-c24cead e-con-full e-flex e-con e-child\" data-id=\"c24cead\" data-element_type=\"container\">\n\t\t\t\t<div class=\"elementor-element elementor-element-4599d27 elementor-widget elementor-widget-parallax_image\" data-id=\"4599d27\" data-element_type=\"widget\" data-widget_type=\"parallax_image.default\">\n\t\t\t\t<div class=\"elementor-widget-container\">\n\t\t\t\t\t\n\t\t<div class=\"image-anime parallax-image full-image\">\n\t\t\t<img decoding=\"async\" src=\"https:\/\/3r-prev.com\/tro25\/wp-content\/uploads\/2025\/02\/Image-3-scaled.jpg\" alt=\"\">\n\t\t<\/div>\n\n\t\t\t\t<\/div>\n\t\t\t\t<\/div>\n\t\t\t\t<div class=\"elementor-element elementor-element-c775bc7 elementor-widget elementor-widget-parallax_image\" data-id=\"c775bc7\" data-element_type=\"widget\" data-widget_type=\"parallax_image.default\">\n\t\t\t\t<div class=\"elementor-widget-container\">\n\t\t\t\t\t\n\t\t<div class=\"image-anime parallax-image full-image\">\n\t\t\t<img decoding=\"async\" src=\"https:\/\/3r-prev.com\/tro25\/wp-content\/uploads\/2025\/02\/Image-4.png\" alt=\"\">\n\t\t<\/div>\n\n\t\t\t\t<\/div>\n\t\t\t\t<\/div>\n\t\t\t\t<\/div>\n\t\t<div class=\"elementor-element elementor-element-e62f89b e-con-full e-flex e-con e-child\" data-id=\"e62f89b\" data-element_type=\"container\">\n\t\t\t\t<div class=\"elementor-element elementor-element-14a1841 elementor-widget elementor-widget-video\" data-id=\"14a1841\" data-element_type=\"widget\" data-widget_type=\"video.default\">\n\t\t\t\t<div class=\"elementor-widget-container\">\n\t\t\t\t\t\n\t<div class=\"portfolio-video\">\n\t\t<div class=\"video-wrapper video-anime\">\n\t\t\t<video playsinline loop=\"\" muted=\"\" >\n\t\t\t\t<source src=\"https:\/\/3r-prev.com\/tro25\/wp-content\/uploads\/2025\/02\/Palais-de-Monaco_teaser.mp4\" type=\"video\/mp4\">\n\t\t\t<\/video>\n\t\t<\/div>\n\t<\/div>\n\n\t\t\t\t<\/div>\n\t\t\t\t<\/div>\n\t\t\t\t<\/div>\n\t\t\t\t\t<\/div>\n\t\t\t\t<\/div>\n\t\t\t\t<\/div>\n\t\t","protected":false},"excerpt":{"rendered":"<p>Communication Palais princier de Monaco Production Web &#038; r\u00e9seaux sociaux Collaboration Agence Observatoire Mission Communication digitale Date 2023 Site web visite palais \u201dIci, l\u2019Histoire s\u2019\u00e9crit encore chaque jour.\u201d S.A.S Albert&#8230;<\/p>\n","protected":false},"author":1,"featured_media":0,"parent":1695,"menu_order":0,"comment_status":"closed","ping_status":"closed","template":"elementor_header_footer","meta":{"_acf_changed":false,"footnotes":""},"class_list":["post-1663","page","type-page","status-publish","hentry"],"acf":[],"_links":{"self":[{"href":"https:\/\/3r-prev.com\/tro25\/wp-json\/wp\/v2\/pages\/1663","targetHints":{"allow":["GET"]}}],"collection":[{"href":"https:\/\/3r-prev.com\/tro25\/wp-json\/wp\/v2\/pages"}],"about":[{"href":"https:\/\/3r-prev.com\/tro25\/wp-json\/wp\/v2\/types\/page"}],"author":[{"embeddable":true,"href":"https:\/\/3r-prev.com\/tro25\/wp-json\/wp\/v2\/users\/1"}],"replies":[{"embeddable":true,"href":"https:\/\/3r-prev.com\/tro25\/wp-json\/wp\/v2\/comments?post=1663"}],"version-history":[{"count":63,"href":"https:\/\/3r-prev.com\/tro25\/wp-json\/wp\/v2\/pages\/1663\/revisions"}],"predecessor-version":[{"id":1961,"href":"https:\/\/3r-prev.com\/tro25\/wp-json\/wp\/v2\/pages\/1663\/revisions\/1961"}],"up":[{"embeddable":true,"href":"https:\/\/3r-prev.com\/tro25\/wp-json\/wp\/v2\/pages\/1695"}],"wp:attachment":[{"href":"https:\/\/3r-prev.com\/tro25\/wp-json\/wp\/v2\/media?parent=1663"}],"curies":[{"name":"wp","href":"https:\/\/api.w.org\/{rel}","templated":true}]}}