{"id":1075,"date":"2024-01-08T23:33:51","date_gmt":"2024-01-08T23:33:51","guid":{"rendered":"http:\/\/localhost\/flen-wp\/?page_id=7"},"modified":"2025-02-20T10:25:32","modified_gmt":"2025-02-20T09:25:32","slug":"creative-agency","status":"publish","type":"page","link":"https:\/\/3r-prev.com\/tro25\/","title":{"rendered":"Accueil"},"content":{"rendered":"\t\t<div data-elementor-type=\"wp-page\" data-elementor-id=\"1075\" class=\"elementor elementor-1075\">\n\t\t\t\t<div class=\"elementor-element elementor-element-5accc5c e-con-full e-flex e-con e-parent\" data-id=\"5accc5c\" data-element_type=\"container\" data-settings=\"{&quot;background_background&quot;:&quot;classic&quot;}\">\n\t\t\t\t<div class=\"elementor-element elementor-element-e659aff elementor-widget elementor-widget-perspective_slider\" data-id=\"e659aff\" data-element_type=\"widget\" data-widget_type=\"perspective_slider.default\">\n\t\t\t\t<div class=\"elementor-widget-container\">\n\t\t\t\t\t\n<div class=\"perspective-slider\">\n\t\t\t\t\t\t\t\t\t<div class=\"slide\">\n\t\t\t\t\t\t\t\t\t<a href=\"https:\/\/3r-prev.com\/tro25\/projets\/l-atelier-des-lumieres\/\"  target=&quot;_blank&quot; data-cursor-type=\"arrow\" data-cursor-color=\"\" class=\"image\" style=\"background-image: url();\">\n\t\t\t\t\t\t<div class=\"slider-content\">\n\t\t\t\t\t\t\t<span class=\"category\">video<\/span>\n\t\t\t\t\t\t\t<h1 data-splitting>Atelier des Lumi\u00e8res<\/h1>\n\t\t\t\t\t\t<\/div>\n\t\t\t\t\t\t\t\t\t\t\t\t<div class=\"video-wrapper\">\n\t\t\t\t\t\t\t<video playsinline loop=\"\" muted=\"\" >\n\t\t\t\t\t\t\t\t<source src=\"https:\/\/3r-prev.com\/tro25\/wp-content\/uploads\/2025\/02\/15-sec-Picasso-V2-1.mp4\" type=\"video\/mp4\">\n\t\t\t\t\t\t\t\t\t\t\t\t\t\t\t<\/video>\n\t\t\t\t\t\t<\/div>\n\t\t\t\t\t\t\t\t\t\t\t<\/a>\n\t\t\t\t<\/div>\n\t\t\t\t\t\t\t\t\t\t\t\t\t<div class=\"slide\">\n\t\t\t\t\t\t\t\t\t<a href=\"https:\/\/3r-prev.com\/tro25\/realisations\/galerie-de-jonckheere\/\"  target=&quot;_blank&quot; data-cursor-type=\"arrow\" data-cursor-color=\"\" class=\"image\" style=\"background-image: url(https:\/\/3r-prev.com\/tro25\/wp-content\/uploads\/2025\/02\/frieze.png);\">\n\t\t\t\t\t\t<div class=\"slider-content\">\n\t\t\t\t\t\t\t<span class=\"category\">COMMUNICATION<\/span>\n\t\t\t\t\t\t\t<h1 data-splitting>Dejonckheere<\/h1>\n\t\t\t\t\t\t<\/div>\n\t\t\t\t\t\t\t\t\t\t\t<\/a>\n\t\t\t\t<\/div>\n\t\t\t\t\t\t\t\t\t\t\t\t\t<div class=\"slide\">\n\t\t\t\t\t\t\t\t\t<a href=\"https:\/\/3r-prev.com\/tro25\/realisations\/palais-princier-de-monaco\/\"  target=&quot;_blank&quot; data-cursor-type=\"arrow\" data-cursor-color=\"\" class=\"image\" style=\"background-image: url(https:\/\/3r-prev.com\/tro25\/wp-content\/uploads\/2025\/02\/Capture-decran-2025-02-07-a-11.35.33.png);\">\n\t\t\t\t\t\t<div class=\"slider-content\">\n\t\t\t\t\t\t\t<span class=\"category\">COMMUNICATION<\/span>\n\t\t\t\t\t\t\t<h1 data-splitting>Palais de Monaco<\/h1>\n\t\t\t\t\t\t<\/div>\n\t\t\t\t\t\t\t\t\t\t\t<\/a>\n\t\t\t\t<\/div>\n\t\t\t\t\t\t\t\t\t\t\t\t\t<div class=\"slide\">\n\t\t\t\t\t\t\t\t\t<a href=\"https:\/\/3r-prev.com\/tro25\/projets\/artcurial\/\"  target=&quot;_blank&quot; data-cursor-type=\"arrow\" data-cursor-color=\"\" class=\"image\" style=\"background-image: url();\">\n\t\t\t\t\t\t<div class=\"slider-content\">\n\t\t\t\t\t\t\t<span class=\"category\">VIDEO<\/span>\n\t\t\t\t\t\t\t<h1 data-splitting>Artcurial<\/h1>\n\t\t\t\t\t\t<\/div>\n\t\t\t\t\t\t\t\t\t\t\t\t<div class=\"video-wrapper\">\n\t\t\t\t\t\t\t<video playsinline loop=\"\" muted=\"\" >\n\t\t\t\t\t\t\t\t<source src=\"https:\/\/3r-prev.com\/tro25\/wp-content\/uploads\/2025\/02\/Artcurial-20-ans-Fcut.mp4\" type=\"video\/mp4\">\n\t\t\t\t\t\t\t\t\t\t\t\t\t\t\t<\/video>\n\t\t\t\t\t\t<\/div>\n\t\t\t\t\t\t\t\t\t\t\t<\/a>\n\t\t\t\t<\/div>\n\t\t\t\t\t\t\t\t\t\t\t\t\t<div class=\"slide\">\n\t\t\t\t\t\t\t\t\t<a href=\"https:\/\/3r-prev.com\/tro25\/projets\/maison-et-jardins-claude-monet\/\"  target=&quot;_blank&quot; data-cursor-type=\"arrow\" data-cursor-color=\"\" class=\"image\" style=\"background-image: url();\">\n\t\t\t\t\t\t<div class=\"slider-content\">\n\t\t\t\t\t\t\t<span class=\"category\">COMMUNICATION<\/span>\n\t\t\t\t\t\t\t<h1 data-splitting>Claude Monet<\/h1>\n\t\t\t\t\t\t<\/div>\n\t\t\t\t\t\t\t\t\t\t\t\t<div class=\"video-wrapper\">\n\t\t\t\t\t\t\t<video playsinline loop=\"\" muted=\"\" >\n\t\t\t\t\t\t\t\t<source src=\"https:\/\/3r-prev.com\/tro25\/wp-content\/uploads\/2025\/02\/home-monet-vf.mp4\" type=\"video\/mp4\">\n\t\t\t\t\t\t\t\t\t\t\t\t\t\t\t<\/video>\n\t\t\t\t\t\t<\/div>\n\t\t\t\t\t\t\t\t\t\t\t<\/a>\n\t\t\t\t<\/div>\n\t\t\t\t\t\t\t\t<\/div>\n\n\t\t<div class=\"slider-bottom pers-bottom\">\n                <div class=\"row\">\n                    <div class=\"col-6\">\n\t\t\t\t\t\t                        <a href=\"#target\" class=\"scroll-to-explore pers-redirect\" data-duration=\"2000\">\n                            <span data-hover=\"Scroll to Explore\">Scroll to Explore<\/span>\n                            <i class=\"ri-arrow-right-down-line\"><\/i>\n                        <\/a>\n\t\t\t\t\t\t                    <\/div>\n                    <div class=\"col-6 align-right\">\n\t\t\t\t\t\t                        <div class=\"slide-number-wrap\">\n                            <div class=\"slide-numbers pers\"><\/div>\n                            <div class=\"total-slide\"><\/div>\n                        <\/div>\n\t\t\t\t\t\t                    <\/div>\n                <\/div>\n            <\/div>\n\n\t\t\t\t<\/div>\n\t\t\t\t<\/div>\n\t\t\t\t<\/div>\n\t\t<div class=\"elementor-element elementor-element-754f30f e-con-full e-flex e-con e-parent\" data-id=\"754f30f\" data-element_type=\"container\" data-settings=\"{&quot;background_background&quot;:&quot;classic&quot;}\">\n\t\t\t\t<div class=\"elementor-element elementor-element-840e115 elementor-widget elementor-widget-typography\" data-id=\"840e115\" data-element_type=\"widget\" data-widget_type=\"typography.default\">\n\t\t\t\t<div class=\"elementor-widget-container\">\n\t\t\t\t\t\n\t<p style=\"text-align:center\" class=\"little text-anime \">IDENTITE & ADN <\/p>\n\n\n\n\t\t\t\t<\/div>\n\t\t\t\t<\/div>\n\t\t\t\t<div class=\"elementor-element elementor-element-38ad2a6 elementor-widget elementor-widget-typography\" data-id=\"38ad2a6\" data-element_type=\"widget\" data-widget_type=\"typography.default\">\n\t\t\t\t<div class=\"elementor-widget-container\">\n\t\t\t\t\t\n\t<h2 style=\"text-align:center\" class=\"text-anime\" >Troisi\u00e8me Rive, <br\/>Agence digitale Art & Culture \n<\/h2>\n\n\n\n\t\t\t\t<\/div>\n\t\t\t\t<\/div>\n\t\t<div class=\"elementor-element elementor-element-ed3be12 e-flex e-con-boxed e-con e-child\" data-id=\"ed3be12\" data-element_type=\"container\">\n\t\t\t\t\t<div class=\"e-con-inner\">\n\t\t\t\t<div class=\"elementor-element elementor-element-90ee414 elementor-widget elementor-widget-typography\" data-id=\"90ee414\" data-element_type=\"widget\" data-widget_type=\"typography.default\">\n\t\t\t\t<div class=\"elementor-widget-container\">\n\t\t\t\t\t\n\t<p style=\"text-align:center\" class=\"text-anime\" >Fond\u00e9e en 2014, Troisi\u00e8me Rive accompagne les galeries d\u2019art, mus\u00e9es, foires, salons, et maison de ventes dans leur strat\u00e9gie de communication. Nous concevons et d\u00e9ployons des campagnes digitales pour susciter de l\u2019int\u00e9r\u00eat et de l\u2019\u00e9motion autour des artistes et de leurs oeuvres. Notre approche consiste \u00e0 s\u00e9duire plut\u00f4t que de s\u2019imposer aupr\u00e8s d\u2019une audience passionn\u00e9e et esth\u00e8te. A l\u2019oppos\u00e9 de la publicit\u00e9 rationnelle et intrusive, nous pla\u00e7ons la m\u00e9diation culturelle au centre de nos r\u00e9alisations.<\/p>\n\n\n\n\t\t\t\t<\/div>\n\t\t\t\t<\/div>\n\t\t\t\t\t<\/div>\n\t\t\t\t<\/div>\n\t\t\t\t<div class=\"elementor-element elementor-element-5e5c0db elementor-widget elementor-widget-parallax_image\" data-id=\"5e5c0db\" data-element_type=\"widget\" data-widget_type=\"parallax_image.default\">\n\t\t\t\t<div class=\"elementor-widget-container\">\n\t\t\t\t\t\n<div class=\"spacer-120 spacer-md-60 spacer-sm-30\"><\/div>\n\t\t<div class=\"image-anime parallax-image full-image\">\n\t\t\t<img decoding=\"async\" src=\"https:\/\/3r-prev.com\/tro25\/wp-content\/uploads\/2025\/02\/Leo-Caillard-Hipsters-20s-jdp-2web-gigapixel-high-fidelity-v2-2x.png\" alt=\"\">\n\t\t<\/div>\n\n\t\t\t\t<\/div>\n\t\t\t\t<\/div>\n\t\t\t\t<div class=\"elementor-element elementor-element-9c5c9c7 elementor-widget elementor-widget-services_1\" data-id=\"9c5c9c7\" data-element_type=\"widget\" data-widget_type=\"services_1.default\">\n\t\t\t\t<div class=\"elementor-widget-container\">\n\t\t\t\t\t\n\n<div class=\"services-1\">\n\t<div class=\"spacer-150 spacer-md-120 spacer-sm-60\"><\/div>\n\t\t<div class=\"row g-5\">\n\t\t\t<div class=\"col-xl-5 no-gutter\">\n\t\t\t\t<div class=\"image-anime parallax-image  \">\n\t\t\t\t\t<img decoding=\"async\" src=\"https:\/\/3r-prev.com\/tro25\/wp-content\/uploads\/2025\/02\/la-sculpture-hors-du-temps-par-leo-caillard-1.jpg\" alt=\"\">\n\t\t\t\t<\/div>\n\t\t\t<\/div>\n\t\t\t<div class=\"col-xl-6 offset-xl-1 no-margin\">\n\t\t\t\t<div class=\"spacer-15 spacer-sm-60\"><\/div>\n\t\t\t\t<div class=\"section-title\">\n\t\t\t\t\t<span class=\"subheading text-anime\">NOS METIERS <\/span>\n\t\t\t\t\t<div class=\"spacer-30 spacer-md-15\"><\/div>\n\t\t\t\t\t<h3 class=\"text-anime\">S\u00e9duire et convaincre <br\/>\nles amateurs d\u2019art<\/h3>\n\t\t\t\t<\/div>\n\t\t\t\t<div class=\"row\">\n\t\t\t\t\t<div class=\"col-xl-11 offset-xl-1 accordion\">\n\t\t\t\t\t\t<div class=\"spacer-45 spacer-sm-30\"><\/div>\n\t\t\t\t\t\t\t\t\t\t\t\t\t\t\t<div class=\"accordion-title\">\n\t\t\t\t\t\t\t\t\t<div class=\"spacer-30\"><\/div>\n\t\t\t\t\t\t\t\t\t<div class=\"text-anime\">Communication digitale <\/div>\n\t\t\t\t\t\t\t\t\t<p class=\"little\">Nous r\u00e9alisons un audit d\u00e9taill\u00e9 de votre e-reputation pour d\u00e9finir votre pr\u00e9sence en ligne : web, r\u00e9seaux sociaux, r\u00e9f\u00e9rencement. Nous concevons un plan de communication pour promouvoir vos actualit\u00e9s, valoriser vos artistes et diffuser leurs oeuvres. Nous vous accompagnons \u00e0 chaque \u00e9tape, de la d\u00e9finition de la strat\u00e9gie \u00e0 la diffusion de la campagne, incluant la productions des contenus. \t\t\t\t\t\t\t\t\t<div class=\"spacer-30\"><\/div>\n\t\t\t\t\t\t\t\t\t<hr>\n\t\t\t\t\t\t\t\t<\/div>\n\t\t\t\t\t\t\t\t\t\t\t\t\t\t\t<div class=\"accordion-title\">\n\t\t\t\t\t\t\t\t\t<div class=\"spacer-30\"><\/div>\n\t\t\t\t\t\t\t\t\t<div class=\"text-anime\">Production vid\u00e9os <\/div>\n\t\t\t\t\t\t\t\t\t<p class=\"little\">Nous produisons des contenus qui se d\u00e9marquent, avec un grand potentiel narratif et un fort impact \u00e9motionnel. Captation photo & vid\u00e9o, retouches et post-production d\u00e9clinables pour diff\u00e9rents supports : impression, web, TV et r\u00e9seaux sociaux.  Media de pr\u00e9dilection des amateurs d\u2019art, la vid\u00e9o permet de surprendre, s\u00e9duire et convaincre vos diff\u00e9rents publics.\t\t\t\t\t\t\t\t\t<div class=\"spacer-30\"><\/div>\n\t\t\t\t\t\t\t\t\t<hr>\n\t\t\t\t\t\t\t\t<\/div>\n\t\t\t\t\t\t\t\t\t\t\t\t\t\t\t<div class=\"accordion-title\">\n\t\t\t\t\t\t\t\t\t<div class=\"spacer-30\"><\/div>\n\t\t\t\t\t\t\t\t\t<div class=\"text-anime\">R\u00e9seaux sociaux <\/div>\n\t\t\t\t\t\t\t\t\t<p class=\"little\">Nous g\u00e9rons et animons vos comptes officiels pour susciter l\u2019int\u00e9r\u00eat et l'engagement de vos abonn\u00e9s. Nous dynamisons votre ligne \u00e9ditoriale en apportant un soin particulier \u00e0 la m\u00e9diation culturelle. La cr\u00e9ation de contenus exclusifs et originaux permet d'\u00e9veiller la curiosit\u00e9 et toucher la sensibilit\u00e9 par des formes plus narratives et artistiques,\t\t\t\t\t\t\t\t\t<div class=\"spacer-30\"><\/div>\n\t\t\t\t\t\t\t\t\t<hr>\n\t\t\t\t\t\t\t\t<\/div>\n\t\t\t\t\t\t\t\t\t\t\t\t\t\t\t<div class=\"accordion-title\">\n\t\t\t\t\t\t\t\t\t<div class=\"spacer-30\"><\/div>\n\t\t\t\t\t\t\t\t\t<div class=\"text-anime\">Conception web <\/div>\n\t\t\t\t\t\t\t\t\t<p class=\"little\">Nous concevons des interfaces \u00e9l\u00e9gantes et intemporelles \u00e0 destination des amateurs d\u2019art. Nous travaillons exclusivement avec WordPress, une plateforme souple et \u00e9volutive facilitant l\u2019ajout de fonctionnalit\u00e9s. Le site internet demeure le point de convergence de vos actions de communication, vitrine internationale de votre activit\u00e9. \t\t\t\t\t\t\t\t\t<div class=\"spacer-30\"><\/div>\n\t\t\t\t\t\t\t\t\t<hr>\n\t\t\t\t\t\t\t\t<\/div>\n\t\t\t\t\t\t\t\t\t\t\t\t<\/div>\n\t\t\t\t<\/div>\n\t\t\t<\/div>\n\t\t<\/div>\n<\/div>\n\n\t\t\t\t<\/div>\n\t\t\t\t<\/div>\n\t\t\t\t<\/div>\n\t\t<div class=\"elementor-element elementor-element-bf8195d e-flex e-con-boxed e-con e-parent\" data-id=\"bf8195d\" data-element_type=\"container\">\n\t\t\t\t\t<div class=\"e-con-inner\">\n\t\t<div class=\"elementor-element elementor-element-38042b5 e-con-full e-flex e-con e-child\" data-id=\"38042b5\" data-element_type=\"container\">\n\t\t\t\t<div class=\"elementor-element elementor-element-abda696 elementor-widget elementor-widget-counter\" data-id=\"abda696\" data-element_type=\"widget\" data-widget_type=\"counter.default\">\n\t\t\t\t<div class=\"elementor-widget-container\">\n\t\t\t\t\t\n\n<div class=\"agency-counter\">\n\t<!-- Number -->\n\t<div class=\"counter\">\n\t\t<div class=\"count-number\">121<\/div>\n\t\t<div class=\"right-side\">\n\t\t\t<div class=\"plus\"><span>+<\/span><\/div>\n\t\t\t<div class=\"counter-title\"><span>PROJETS<\/span><\/div>\n\t\t<\/div>\n\t<\/div>\n<\/div>\n\n\t\t\t\t<\/div>\n\t\t\t\t<\/div>\n\t\t\t\t<\/div>\n\t\t<div class=\"elementor-element elementor-element-86228c0 e-con-full e-flex e-con e-child\" data-id=\"86228c0\" data-element_type=\"container\">\n\t\t\t\t<div class=\"elementor-element elementor-element-fabfdd8 elementor-widget elementor-widget-counter\" data-id=\"fabfdd8\" data-element_type=\"widget\" data-widget_type=\"counter.default\">\n\t\t\t\t<div class=\"elementor-widget-container\">\n\t\t\t\t\t\n\n<div class=\"agency-counter\">\n\t<!-- Number -->\n\t<div class=\"counter\">\n\t\t<div class=\"count-number\">65<\/div>\n\t\t<div class=\"right-side\">\n\t\t\t<div class=\"plus\"><span>+<\/span><\/div>\n\t\t\t<div class=\"counter-title\"><span>CLIENTS<\/span><\/div>\n\t\t<\/div>\n\t<\/div>\n<\/div>\n\n\t\t\t\t<\/div>\n\t\t\t\t<\/div>\n\t\t\t\t<\/div>\n\t\t<div class=\"elementor-element elementor-element-8244907 e-con-full e-flex e-con e-child\" data-id=\"8244907\" data-element_type=\"container\">\n\t\t\t\t<div class=\"elementor-element elementor-element-5017e57 elementor-widget elementor-widget-counter\" data-id=\"5017e57\" data-element_type=\"widget\" data-widget_type=\"counter.default\">\n\t\t\t\t<div class=\"elementor-widget-container\">\n\t\t\t\t\t\n\n<div class=\"agency-counter\">\n\t<!-- Number -->\n\t<div class=\"counter\">\n\t\t<div class=\"count-number\">9,8 M<\/div>\n\t\t<div class=\"right-side\">\n\t\t\t<div class=\"plus\"><span>+<\/span><\/div>\n\t\t\t<div class=\"counter-title\"><span>VUES VIDEOS  <\/span><\/div>\n\t\t<\/div>\n\t<\/div>\n<\/div>\n\n\t\t\t\t<\/div>\n\t\t\t\t<\/div>\n\t\t\t\t<\/div>\n\t\t\t\t\t<\/div>\n\t\t\t\t<\/div>\n\t\t<div class=\"elementor-element elementor-element-85bd8b1 e-flex e-con-boxed e-con e-parent\" data-id=\"85bd8b1\" data-element_type=\"container\">\n\t\t\t\t\t<div class=\"e-con-inner\">\n\t\t\t\t<div class=\"elementor-element elementor-element-88c8a4f elementor-widget elementor-widget-clients\" data-id=\"88c8a4f\" data-element_type=\"widget\" data-widget_type=\"clients.default\">\n\t\t\t\t<div class=\"elementor-widget-container\">\n\t\t\t\t\t\n\n<div class=\"clients\">\n\t<div class=\"spacer-150 spacer-md-120 spacer-sm-60\"><\/div>\n\t<div class=\"row\">\n\t\t<div class=\"col-xl-4 col-12 offset-xl-1\">\n\t\t\t<div class=\"section-title\">\n\t\t\t\t<span class=\"subheading text-anime\">COLLABORATIONS <\/span>\n\t\t\t\t<div class=\"spacer-30 spacer-md-15\"><\/div>\n\t\t\t\t<h3 class=\"text-anime\">Nos belles histoires <\/h3>\n\t\t\t\t<div class=\"spacer-0 spacer-sm-15\"><\/div>\n\t\t\t<\/div>\n\t\t<\/div>\n\t\t<div class=\"col-xl-5 col-12 offset-xl-1\">\n\t\t\t<div class=\"spacer-120 spacer-sm-30\"><\/div>\n\t\t\t<div class=\"row\">\n\t\t\t\t\t\t\t<div class=\"col-6 client clip-animation from-right\"><img decoding=\"async\" src=\"https:\/\/3r-prev.com\/tro25\/wp-content\/uploads\/2025\/02\/logo-artcurial.png\" alt=\"\"><\/div>\n\t\t\t\t\t\t\t<div class=\"col-6 client clip-animation from-right\"><img decoding=\"async\" src=\"https:\/\/3r-prev.com\/tro25\/wp-content\/uploads\/2025\/02\/fondation-monet.png\" alt=\"\"><\/div>\n\t\t\t\t\t\t\t<div class=\"col-6 client clip-animation from-right\"><img decoding=\"async\" src=\"https:\/\/3r-prev.com\/tro25\/wp-content\/uploads\/2025\/02\/logo-helen-bailly.png\" alt=\"\"><\/div>\n\t\t\t\t\t\t\t<div class=\"col-6 client clip-animation from-right\"><img decoding=\"async\" src=\"https:\/\/3r-prev.com\/tro25\/wp-content\/uploads\/2025\/02\/atelier.png\" alt=\"\"><\/div>\n\t\t\t\t\t\t\t<div class=\"col-6 client clip-animation from-right\"><img decoding=\"async\" src=\"https:\/\/3r-prev.com\/tro25\/wp-content\/uploads\/2025\/02\/princier-gigapixel-high-fidelity-v2-2x.png\" alt=\"\"><\/div>\n\t\t\t\t\t\t\t<div class=\"col-6 client clip-animation from-right\"><img decoding=\"async\" src=\"https:\/\/3r-prev.com\/tro25\/wp-content\/uploads\/2025\/02\/logo-gdj.png\" alt=\"\"><\/div>\n\t\t\t\t\t\t<\/div>\n\t\t<\/div>\n\t<\/div>\n<\/div>\n\n\n\t\t\t\t<\/div>\n\t\t\t\t<\/div>\n\t\t\t\t\t<\/div>\n\t\t\t\t<\/div>\n\t\t<div class=\"elementor-element elementor-element-688b41e e-con-full e-flex e-con e-parent\" data-id=\"688b41e\" data-element_type=\"container\">\n\t\t\t\t<div class=\"elementor-element elementor-element-3e3c446 elementor-widget elementor-widget-blog_list\" data-id=\"3e3c446\" data-element_type=\"widget\" data-widget_type=\"blog_list.default\">\n\t\t\t\t<div class=\"elementor-widget-container\">\n\t\t\t\t\t\n<div class=\"news-type-1\">\n\t<div class=\"container\">\n\t\t<div class=\"spacer-150 spacer-md-90 spacer-sm-60\"><\/div>\n\t\t<div class=\"section-title\">\n\t\t\t<span class=\"subheading text-anime\">FOCUS<\/span>\n\t\t\t<h3 class=\"text-anime mt-4\">Nos derni\u00e8res <br\/>actualit\u00e9s<\/h3>\n\t\t<\/div>\n\t\t<div class=\"spacer-60 spacer-md-30 spacer-sm-0\"><\/div>\n\t\t<div class=\"news-wrapper\">\n\t\t\n\t\t\t\t\t\t\t<div class=\"row g-0 news-item\">\n\t\t\t\t\t<div class=\"col-xl-8 col-12\">\n\t\t\t\t\t\t<div class=\"categories text-anime\">\n\t\t\t\t\t\t\t\t\n\t\t\t\t\t\t\t\t<a href=\"#\" class=\"subheading\">Production vid\u00e9o<\/a>\n\t\t\t\t\t\t\t\t\t\t\t\t\t<\/div>\n\t\t\t\t\t\t<div class=\"spacer-15\"><\/div>\n\t\t\t\t\t\t<a href=\"https:\/\/3r-prev.com\/tro25\/exposition-picasso-atelier-des-lumieres\/\"><h6 class=\"title text-anime\">Exposition Picasso \u00e0 l\u2019Atelier des Lumi\u00e8res<\/h6><\/a>\n\t\t\t\t\t\t<p class=\"text-anime\">En 2025 \u00e0 l\u2019Atelier des Lumi\u00e8res, une exposition immersive in\u00e9dite ouvre ses portes et nous plonge dans l\u2019univers foisonnant et \u00e9clectique de Pablo Picasso<\/p>\n\t\t\t\t\t<\/div>\n\t\t\t\t\t<div class=\"col-xl-4 col-12 date-wrapper\">\n\t\t\t\t\t\t<div class=\"date text-anime\">8 janvier 2024<\/div>\n\t\t\t\t\t\t\t\t\t\t\t\t<a href=\"https:\/\/3r-prev.com\/tro25\/exposition-picasso-atelier-des-lumieres\/\" class=\"news-image\">\n\t\t\t\t\t\t\t<img decoding=\"async\" src=\"https:\/\/3r-prev.com\/tro25\/wp-content\/uploads\/2024\/01\/picasso.jpg\" alt=\"blog \">\n\t\t\t\t\t\t<\/a>\n\t\t\t\t\t\t\t\t\t\t\t<\/div>\n\t\t\t\t<\/div>\n\t\t\t\t\t\t\t<div class=\"row g-0 news-item\">\n\t\t\t\t\t<div class=\"col-xl-8 col-12\">\n\t\t\t\t\t\t<div class=\"categories text-anime\">\n\t\t\t\t\t\t\t\t\n\t\t\t\t\t\t\t\t<a href=\"#\" class=\"subheading\">Communication digitale<\/a>\n\t\t\t\t\t\t\t\t\t\t\t\t\t<\/div>\n\t\t\t\t\t\t<div class=\"spacer-15\"><\/div>\n\t\t\t\t\t\t<a href=\"https:\/\/3r-prev.com\/tro25\/inauguration-de-comite-matingon-saint-honore\/\"><h6 class=\"title text-anime\">Inauguration du comit\u00e9 Matignon Saint-Honor\u00e9<\/h6><\/a>\n\t\t\t\t\t\t<p class=\"text-anime\">Cre\u0301e\u0301e pour informer et soutenir ses membres, le comit\u00e9 f\u00e9d\u00e8re 31 galeries d\u2019art ancien, moderne, contemporain et de design, de premier ou de second march\u00e9, situ\u00e9es dans ce quartier historique.<\/p>\n\t\t\t\t\t<\/div>\n\t\t\t\t\t<div class=\"col-xl-4 col-12 date-wrapper\">\n\t\t\t\t\t\t<div class=\"date text-anime\">8 janvier 2024<\/div>\n\t\t\t\t\t\t\t\t\t\t\t\t<a href=\"https:\/\/3r-prev.com\/tro25\/inauguration-de-comite-matingon-saint-honore\/\" class=\"news-image\">\n\t\t\t\t\t\t\t<img decoding=\"async\" src=\"https:\/\/3r-prev.com\/tro25\/wp-content\/uploads\/2024\/01\/2.-Matignon-scaled.jpg\" alt=\"blog \">\n\t\t\t\t\t\t<\/a>\n\t\t\t\t\t\t\t\t\t\t\t<\/div>\n\t\t\t\t<\/div>\n\t\t\t\t\t\t\t<div class=\"row g-0 news-item\">\n\t\t\t\t\t<div class=\"col-xl-8 col-12\">\n\t\t\t\t\t\t<div class=\"categories text-anime\">\n\t\t\t\t\t\t\t\t\n\t\t\t\t\t\t\t\t<a href=\"#\" class=\"subheading\">Site internet<\/a>\n\t\t\t\t\t\t\t\t\t\t\t\t\t<\/div>\n\t\t\t\t\t\t<div class=\"spacer-15\"><\/div>\n\t\t\t\t\t\t<a href=\"https:\/\/3r-prev.com\/tro25\/reouverture-de-la-maison-de-claude-monet\/\"><h6 class=\"title text-anime\">R\u00e9ouverture de la maison de Claude Monet<\/h6><\/a>\n\t\t\t\t\t\t<p class=\"text-anime\">Deuxi\u00e8me site touristique le plus fr\u00e9quent\u00e9 de Normandie, la maison et les jardins de Claude Monet \u00e0 Giverny attirent, du 1er avril au 1er novembre, des visiteurs internationnaux.<\/p>\n\t\t\t\t\t<\/div>\n\t\t\t\t\t<div class=\"col-xl-4 col-12 date-wrapper\">\n\t\t\t\t\t\t<div class=\"date text-anime\">8 janvier 2024<\/div>\n\t\t\t\t\t\t\t\t\t\t\t\t<a href=\"https:\/\/3r-prev.com\/tro25\/reouverture-de-la-maison-de-claude-monet\/\" class=\"news-image\">\n\t\t\t\t\t\t\t<img decoding=\"async\" src=\"https:\/\/3r-prev.com\/tro25\/wp-content\/uploads\/2025\/02\/shutterstock_1029375796-1-scaled-1.jpg\" alt=\"blog \">\n\t\t\t\t\t\t<\/a>\n\t\t\t\t\t\t\t\t\t\t\t<\/div>\n\t\t\t\t<\/div>\n\t\t\t\n\t\t<\/div>\n\t<\/div>\n<\/div>\n\n\t\t\t\t<\/div>\n\t\t\t\t<\/div>\n\t\t\t\t<\/div>\n\t\t<div class=\"elementor-element elementor-element-4a3e32e5 e-con-full e-flex e-con e-parent\" data-id=\"4a3e32e5\" data-element_type=\"container\">\n\t\t\t\t<div class=\"elementor-element elementor-element-8f45760 elementor-widget elementor-widget-html\" data-id=\"8f45760\" data-element_type=\"widget\" data-widget_type=\"html.default\">\n\t\t\t\t<div class=\"elementor-widget-container\">\n\t\t\t\t\t<script>document.addEventListener(\"DOMContentLoaded\", function () {\n    document.querySelectorAll(\"a.subheading[href='#']\").forEach(function (link) {\n        link.addEventListener(\"click\", function (event) {\n            event.preventDefault();\n        });\n    });\n});\n<\/script>\t\t\t\t<\/div>\n\t\t\t\t<\/div>\n\t\t\t\t<\/div>\n\t\t\t\t<\/div>\n\t\t","protected":false},"excerpt":{"rendered":"<p>video Atelier des Lumi\u00e8res COMMUNICATION Dejonckheere COMMUNICATION Palais de Monaco VIDEO Artcurial COMMUNICATION Claude Monet Scroll to Explore IDENTITE &#038; ADN Troisi\u00e8me Rive, Agence digitale Art &#038; Culture Fond\u00e9e en&#8230;<\/p>\n","protected":false},"author":1,"featured_media":0,"parent":0,"menu_order":0,"comment_status":"closed","ping_status":"closed","template":"","meta":{"_acf_changed":false,"footnotes":""},"class_list":["post-1075","page","type-page","status-publish","hentry"],"acf":[],"_links":{"self":[{"href":"https:\/\/3r-prev.com\/tro25\/wp-json\/wp\/v2\/pages\/1075","targetHints":{"allow":["GET"]}}],"collection":[{"href":"https:\/\/3r-prev.com\/tro25\/wp-json\/wp\/v2\/pages"}],"about":[{"href":"https:\/\/3r-prev.com\/tro25\/wp-json\/wp\/v2\/types\/page"}],"author":[{"embeddable":true,"href":"https:\/\/3r-prev.com\/tro25\/wp-json\/wp\/v2\/users\/1"}],"replies":[{"embeddable":true,"href":"https:\/\/3r-prev.com\/tro25\/wp-json\/wp\/v2\/comments?post=1075"}],"version-history":[{"count":154,"href":"https:\/\/3r-prev.com\/tro25\/wp-json\/wp\/v2\/pages\/1075\/revisions"}],"predecessor-version":[{"id":2093,"href":"https:\/\/3r-prev.com\/tro25\/wp-json\/wp\/v2\/pages\/1075\/revisions\/2093"}],"wp:attachment":[{"href":"https:\/\/3r-prev.com\/tro25\/wp-json\/wp\/v2\/media?parent=1075"}],"curies":[{"name":"wp","href":"https:\/\/api.w.org\/{rel}","templated":true}]}}