{"id":10,"date":"2025-07-25T15:28:08","date_gmt":"2025-07-25T13:28:08","guid":{"rendered":"https:\/\/3r-prev.com\/taf\/?page_id=10"},"modified":"2026-02-27T10:53:46","modified_gmt":"2026-02-27T09:53:46","slug":"accueil","status":"publish","type":"page","link":"https:\/\/3r-prev.com\/taf\/","title":{"rendered":"Accueil"},"content":{"rendered":"<div class=\"wpb-content-wrapper\"><p>[vc_row][vc_column]\n\t\t\t\t<p class=\"rs-p-wp-fix\"><\/p>\n\t\t\t\t<sr7-module data-alias=\"agency-website-header\" data-id=\"1\" id=\"SR7_1_1\" class=\"rs-ov-hidden\" data-version=\"6.7.35\">\n\t\t\t\t\t<sr7-adjuster><\/sr7-adjuster>\n\t\t\t\t\t<sr7-content>\n\t\t\t\t\t\t<sr7-slide id=\"SR7_1_1-5\" data-key=\"5\">\n\t\t\t\t\t\t\t<sr7-bg id=\"SR7_1_1-5-21\" class=\"sr7-layer\"><noscript><img decoding=\"async\" src=\"https:\/\/3r-prev.com\/taf\/wp-content\/uploads\/2025\/07\/Capture-decran-2022-06-01-a-14.14.56.jpg\" alt=\"\" title=\"Screenshot\"><\/noscript><\/sr7-bg>\n\t\t\t\t\t\t\t<a id=\"SR7_1_1-5-4\" class=\"sr7-layer\" href=\"https:\/\/truc.com\" target=\"_self\">mon ytitre<\/a>\n\t\t\t\t\t\t<\/sr7-slide>\n\t\t\t\t\t\t<sr7-slide id=\"SR7_1_1-17\" data-key=\"17\">\n\t\t\t\t\t\t<\/sr7-slide>\n\t\t\t\t\t<\/sr7-content>\n\t\t\t\t\t<image_lists style=\"display:none\">\n\t\t\t\t\t\t<img data-src=\"\/\/3r-prev.com\/taf\/wp-content\/uploads\/2025\/07\/Capture-decran-2022-06-01-a-14.14.56.jpg\" data-libid=\"50\" data-lib=\"medialibrary\" title=\"Screenshot\" width=\"0\" height=\"0\" data-dbsrc=\"Ly8zci1wcmV2LmNvbS90YWYvd3AtY29udGVudC91cGxvYWRzLzIwMjUvMDcvQ2FwdHVyZS1kZWNyYW4tMjAyMi0wNi0wMS1hLTE0LjE0LjU2LmpwZw==\"\/>\n\t\t\t\t\t\t<img data-src=\"\/\/3r-prev.com\/taf\/wp-content\/uploads\/revslider\/agency-website-header\/Capture-decran-2024-04-02-a-10.34.48.png\" data-libid=\"17\" data-lib=\"medialibrary\" title=\"Capture-decran-2024-04-02-a-10.34.48.png\" width=\"0\" height=\"0\" data-dbsrc=\"Ly8zci1wcmV2LmNvbS90YWYvd3AtY29udGVudC91cGxvYWRzL3JldnNsaWRlci9hZ2VuY3ktd2Vic2l0ZS1oZWFkZXIvQ2FwdHVyZS1kZWNyYW4tMjAyNC0wNC0wMi1hLTEwLjM0LjQ4LnBuZw==\"\/>\n\t\t\t\t\t\t<img data-src=\"\/\/3r-prev.com\/taf\/wp-content\/uploads\/revslider\/agency-website-header\/431550225_17905551572943644_8883200406966703732_n.jpg\" data-libid=\"16\" data-lib=\"medialibrary\" title=\"431550225_17905551572943644_8883200406966703732_n.jpg\" width=\"0\" height=\"0\" data-dbsrc=\"Ly8zci1wcmV2LmNvbS90YWYvd3AtY29udGVudC91cGxvYWRzL3JldnNsaWRlci9hZ2VuY3ktd2Vic2l0ZS1oZWFkZXIvNDMxNTUwMjI1XzE3OTA1NTUxNTcyOTQzNjQ0Xzg4ODMyMDA0MDY5NjY3MDM3MzJfbi5qcGc=\"\/>\n\t\t\t\t\t<\/image_lists>\n\t\t\t\t<\/sr7-module>\n\t\t\t\t<script>\n\t\t\t\t\tSR7.PMH ??={}; SR7.PMH[\"SR7_1_1\"] = {cn:100,state:false,fn: function() { if (_tpt!==undefined && _tpt.prepareModuleHeight !== undefined) {  _tpt.prepareModuleHeight({id:\"SR7_1_1\",el:[500,500,768,960,720],type:'standard',shdw:'0',gh:[500,500,900,960,720],gw:[1240,1240,1024,778,480],vpt:['-100px&#039;,&#039;-100px&#039;,&#039;-100px&#039;,&#039;-100px&#039;,&#039;-100px'],size:{fullWidth:false, fullHeight:false},mh:'0',onh:0,onw:0,bg:{color:'{\"type\":\"solid\",\"orig\":\"#222222\",\"string\":\"rgba(34, 34, 34, 1)\"}'},plType:'2',plColor:'#444444'});   SR7.PMH[\"SR7_1_1\"].state=true;} else if(SR7.PMH[\"SR7_1_1\"].cn-->0)\tsetTimeout( SR7.PMH[\"SR7_1_1\"].fn,19);}};SR7.PMH[\"SR7_1_1\" ].fn();\n\t\t\t\t<\/script>\n[\/vc_column][\/vc_row][vc_row][vc_column][vc_raw_html css=\u00a0\u00bb\u00a0\u00bb]JTNDc2VjdGlvbiUyMGNsYXNzJTNEJTIydGFmLWhvbWUtMSUyMiUzRSUwQSUwOSUzQ2ltZyUyMHNyYyUzRCUyMmh0dHBzJTNBJTJGJTJGM3ItcHJldi5jb20lMkZ0YWYlMkZ3cC1jb250ZW50JTJGdXBsb2FkcyUyRjIwMjUlMkYwNyUyRlRoZUFydEZhY3Rvcl9sb2dvLnBuZyUyMiUyMGFsdCUzRCUyMiUyMiUzRSUwQSUwOSUzQ2RpdiUyMGNsYXNzJTNEJTIydGFmLXByZXotd3JhcCUyMiUzRSUwQSUwOSUwOSUzQ3AlM0VEZXB1aXMlMjAyMDIzJTJDJTIwVGhlJTIwQXJ0JTIwRmFjdG9yJTIwYWNjb21wYWduZSUyMGdhbGVyaWVzJTJDJTIwbWFpc29ucyUyMGRlJTIwdmVudGUlMjBldCUyMGluc3RpdHV0aW9ucyUyMGN1bHR1cmVsbGVzJTIwZGFucyUyMGxldXJzJTIwcHJvamV0cyUyMGRlJTIwY29tbXVuaWNhdGlvbi4lMjBGb25kJUMzJUE5ZSUyMHBhciUyMFMlQzMlQTliYXN0aWVuJTIwRmVybmFuZGVzJTJDJTIwZm9ydCUyMGRlJTIwcXVpbnplJTIwYW5zJTIwZCVFMiU4MCU5OWV4cCVDMyVBOXJpZW5jZSUyMGRhbnMlMjBsZSUyMG1hcmNoJUMzJUE5JTIwZGUlMjBsJUUyJTgwJTk5YXJ0JTJDJTIwbCVFMiU4MCU5OWFnZW5jZSUyMHIlQzMlQTl1bml0JTIwY29uc2VpbCUyMHN0cmF0JUMzJUE5Z2lxdWUlMkMlMjByZWxhdGlvbnMlMjBwcmVzc2UlMkMlMjBkZXNpZ24lMjAlQzMlQTlkaXRvcmlhbCUyMGV0JTIwaWRlbnRpdCVDMyVBOSUyMHZpc3VlbGxlJTIwcG91ciUyMGRvbm5lciUyMGRlJTIwbGElMjBmb3JjZSUyMGF1eCUyMGlkJUMzJUE5ZXMlMjBldCUyMGRlJTIwbGElMjB2aXNpYmlsaXQlQzMlQTklMjBhdXglMjBpbml0aWF0aXZlcy4lMjBUaGUlMjBBcnQlMjBGYWN0b3IlMjBzJUUyJTgwJTk5YXBwdWllJTIwc3VyJTIwdW4lMjByJUMzJUE5c2VhdSUyMGRlJTIwcGFydGVuYWlyZXMlMjBhZ2lsZXMlMjBldCUyMHN1ciUyMEZyYWN0YSUyMFN0dWRpbyUyQyUyMHNvbiUyMGF0ZWxpZXIlMjBncmFwaGlxdWUlMkMlMjBwb3VyJTIwdHJhbnNmb3JtZXIlMjBjaGFxdWUlMjBwcm9qZXQlMjBlbiUyMHIlQzMlQTlzdWx0YXQlMjBjb25jcmV0LiUzQyUyRnAlM0UlMEElMDklMDklMjAlMjAlM0NhJTIwaHJlZiUzRCUyMiUyMyUyMiUyMGNsYXNzJTNEJTIydGFmLWN0YSUyMiUzRSUwQSUyMCUyMCUyMCUyMCUzQ3NwYW4lMjBjbGFzcyUzRCUyMmxpbmstdGV4dCUyMiUzRUVOJTIwU0FWT0lSJTIwUExVUyUzQyUyRnNwYW4lM0UlMEElMjAlMjAlMjAlMjAlM0NzcGFuJTIwY2xhc3MlM0QlMjJhcnJvdyUyMiUzRSVFMiU4NiU5MiUzQyUyRnNwYW4lM0UlMEElMjAlMjAlM0MlMkZhJTNFJTBBJTA5JTNDJTJGZGl2JTNFJTBBJTNDJTJGc2VjdGlvbiUzRQ==[\/vc_raw_html]<div class=\"dfd-spacer-module\"  data-units=\"px\" data-wide_resolution=\"1280\" data-wide_size=\"40\" data-normal_resolution=\"1024\" data-normal_size=\"40\" data-tablet_resolution=\"800\" data-tablet_size=\"40\" data-mobile_resolution=\"480\" data-mobile_size=\"40\" style=\"height: 40px;\"><\/div><div class=\"dfd-spacer-module\"  data-units=\"px\" data-wide_resolution=\"1280\" data-wide_size=\"40\" data-normal_resolution=\"1024\" data-normal_size=\"40\" data-tablet_resolution=\"800\" data-tablet_size=\"40\" data-mobile_resolution=\"480\" data-mobile_size=\"40\" style=\"height: 40px;\"><\/div><div class=\"dfd-spacer-module\"  data-units=\"px\" data-wide_resolution=\"1280\" data-wide_size=\"40\" data-normal_resolution=\"1024\" data-normal_size=\"40\" data-tablet_resolution=\"800\" data-tablet_size=\"40\" data-mobile_resolution=\"480\" data-mobile_size=\"40\" style=\"height: 40px;\"><\/div>[vc_raw_html css=\u00a0\u00bb\u00a0\u00bb]JTNDc2VjdGlvbiUyMGNsYXNzJTNEJTIydGFmLWhvbWUtZ3JpZCUyMGZyb20tbGVmdCUyMiUzRSUwQSUwOSUzQ2ElMjBocmVmJTNEJTIyJTIzJTIyJTIwY2xhc3MlM0QlMjJ0YWYtaG9tZS1ncmlkLWl0ZW0lMjIlMjBzdHlsZSUzRCUyMmJhY2tncm91bmQtaW1hZ2UlM0ElMjB1cmwlMjglMjdodHRwcyUzQSUyRiUyRjNyLXByZXYuY29tJTJGdGFmJTJGd3AtY29udGVudCUyRnVwbG9hZHMlMkYyMDI1JTJGMDclMkZNYXNxdWUtYy1jb3VydGVzeS1iZXJuYXJkLWR1bG9uLnBuZyUyNyUyOSUzQmJhY2tncm91bmQtc2l6ZSUzQWNvdmVyJTNCYmFja2dyb3VuZC1yZXBlYXQlM0ElMjBuby1yZXBlYXQlM0IlMjIlM0UlMEElMDklMDklM0NkaXYlMjBjbGFzcyUzRCUyMnRhZi1pdGVtLWNhcnRvdWNoZSUyMiUzRSUwQSUwOSUwOSUwOSUzQ3NwYW4lM0VDYXQlQzMlQTlnb3JpZSUzQyUyRnNwYW4lM0UlMEElMDklMDklMDklM0NoNiUzRUl0ZW0lMjAxJTNDJTJGaDYlM0UlMEElMDklMDklM0MlMkZkaXYlM0UlMEElMDklM0MlMkZhJTNFJTBBJTBBJTA5JTNDYSUyMGhyZWYlM0QlMjIlMjMlMjIlMjBjbGFzcyUzRCUyMnRhZi1ob21lLWdyaWQtaXRlbSUyMiUyMHN0eWxlJTNEJTIyYmFja2dyb3VuZC1pbWFnZSUzQSUyMHVybCUyOCUyN2h0dHBzJTNBJTJGJTJGM3ItcHJldi5jb20lMkZ0YWYlMkZ3cC1jb250ZW50JTJGdXBsb2FkcyUyRjIwMjUlMkYwNyUyRkNhcHR1cmUtZGVjcmFuLTIwMjUtMDctMjUtYS0xNy4yNy4xNi5qcGclMjclMjklM0JiYWNrZ3JvdW5kLXNpemUlM0Fjb3ZlciUzQmJhY2tncm91bmQtcmVwZWF0JTNBJTIwbm8tcmVwZWF0JTNCJTIyJTNFJTBBJTA5JTA5JTNDZGl2JTIwY2xhc3MlM0QlMjJ0YWYtaXRlbS1jYXJ0b3VjaGUlMjIlM0UlMEElMDklMDklMDklM0NzcGFuJTNFQ2F0JUMzJUE5Z29yaWUlM0MlMkZzcGFuJTNFJTBBJTA5JTA5JTA5JTNDaDYlM0VJdGVtJTIwMiUzQyUyRmg2JTNFJTBBJTA5JTA5JTNDJTJGZGl2JTNFJTBBJTA5JTNDJTJGYSUzRSUwQSUwQSUwOSUzQ2ElMjBocmVmJTNEJTIyJTIzJTIyJTIwY2xhc3MlM0QlMjJ0YWYtaG9tZS1ncmlkLWl0ZW0lMjIlMjBzdHlsZSUzRCUyMmJhY2tncm91bmQtaW1hZ2UlM0ElMjB1cmwlMjglMjdodHRwcyUzQSUyRiUyRjNyLXByZXYuY29tJTJGdGFmJTJGd3AtY29udGVudCUyRnVwbG9hZHMlMkYyMDI1JTJGMDclMkZLaXJpcGktS2F0ZW1iby1Nd2FzaS1LaXRva28tU2VyaWUtVW4tcmVnYXJkLTIwMDgtMjAxMy1UaXJhZ2UtcG9zdGh1bWUtamV0LWRlbmNyZS1waWdtZW50YWlyZS1zdXItcGFwaWVyLUNhbnNvbi1CYXJ5dGEtUHJlc3RpZ2UtMTIwLXgtODAtY20tRWRpdGlvbi1kZS01LmpwZyUyNyUyOSUzQmJhY2tncm91bmQtc2l6ZSUzQWNvdmVyJTNCYmFja2dyb3VuZC1yZXBlYXQlM0ElMjBuby1yZXBlYXQlM0IlMjIlM0UlMEElMDklMDklM0NkaXYlMjBjbGFzcyUzRCUyMnRhZi1pdGVtLWNhcnRvdWNoZSUyMiUzRSUwQSUwOSUwOSUwOSUzQ3NwYW4lM0VDYXQlQzMlQTlnb3JpZSUzQyUyRnNwYW4lM0UlMEElMDklMDklMDklM0NoNiUzRUl0ZW0lMjAzJTNDJTJGaDYlM0UlMEElMDklMDklM0MlMkZkaXYlM0UlMEElMDklM0MlMkZhJTNFJTBBJTNDJTJGc2VjdGlvbiUzRQ==[\/vc_raw_html]<div class=\"dfd-spacer-module\"  data-units=\"px\" data-wide_resolution=\"1280\" data-wide_size=\"40\" data-normal_resolution=\"1024\" data-normal_size=\"40\" data-tablet_resolution=\"800\" data-tablet_size=\"40\" data-mobile_resolution=\"480\" data-mobile_size=\"40\" style=\"height: 40px;\"><\/div><div class=\"dfd-spacer-module\"  data-units=\"px\" data-wide_resolution=\"1280\" data-wide_size=\"40\" data-normal_resolution=\"1024\" data-normal_size=\"40\" data-tablet_resolution=\"800\" data-tablet_size=\"40\" data-mobile_resolution=\"480\" data-mobile_size=\"40\" style=\"height: 40px;\"><\/div><div class=\"dfd-spacer-module\"  data-units=\"px\" data-wide_resolution=\"1280\" data-wide_size=\"40\" data-normal_resolution=\"1024\" data-normal_size=\"40\" data-tablet_resolution=\"800\" data-tablet_size=\"40\" data-mobile_resolution=\"480\" data-mobile_size=\"40\" style=\"height: 40px;\"><\/div>[\/vc_column][\/vc_row][vc_row dfd_bg_style=\u00a0\u00bbimage\u00a0\u00bb dfd_parallax_style=\u00a0\u00bbdfd_vertical_parallax\u00a0\u00bb dfd_bg_image_new=\u00a0\u00bb62&Prime; dfd_bg_image_repeat=\u00a0\u00bbno-repeat\u00a0\u00bb dfd_parallax_sense=\u00a0\u00bb50&Prime; css=\u00a0\u00bb.vc_custom_1753458064727{background-image: url(https:\/\/3r-prev.com\/taf\/wp-content\/uploads\/2025\/07\/image18-gigapixel-high-fidelity-v2-4x.png?id=62) !important;background-position: center !important;background-repeat: no-repeat !important;background-size: cover !important;}\u00a0\u00bb][vc_column][vc_raw_html css=\u00a0\u00bb\u00a0\u00bb]JTNDc2VjdGlvbiUyMGNsYXNzJTNEJTIydGFmLWhvbWUtYmFuZGVhdS1mcmFjdGElMjIlM0UlMEElMDklM0NkaXYlMjBjbGFzcyUzRCUyMnRhZi1iYW5kZWF1LWNhcnRvdWNoZSUyMiUzRSUwQSUwOSUwOSUzQ3NwYW4lM0VMb3JlbSUyMGlwc3VtJTNDJTJGc3BhbiUzRSUwQSUwOSUwOSUzQ2gzJTNFRnJhY3RhJTIwc3R1ZGlvJTNDJTJGaDMlM0UlMEElMDklMDklM0NhJTIwaHJlZiUzRCUyMiUyMyUyMiUyMGNsYXNzJTNEJTIydGFmLWN0YS1jZW50ZXIlMjIlM0UlMEElMjAlMjAlMjAlMjAlM0NzcGFuJTIwY2xhc3MlM0QlMjJsaW5rLXRleHQlMjIlM0VFTiUyMFNBVk9JUiUyMFBMVVMlM0MlMkZzcGFuJTNFJTBBJTIwJTIwJTIwJTIwJTNDc3BhbiUyMGNsYXNzJTNEJTIyYXJyb3clMjIlM0UlRTIlODYlOTIlM0MlMkZzcGFuJTNFJTBBJTIwJTIwJTNDJTJGYSUzRSUwQSUwOSUzQyUyRmRpdiUzRSUwQSUzQyUyRnNlY3Rpb24lM0U=[\/vc_raw_html][\/vc_column][\/vc_row][vc_row][vc_column]<div class=\"dfd-spacer-module\"  data-units=\"px\" data-wide_resolution=\"1280\" data-wide_size=\"40\" data-normal_resolution=\"1024\" data-normal_size=\"40\" data-tablet_resolution=\"800\" data-tablet_size=\"40\" data-mobile_resolution=\"480\" data-mobile_size=\"40\" style=\"height: 40px;\"><\/div><div class=\"dfd-spacer-module\"  data-units=\"px\" data-wide_resolution=\"1280\" data-wide_size=\"40\" data-normal_resolution=\"1024\" data-normal_size=\"40\" data-tablet_resolution=\"800\" data-tablet_size=\"40\" data-mobile_resolution=\"480\" data-mobile_size=\"40\" style=\"height: 40px;\"><\/div><div class=\"dfd-spacer-module\"  data-units=\"px\" data-wide_resolution=\"1280\" data-wide_size=\"40\" data-normal_resolution=\"1024\" data-normal_size=\"40\" data-tablet_resolution=\"800\" data-tablet_size=\"40\" data-mobile_resolution=\"480\" data-mobile_size=\"40\" style=\"height: 40px;\"><\/div>[vc_raw_html css=\u00a0\u00bb\u00a0\u00bb]JTNDZGl2JTIwY2xhc3MlM0QlMjJ0YWYtaGVhZGluZy13cmFwJTIyJTNFJTBBJTA5JTNDc3Ryb25nJTNFV2hhdCUyN3MlMjBvbiUzQyUyRnN0cm9uZyUzRSUwQSUwOSUzQ2gyJTNFSW5zdGElMjBtb21lbnQlM0MlMkZoMiUzRSUwQSUzQyUyRmRpdiUzRQ==[\/vc_raw_html]<div class=\"dfd-spacer-module\"  data-units=\"px\" data-wide_resolution=\"1280\" data-wide_size=\"40\" data-normal_resolution=\"1024\" data-normal_size=\"40\" data-tablet_resolution=\"800\" data-tablet_size=\"40\" data-mobile_resolution=\"480\" data-mobile_size=\"40\" style=\"height: 40px;\"><\/div>[\/vc_column][\/vc_row][vc_row el_class=\u00a0\u00bbtaf-ig-wrap\u00a0\u00bb][vc_column][vc_column_text css=\u00a0\u00bb\u00a0\u00bb]\t\t<div id=\"sbi_mod_error\" >\n\t\t\t<span>Ce message d\u2019erreur n\u2019est visible que pour les administrateurs de WordPress<\/span><br\/>\n\t\t\t<p><strong>Erreur\u00a0:  aucun flux avec l\u2019ID 1 n\u2019a \u00e9t\u00e9 trouv\u00e9.<\/strong>\n\t\t\t<p>Veuillez aller sur la page de r\u00e9glages d\u2018Instagram Feed pour connecter votre compte.<\/p>\n\t\t<\/div>\n\t\t[\/vc_column_text][vc_raw_html css=\u00a0\u00bb\u00a0\u00bb]JTNDYSUyMGhyZWYlM0QlMjIlMjMlMjIlMjBjbGFzcyUzRCUyMnRhZi1jdGElMjIlMjBzdHlsZSUzRCUyMiUyMCUyMCUyMCUyMHBvc2l0aW9uJTNBJTIwYWJzb2x1dGUlM0IlMEElMjAlMjAlMjAlMjByaWdodCUzQSUyMDAlM0IlMjIlM0UlMEElMjAlMjAlMjAlMjAlM0NzcGFuJTIwY2xhc3MlM0QlMjJsaW5rLXRleHQlMjIlM0VOT1VTJTIwU1VJVlJFJTNDJTJGc3BhbiUzRSUwQSUyMCUyMCUyMCUyMCUzQ3NwYW4lMjBjbGFzcyUzRCUyMmFycm93JTIyJTNFJUUyJTg2JTkyJTNDJTJGc3BhbiUzRSUwQSUyMCUyMCUzQyUyRmElM0U=[\/vc_raw_html]<div class=\"dfd-spacer-module\"  data-units=\"px\" data-wide_resolution=\"1280\" data-wide_size=\"40\" data-normal_resolution=\"1024\" data-normal_size=\"40\" data-tablet_resolution=\"800\" data-tablet_size=\"40\" data-mobile_resolution=\"480\" data-mobile_size=\"40\" style=\"height: 40px;\"><\/div><div class=\"dfd-spacer-module\"  data-units=\"px\" data-wide_resolution=\"1280\" data-wide_size=\"40\" data-normal_resolution=\"1024\" data-normal_size=\"40\" data-tablet_resolution=\"800\" data-tablet_size=\"40\" data-mobile_resolution=\"480\" data-mobile_size=\"40\" style=\"height: 40px;\"><\/div><div class=\"dfd-spacer-module\"  data-units=\"px\" data-wide_resolution=\"1280\" data-wide_size=\"40\" data-normal_resolution=\"1024\" data-normal_size=\"40\" data-tablet_resolution=\"800\" data-tablet_size=\"40\" data-mobile_resolution=\"480\" data-mobile_size=\"40\" style=\"height: 40px;\"><\/div>[\/vc_column][\/vc_row][vc_row dfd_row_config=\u00a0\u00bbfull_width_content\u00a0\u00bb css=\u00a0\u00bb.vc_custom_1753452485381{background-color: #222222 !important;border-color: #222222 !important;}\u00a0\u00bb][vc_column][vc_raw_html css=\u00a0\u00bb\u00a0\u00bb]JTNDZm9vdGVyJTIwY2xhc3MlM0QlMjJ0YWYtZm9vdGVyLXdyYXAlMjIlM0UlMEElMDklM0NkaXYlMjBjbGFzcyUzRCUyMmN0YS1mb290ZXItaXRlbS0xJTIyJTNFJTBBJTA5JTA5JTNDaW1nJTIwc3JjJTNEJTIyaHR0cHMlM0ElMkYlMkYzci1wcmV2LmNvbSUyRnRhZiUyRndwLWNvbnRlbnQlMkZ1cGxvYWRzJTJGMjAyNSUyRjA3JTJGVEhFLUFSVC1GQUNUT1IucG5nJTIyJTIwYWx0JTNEJTIyJTIyJTNFJTBBJTA5JTA5JTA5JTNDdWwlMjBjbGFzcyUzRCUyMnRhZi1zbnMtbGlzdCUyMiUzRSUwQSUwOSUwOSUwOSUwOSUzQ2xpJTNFJTNDYSUyMGhyZWYlM0QlMjIlMjMlMjIlM0VGYWNlYm9vayUzQyUyRmElM0UlM0MlMkZsaSUzRSUwQSUwOSUwOSUwOSUwOSUzQ2xpJTNFJTNDYSUyMGhyZWYlM0QlMjIlMjMlMjIlM0VMaW5rZWRpbiUzQyUyRmElM0UlM0MlMkZsaSUzRSUwQSUwOSUwOSUwOSUwOSUzQ2xpJTNFJTNDYSUyMGhyZWYlM0QlMjIlMjMlMjIlM0VJbnN0YWdyYW0lM0MlMkZhJTNFJTNDJTJGbGklM0UlMEElMDklMDklMDklM0MlMkZ1bCUzRSUwQSUwOSUzQyUyRmRpdiUzRSUwQSUwQSUwOSUzQ2RpdiUyMGNsYXNzJTNEJTIyY3RhLWZvb3Rlci1pdGVtLTIlMjIlM0UlMEElMDklMDklM0NociUzRSUwQSUwOSUwOSUzQ2ElMjBocmVmJTNEJTIyJTIzJTIyJTNFJTJCMzMlMjgwJTI5Ni43Mi4zOS4wMy4yMyUzQyUyRmElM0UlMEElMDklMDklM0NhJTIwaHJlZiUzRCUyMiUyMyUyMiUzRWNvbnRhY3QlNDB0aGVhcnRmYWN0b3IuY29tJTNDJTJGYSUzRSUwQSUwOSUzQyUyRmRpdiUzRSUwQSUwQSUwOSUzQ2RpdiUyMGNsYXNzJTNEJTIyY3RhLWZvb3Rlci1pdGVtLTMlMjIlM0UlMEElMDklMDklM0NociUzRSUwQSUwOSUwOSUwOSUzQ2ElMjBocmVmJTNEJTIyJTIzJTIyJTNFQWNjdWVpbCUzQyUyRmElM0UlMEElMDklMDklMDklM0NhJTIwaHJlZiUzRCUyMiUyMyUyMiUzRUNvbnRhY3QlM0MlMkZhJTNFJTBBJTA5JTA5JTA5JTNDYSUyMGhyZWYlM0QlMjIlMjMlMjIlM0VBJTIwcHJvcG9zJTNDJTJGYSUzRSUwQSUwOSUzQyUyRmRpdiUzRSUwQSUzQyUyRmZvb3RlciUzRQ==[\/vc_raw_html][\/vc_column][\/vc_row]<\/p>\n<\/div>","protected":false},"excerpt":{"rendered":"<p>[vc_row][vc_column][\/vc_column][\/vc_row][vc_row][vc_column][vc_raw_html css=\u00a0\u00bb\u00a0\u00bb]JTNDc2VjdGlvbiUyMGNsYXNzJTNEJTIydGFmLWhvbWUtMSUyMiUzRSUwQSUwOSUzQ2ltZyUyMHNyYyUzRCUyMmh0dHBzJTNBJTJGJTJGM3ItcHJldi5jb20lMkZ0YWYlMkZ3cC1jb250ZW50JTJGdXBsb2FkcyUyRjIwMjUlMkYwNyUyRlRoZUFydEZhY3Rvcl9sb2dvLnBuZyUyMiUyMGFsdCUzRCUyMiUyMiUzRSUwQSUwOSUzQ2RpdiUyMGNsYXNzJTNEJTIydGFmLXByZXotd3JhcCUyMiUzRSUwQSUwOSUwOSUzQ3AlM0VEZXB1aXMlMjAyMDIzJTJDJTIwVGhlJTIwQXJ0JTIwRmFjdG9yJTIwYWNjb21wYWduZSUyMGdhbGVyaWVzJTJDJTIwbWFpc29ucyUyMGRlJTIwdmVudGUlMjBldCUyMGluc3RpdHV0aW9ucyUyMGN1bHR1cmVsbGVzJTIwZGFucyUyMGxldXJzJTIwcHJvamV0cyUyMGRlJTIwY29tbXVuaWNhdGlvbi4lMjBGb25kJUMzJUE5ZSUyMHBhciUyMFMlQzMlQTliYXN0aWVuJTIwRmVybmFuZGVzJTJDJTIwZm9ydCUyMGRlJTIwcXVpbnplJTIwYW5zJTIwZCVFMiU4MCU5OWV4cCVDMyVBOXJpZW5jZSUyMGRhbnMlMjBsZSUyMG1hcmNoJUMzJUE5JTIwZGUlMjBsJUUyJTgwJTk5YXJ0JTJDJTIwbCVFMiU4MCU5OWFnZW5jZSUyMHIlQzMlQTl1bml0JTIwY29uc2VpbCUyMHN0cmF0JUMzJUE5Z2lxdWUlMkMlMjByZWxhdGlvbnMlMjBwcmVzc2UlMkMlMjBkZXNpZ24lMjAlQzMlQTlkaXRvcmlhbCUyMGV0JTIwaWRlbnRpdCVDMyVBOSUyMHZpc3VlbGxlJTIwcG91ciUyMGRvbm5lciUyMGRlJTIwbGElMjBmb3JjZSUyMGF1eCUyMGlkJUMzJUE5ZXMlMjBldCUyMGRlJTIwbGElMjB2aXNpYmlsaXQlQzMlQTklMjBhdXglMjBpbml0aWF0aXZlcy4lMjBUaGUlMjBBcnQlMjBGYWN0b3IlMjBzJUUyJTgwJTk5YXBwdWllJTIwc3VyJTIwdW4lMjByJUMzJUE5c2VhdSUyMGRlJTIwcGFydGVuYWlyZXMlMjBhZ2lsZXMlMjBldCUyMHN1ciUyMEZyYWN0YSUyMFN0dWRpbyUyQyUyMHNvbiUyMGF0ZWxpZXIlMjBncmFwaGlxdWUlMkMlMjBwb3VyJTIwdHJhbnNmb3JtZXIlMjBjaGFxdWUlMjBwcm9qZXQlMjBlbiUyMHIlQzMlQTlzdWx0YXQlMjBjb25jcmV0LiUzQyUyRnAlM0UlMEElMDklMDklMjAlMjAlM0NhJTIwaHJlZiUzRCUyMiUyMyUyMiUyMGNsYXNzJTNEJTIydGFmLWN0YSUyMiUzRSUwQSUyMCUyMCUyMCUyMCUzQ3NwYW4lMjBjbGFzcyUzRCUyMmxpbmstdGV4dCUyMiUzRUVOJTIwU0FWT0lSJTIwUExVUyUzQyUyRnNwYW4lM0UlMEElMjAlMjAlMjAlMjAlM0NzcGFuJTIwY2xhc3MlM0QlMjJhcnJvdyUyMiUzRSVFMiU4NiU5MiUzQyUyRnNwYW4lM0UlMEElMjAlMjAlM0MlMkZhJTNFJTBBJTA5JTNDJTJGZGl2JTNFJTBBJTNDJTJGc2VjdGlvbiUzRQ==[\/vc_raw_html][vc_raw_html css=\u00a0\u00bb\u00a0\u00bb]JTNDc2VjdGlvbiUyMGNsYXNzJTNEJTIydGFmLWhvbWUtZ3JpZCUyMGZyb20tbGVmdCUyMiUzRSUwQSUwOSUzQ2ElMjBocmVmJTNEJTIyJTIzJTIyJTIwY2xhc3MlM0QlMjJ0YWYtaG9tZS1ncmlkLWl0ZW0lMjIlMjBzdHlsZSUzRCUyMmJhY2tncm91bmQtaW1hZ2UlM0ElMjB1cmwlMjglMjdodHRwcyUzQSUyRiUyRjNyLXByZXYuY29tJTJGdGFmJTJGd3AtY29udGVudCUyRnVwbG9hZHMlMkYyMDI1JTJGMDclMkZNYXNxdWUtYy1jb3VydGVzeS1iZXJuYXJkLWR1bG9uLnBuZyUyNyUyOSUzQmJhY2tncm91bmQtc2l6ZSUzQWNvdmVyJTNCYmFja2dyb3VuZC1yZXBlYXQlM0ElMjBuby1yZXBlYXQlM0IlMjIlM0UlMEElMDklMDklM0NkaXYlMjBjbGFzcyUzRCUyMnRhZi1pdGVtLWNhcnRvdWNoZSUyMiUzRSUwQSUwOSUwOSUwOSUzQ3NwYW4lM0VDYXQlQzMlQTlnb3JpZSUzQyUyRnNwYW4lM0UlMEElMDklMDklMDklM0NoNiUzRUl0ZW0lMjAxJTNDJTJGaDYlM0UlMEElMDklMDklM0MlMkZkaXYlM0UlMEElMDklM0MlMkZhJTNFJTBBJTBBJTA5JTNDYSUyMGhyZWYlM0QlMjIlMjMlMjIlMjBjbGFzcyUzRCUyMnRhZi1ob21lLWdyaWQtaXRlbSUyMiUyMHN0eWxlJTNEJTIyYmFja2dyb3VuZC1pbWFnZSUzQSUyMHVybCUyOCUyN2h0dHBzJTNBJTJGJTJGM3ItcHJldi5jb20lMkZ0YWYlMkZ3cC1jb250ZW50JTJGdXBsb2FkcyUyRjIwMjUlMkYwNyUyRkNhcHR1cmUtZGVjcmFuLTIwMjUtMDctMjUtYS0xNy4yNy4xNi5qcGclMjclMjklM0JiYWNrZ3JvdW5kLXNpemUlM0Fjb3ZlciUzQmJhY2tncm91bmQtcmVwZWF0JTNBJTIwbm8tcmVwZWF0JTNCJTIyJTNFJTBBJTA5JTA5JTNDZGl2JTIwY2xhc3MlM0QlMjJ0YWYtaXRlbS1jYXJ0b3VjaGUlMjIlM0UlMEElMDklMDklMDklM0NzcGFuJTNFQ2F0JUMzJUE5Z29yaWUlM0MlMkZzcGFuJTNFJTBBJTA5JTA5JTA5JTNDaDYlM0VJdGVtJTIwMiUzQyUyRmg2JTNFJTBBJTA5JTA5JTNDJTJGZGl2JTNFJTBBJTA5JTNDJTJGYSUzRSUwQSUwQSUwOSUzQ2ElMjBocmVmJTNEJTIyJTIzJTIyJTIwY2xhc3MlM0QlMjJ0YWYtaG9tZS1ncmlkLWl0ZW0lMjIlMjBzdHlsZSUzRCUyMmJhY2tncm91bmQtaW1hZ2UlM0ElMjB1cmwlMjglMjdodHRwcyUzQSUyRiUyRjNyLXByZXYuY29tJTJGdGFmJTJGd3AtY29udGVudCUyRnVwbG9hZHMlMkYyMDI1JTJGMDclMkZLaXJpcGktS2F0ZW1iby1Nd2FzaS1LaXRva28tU2VyaWUtVW4tcmVnYXJkLTIwMDgtMjAxMy1UaXJhZ2UtcG9zdGh1bWUtamV0LWRlbmNyZS1waWdtZW50YWlyZS1zdXItcGFwaWVyLUNhbnNvbi1CYXJ5dGEtUHJlc3RpZ2UtMTIwLXgtODAtY20tRWRpdGlvbi1kZS01LmpwZyUyNyUyOSUzQmJhY2tncm91bmQtc2l6ZSUzQWNvdmVyJTNCYmFja2dyb3VuZC1yZXBlYXQlM0ElMjBuby1yZXBlYXQlM0IlMjIlM0UlMEElMDklMDklM0NkaXYlMjBjbGFzcyUzRCUyMnRhZi1pdGVtLWNhcnRvdWNoZSUyMiUzRSUwQSUwOSUwOSUwOSUzQ3NwYW4lM0VDYXQlQzMlQTlnb3JpZSUzQyUyRnNwYW4lM0UlMEElMDklMDklMDklM0NoNiUzRUl0ZW0lMjAzJTNDJTJGaDYlM0UlMEElMDklMDklM0MlMkZkaXYlM0UlMEElMDklM0MlMkZhJTNFJTBBJTNDJTJGc2VjdGlvbiUzRQ==[\/vc_raw_html][\/vc_column][\/vc_row][vc_row dfd_bg_style=\u00a0\u00bbimage\u00a0\u00bb dfd_parallax_style=\u00a0\u00bbdfd_vertical_parallax\u00a0\u00bb dfd_bg_image_new=\u00a0\u00bb62&Prime; dfd_bg_image_repeat=\u00a0\u00bbno-repeat\u00a0\u00bb dfd_parallax_sense=\u00a0\u00bb50&Prime; css=\u00a0\u00bb.vc_custom_1753458064727{background-image: url(https:\/\/3r-prev.com\/taf\/wp-content\/uploads\/2025\/07\/image18-gigapixel-high-fidelity-v2-4x.png?id=62) !important;background-position: center !important;background-repeat: no-repeat !important;background-size: cover !important;}\u00a0\u00bb][vc_column][vc_raw_html css=\u00a0\u00bb\u00a0\u00bb]JTNDc2VjdGlvbiUyMGNsYXNzJTNEJTIydGFmLWhvbWUtYmFuZGVhdS1mcmFjdGElMjIlM0UlMEElMDklM0NkaXYlMjBjbGFzcyUzRCUyMnRhZi1iYW5kZWF1LWNhcnRvdWNoZSUyMiUzRSUwQSUwOSUwOSUzQ3NwYW4lM0VMb3JlbSUyMGlwc3VtJTNDJTJGc3BhbiUzRSUwQSUwOSUwOSUzQ2gzJTNFRnJhY3RhJTIwc3R1ZGlvJTNDJTJGaDMlM0UlMEElMDklMDklM0NhJTIwaHJlZiUzRCUyMiUyMyUyMiUyMGNsYXNzJTNEJTIydGFmLWN0YS1jZW50ZXIlMjIlM0UlMEElMjAlMjAlMjAlMjAlM0NzcGFuJTIwY2xhc3MlM0QlMjJsaW5rLXRleHQlMjIlM0VFTiUyMFNBVk9JUiUyMFBMVVMlM0MlMkZzcGFuJTNFJTBBJTIwJTIwJTIwJTIwJTNDc3BhbiUyMGNsYXNzJTNEJTIyYXJyb3clMjIlM0UlRTIlODYlOTIlM0MlMkZzcGFuJTNFJTBBJTIwJTIwJTNDJTJGYSUzRSUwQSUwOSUzQyUyRmRpdiUzRSUwQSUzQyUyRnNlY3Rpb24lM0U=[\/vc_raw_html][\/vc_column][\/vc_row][vc_row][vc_column][vc_raw_html css=\u00a0\u00bb\u00a0\u00bb]JTNDZGl2JTIwY2xhc3MlM0QlMjJ0YWYtaGVhZGluZy13cmFwJTIyJTNFJTBBJTA5JTNDc3Ryb25nJTNFV2hhdCUyN3MlMjBvbiUzQyUyRnN0cm9uZyUzRSUwQSUwOSUzQ2gyJTNFSW5zdGElMjBtb21lbnQlM0MlMkZoMiUzRSUwQSUzQyUyRmRpdiUzRQ==[\/vc_raw_html][\/vc_column][\/vc_row][vc_row el_class=\u00a0\u00bbtaf-ig-wrap\u00a0\u00bb][vc_column][vc_column_text css=\u00a0\u00bb\u00a0\u00bb][\/vc_column_text][vc_raw_html css=\u00a0\u00bb\u00a0\u00bb]JTNDYSUyMGhyZWYlM0QlMjIlMjMlMjIlMjBjbGFzcyUzRCUyMnRhZi1jdGElMjIlMjBzdHlsZSUzRCUyMiUyMCUyMCUyMCUyMHBvc2l0aW9uJTNBJTIwYWJzb2x1dGUlM0IlMEElMjAlMjAlMjAlMjByaWdodCUzQSUyMDAlM0IlMjIlM0UlMEElMjAlMjAlMjAlMjAlM0NzcGFuJTIwY2xhc3MlM0QlMjJsaW5rLXRleHQlMjIlM0VOT1VTJTIwU1VJVlJFJTNDJTJGc3BhbiUzRSUwQSUyMCUyMCUyMCUyMCUzQ3NwYW4lMjBjbGFzcyUzRCUyMmFycm93JTIyJTNFJUUyJTg2JTkyJTNDJTJGc3BhbiUzRSUwQSUyMCUyMCUzQyUyRmElM0U=[\/vc_raw_html][\/vc_column][\/vc_row][vc_row dfd_row_config=\u00a0\u00bbfull_width_content\u00a0\u00bb css=\u00a0\u00bb.vc_custom_1753452485381{background-color: #222222 !important;border-color: #222222 !important;}\u00a0\u00bb][vc_column][vc_raw_html css=\u00a0\u00bb\u00a0\u00bb]JTNDZm9vdGVyJTIwY2xhc3MlM0QlMjJ0YWYtZm9vdGVyLXdyYXAlMjIlM0UlMEElMDklM0NkaXYlMjBjbGFzcyUzRCUyMmN0YS1mb290ZXItaXRlbS0xJTIyJTNFJTBBJTA5JTA5JTNDaW1nJTIwc3JjJTNEJTIyaHR0cHMlM0ElMkYlMkYzci1wcmV2LmNvbSUyRnRhZiUyRndwLWNvbnRlbnQlMkZ1cGxvYWRzJTJGMjAyNSUyRjA3JTJGVEhFLUFSVC1GQUNUT1IucG5nJTIyJTIwYWx0JTNEJTIyJTIyJTNFJTBBJTA5JTA5JTA5JTNDdWwlMjBjbGFzcyUzRCUyMnRhZi1zbnMtbGlzdCUyMiUzRSUwQSUwOSUwOSUwOSUwOSUzQ2xpJTNFJTNDYSUyMGhyZWYlM0QlMjIlMjMlMjIlM0VGYWNlYm9vayUzQyUyRmElM0UlM0MlMkZsaSUzRSUwQSUwOSUwOSUwOSUwOSUzQ2xpJTNFJTNDYSUyMGhyZWYlM0QlMjIlMjMlMjIlM0VMaW5rZWRpbiUzQyUyRmElM0UlM0MlMkZsaSUzRSUwQSUwOSUwOSUwOSUwOSUzQ2xpJTNFJTNDYSUyMGhyZWYlM0QlMjIlMjMlMjIlM0VJbnN0YWdyYW0lM0MlMkZhJTNFJTNDJTJGbGklM0UlMEElMDklMDklMDklM0MlMkZ1bCUzRSUwQSUwOSUzQyUyRmRpdiUzRSUwQSUwQSUwOSUzQ2RpdiUyMGNsYXNzJTNEJTIyY3RhLWZvb3Rlci1pdGVtLTIlMjIlM0UlMEElMDklMDklM0NociUzRSUwQSUwOSUwOSUzQ2ElMjBocmVmJTNEJTIyJTIzJTIyJTNFJTJCMzMlMjgwJTI5Ni43Mi4zOS4wMy4yMyUzQyUyRmElM0UlMEElMDklMDklM0NhJTIwaHJlZiUzRCUyMiUyMyUyMiUzRWNvbnRhY3QlNDB0aGVhcnRmYWN0b3IuY29tJTNDJTJGYSUzRSUwQSUwOSUzQyUyRmRpdiUzRSUwQSUwQSUwOSUzQ2RpdiUyMGNsYXNzJTNEJTIyY3RhLWZvb3Rlci1pdGVtLTMlMjIlM0UlMEElMDklMDklM0NociUzRSUwQSUwOSUwOSUwOSUzQ2ElMjBocmVmJTNEJTIyJTIzJTIyJTNFQWNjdWVpbCUzQyUyRmElM0UlMEElMDklMDklMDklM0NhJTIwaHJlZiUzRCUyMiUyMyUyMiUzRUNvbnRhY3QlM0MlMkZhJTNFJTBBJTA5JTA5JTA5JTNDYSUyMGhyZWYlM0QlMjIlMjMlMjIlM0VBJTIwcHJvcG9zJTNDJTJGYSUzRSUwQSUwOSUzQyUyRmRpdiUzRSUwQSUzQyUyRmZvb3RlciUzRQ==[\/vc_raw_html][\/vc_column][\/vc_row]<\/p>\n","protected":false},"author":1,"featured_media":0,"parent":0,"menu_order":0,"comment_status":"closed","ping_status":"closed","template":"page-home.php","meta":{"_acf_changed":false,"footnotes":""},"class_list":["post-10","page","type-page","status-publish","hentry"],"acf":[],"_links":{"self":[{"href":"https:\/\/3r-prev.com\/taf\/wp-json\/wp\/v2\/pages\/10","targetHints":{"allow":["GET"]}}],"collection":[{"href":"https:\/\/3r-prev.com\/taf\/wp-json\/wp\/v2\/pages"}],"about":[{"href":"https:\/\/3r-prev.com\/taf\/wp-json\/wp\/v2\/types\/page"}],"author":[{"embeddable":true,"href":"https:\/\/3r-prev.com\/taf\/wp-json\/wp\/v2\/users\/1"}],"replies":[{"embeddable":true,"href":"https:\/\/3r-prev.com\/taf\/wp-json\/wp\/v2\/comments?post=10"}],"version-history":[{"count":37,"href":"https:\/\/3r-prev.com\/taf\/wp-json\/wp\/v2\/pages\/10\/revisions"}],"predecessor-version":[{"id":199,"href":"https:\/\/3r-prev.com\/taf\/wp-json\/wp\/v2\/pages\/10\/revisions\/199"}],"wp:attachment":[{"href":"https:\/\/3r-prev.com\/taf\/wp-json\/wp\/v2\/media?parent=10"}],"curies":[{"name":"wp","href":"https:\/\/api.w.org\/{rel}","templated":true}]}}