{"id":1301,"date":"2024-01-31T17:42:24","date_gmt":"2024-01-31T16:42:24","guid":{"rendered":"https:\/\/3r-prev.com\/rai\/?post_type=product&#038;p=1301"},"modified":"2024-02-02T09:49:19","modified_gmt":"2024-02-02T08:49:19","slug":"6-chaises-tulipe-eero-saarinen-knoll","status":"publish","type":"product","link":"https:\/\/3r-prev.com\/rai\/produit\/6-chaises-tulipe-eero-saarinen-knoll\/","title":{"rendered":"6 Chaises Tulipe Eero Saarinen Knoll"},"content":{"rendered":"","protected":false},"excerpt":{"rendered":"<p>Explorez l&#8217;\u00e9l\u00e9gance intemporelle des Chaises Tulip sans accoudoirs, con\u00e7ues par le visionnaire Eero Saarinen en 1957 et faisant partie de la prestigieuse Collection Pedestal.<br \/>\nR\u00e9volutionnant le design int\u00e9rieur, Saarinen a cr\u00e9\u00e9 ces chaises pour r\u00e9soudre les probl\u00e8mes esth\u00e9tiques sous les tables et chaises, offrant une r\u00e9ponse \u00e0 un &#8220;monde laid, confus et agit\u00e9&#8221;. La Collection Pedestal est une v\u00e9ritable ic\u00f4ne du design moderne, apportant une touche de sophistication \u00e0 chaque espace.<br \/>\nLes 6 chaises Knoll noires, accompagn\u00e9es de coussins r\u00e9nov\u00e9s, incarnent le mariage parfait entre fonctionnalit\u00e9 et esth\u00e9tique. Red\u00e9finissez le style de votre int\u00e9rieur en ajoutant ces pi\u00e8ces classiques, synonymes de raffinement.<\/p>\n<p>&nbsp;<\/p>\n<p><strong data-new-link=\"true\">Artiste:\u00a0<\/strong>Knoll<br \/>\n<strong data-new-link=\"true\">Epoque:\u00a0<\/strong>20\u00e8me si\u00e8cle<br \/>\n<strong data-new-link=\"true\">Style:\u00a0<\/strong>Art moderne<br \/>\n<strong data-new-link=\"true\">Etat:\u00a0<\/strong>Bon \u00e9tat<\/p>\n<p><strong data-new-link=\"true\">Mati\u00e8re:\u00a0<\/strong>Autre<br \/>\n<strong data-new-link=\"true\">Largeur:\u00a0<\/strong>50<br \/>\n<strong data-new-link=\"true\">Diam\u00e8tre:<\/strong><br \/>\n<strong data-new-link=\"true\">Hauteur:\u00a0<\/strong>81<br \/>\n<strong data-new-link=\"true\">Profondeur:\u00a0<\/strong>48<\/p>\n","protected":false},"featured_media":1307,"template":"","meta":{"_acf_changed":false},"product_cat":[35],"product_tag":[],"class_list":{"0":"post-1301","1":"product","2":"type-product","3":"status-publish","4":"has-post-thumbnail","6":"product_cat-sieges","8":"first","9":"instock","10":"shipping-taxable","11":"purchasable","12":"product-type-simple"},"acf":[],"_links":{"self":[{"href":"https:\/\/3r-prev.com\/rai\/wp-json\/wp\/v2\/product\/1301","targetHints":{"allow":["GET"]}}],"collection":[{"href":"https:\/\/3r-prev.com\/rai\/wp-json\/wp\/v2\/product"}],"about":[{"href":"https:\/\/3r-prev.com\/rai\/wp-json\/wp\/v2\/types\/product"}],"wp:featuredmedia":[{"embeddable":true,"href":"https:\/\/3r-prev.com\/rai\/wp-json\/wp\/v2\/media\/1307"}],"wp:attachment":[{"href":"https:\/\/3r-prev.com\/rai\/wp-json\/wp\/v2\/media?parent=1301"}],"wp:term":[{"taxonomy":"product_cat","embeddable":true,"href":"https:\/\/3r-prev.com\/rai\/wp-json\/wp\/v2\/product_cat?post=1301"},{"taxonomy":"product_tag","embeddable":true,"href":"https:\/\/3r-prev.com\/rai\/wp-json\/wp\/v2\/product_tag?post=1301"}],"curies":[{"name":"wp","href":"https:\/\/api.w.org\/{rel}","templated":true}]}}