{"id":1281,"date":"2024-01-31T17:37:32","date_gmt":"2024-01-31T16:37:32","guid":{"rendered":"https:\/\/3r-prev.com\/rai\/?post_type=product&#038;p=1281"},"modified":"2024-01-31T17:37:32","modified_gmt":"2024-01-31T16:37:32","slug":"chandelier-en-cristal-xviii-eme-siecle","status":"publish","type":"product","link":"https:\/\/3r-prev.com\/rai\/produit\/chandelier-en-cristal-xviii-eme-siecle\/","title":{"rendered":"Chandelier en cristal XVIII \u00e8me si\u00e8cle"},"content":{"rendered":"","protected":false},"excerpt":{"rendered":"<p>Chandelier en cristal XVIII \u00e8me si\u00e8cle<\/p>\n<p>&nbsp;<\/p>\n<p><strong data-new-link=\"true\">Epoque:\u00a0<\/strong>18\u00e8me si\u00e8cle<br \/>\n<strong data-new-link=\"true\">Style:\u00a0<\/strong>Autre style<br \/>\n<strong data-new-link=\"true\">Etat:\u00a0<\/strong>Bon \u00e9tat<\/p>\n<p><strong data-new-link=\"true\">Mati\u00e8re:\u00a0<\/strong>Cristal<\/p>\n","protected":false},"featured_media":1282,"template":"","meta":{"_acf_changed":false},"product_cat":[34],"product_tag":[],"class_list":{"0":"post-1281","1":"product","2":"type-product","3":"status-publish","4":"has-post-thumbnail","6":"product_cat-luminaires","8":"first","9":"instock","10":"shipping-taxable","11":"purchasable","12":"product-type-simple"},"acf":[],"_links":{"self":[{"href":"https:\/\/3r-prev.com\/rai\/wp-json\/wp\/v2\/product\/1281","targetHints":{"allow":["GET"]}}],"collection":[{"href":"https:\/\/3r-prev.com\/rai\/wp-json\/wp\/v2\/product"}],"about":[{"href":"https:\/\/3r-prev.com\/rai\/wp-json\/wp\/v2\/types\/product"}],"wp:featuredmedia":[{"embeddable":true,"href":"https:\/\/3r-prev.com\/rai\/wp-json\/wp\/v2\/media\/1282"}],"wp:attachment":[{"href":"https:\/\/3r-prev.com\/rai\/wp-json\/wp\/v2\/media?parent=1281"}],"wp:term":[{"taxonomy":"product_cat","embeddable":true,"href":"https:\/\/3r-prev.com\/rai\/wp-json\/wp\/v2\/product_cat?post=1281"},{"taxonomy":"product_tag","embeddable":true,"href":"https:\/\/3r-prev.com\/rai\/wp-json\/wp\/v2\/product_tag?post=1281"}],"curies":[{"name":"wp","href":"https:\/\/api.w.org\/{rel}","templated":true}]}}