{"id":1269,"date":"2024-01-31T17:35:46","date_gmt":"2024-01-31T16:35:46","guid":{"rendered":"https:\/\/3r-prev.com\/rai\/?post_type=product&#038;p=1269"},"modified":"2024-01-31T17:35:59","modified_gmt":"2024-01-31T16:35:59","slug":"service-de-table-meissen-1880flag","status":"publish","type":"product","link":"https:\/\/3r-prev.com\/rai\/produit\/service-de-table-meissen-1880flag\/","title":{"rendered":"Service De Table Meissen 1880"},"content":{"rendered":"","protected":false},"excerpt":{"rendered":"<p>Service de table exceptionnel de la manufacture Meissen des ann\u00e9es 1880.<\/p>\n<p>Comprenant:<\/p>\n<p>&#8211; Grande assiette : 30 pi\u00e8ces<br \/>\n&#8211; Assiette creuse : 12 pi\u00e8ces<br \/>\n&#8211; Assiette \u00e0 dessert : 12 pi\u00e8ces<br \/>\n&#8211; Assiette \u00e0 pain : 9 pi\u00e8ces<br \/>\n&#8211; L\u00e9gumier avec couvert : 1 pi\u00e8ce<br \/>\n&#8211; Soupi\u00e8re avec cuill\u00e8re : 1 pi\u00e8ce<br \/>\n&#8211; Grand plat ovale : 2 pi\u00e8ces<br \/>\n&#8211; Sali\u00e8re poivrier : 1 pi\u00e8ce<br \/>\n&#8211; Sauci\u00e8re avec cuill\u00e8re : 1 pi\u00e8ce<br \/>\n&#8211; Bol rectangulaire avec cuill\u00e8re : 1 pi\u00e8ce<br \/>\n&#8211; Ravier : 2 pi\u00e8ces<br \/>\n&#8211; Assiette ovale de pr\u00e9sentation : 1 pi\u00e8ce<br \/>\n&#8211; Grande assiette de pr\u00e9sentation : 2 pi\u00e8ces<\/p>\n<p>&nbsp;<\/p>\n<p><strong data-new-link=\"true\">Artiste:\u00a0<\/strong>Meissen<br \/>\n<strong data-new-link=\"true\">Epoque:\u00a0<\/strong>19\u00e8me si\u00e8cle<br \/>\n<strong data-new-link=\"true\">Style:\u00a0<\/strong>Autre style<br \/>\n<strong data-new-link=\"true\">Etat:\u00a0<\/strong>Bon \u00e9tat<\/p>\n<p><strong data-new-link=\"true\">Mati\u00e8re:\u00a0<\/strong>Porcelaine<\/p>\n","protected":false},"featured_media":1270,"template":"","meta":{"_acf_changed":false},"product_cat":[38],"product_tag":[],"class_list":{"0":"post-1269","1":"product","2":"type-product","3":"status-publish","4":"has-post-thumbnail","6":"product_cat-porcelaines","8":"first","9":"instock","10":"shipping-taxable","11":"purchasable","12":"product-type-simple"},"acf":[],"_links":{"self":[{"href":"https:\/\/3r-prev.com\/rai\/wp-json\/wp\/v2\/product\/1269","targetHints":{"allow":["GET"]}}],"collection":[{"href":"https:\/\/3r-prev.com\/rai\/wp-json\/wp\/v2\/product"}],"about":[{"href":"https:\/\/3r-prev.com\/rai\/wp-json\/wp\/v2\/types\/product"}],"wp:featuredmedia":[{"embeddable":true,"href":"https:\/\/3r-prev.com\/rai\/wp-json\/wp\/v2\/media\/1270"}],"wp:attachment":[{"href":"https:\/\/3r-prev.com\/rai\/wp-json\/wp\/v2\/media?parent=1269"}],"wp:term":[{"taxonomy":"product_cat","embeddable":true,"href":"https:\/\/3r-prev.com\/rai\/wp-json\/wp\/v2\/product_cat?post=1269"},{"taxonomy":"product_tag","embeddable":true,"href":"https:\/\/3r-prev.com\/rai\/wp-json\/wp\/v2\/product_tag?post=1269"}],"curies":[{"name":"wp","href":"https:\/\/api.w.org\/{rel}","templated":true}]}}