{"id":1238,"date":"2024-01-31T17:24:41","date_gmt":"2024-01-31T16:24:41","guid":{"rendered":"https:\/\/3r-prev.com\/rai\/?post_type=product&#038;p=1238"},"modified":"2024-02-02T09:55:22","modified_gmt":"2024-02-02T08:55:22","slug":"miroir-de-sergio-bustamante-1960","status":"publish","type":"product","link":"https:\/\/3r-prev.com\/rai\/produit\/miroir-de-sergio-bustamante-1960\/","title":{"rendered":"Miroir de Sergio Bustamante 1960"},"content":{"rendered":"","protected":false},"excerpt":{"rendered":"<p>Lune dor\u00e9e pour faire briller la pi\u00e8ce et r\u00eaver les invit\u00e9s.<\/p>\n<p>Sergio Bustamante 1934 &#8211; 2014<\/p>\n<p>Sergio Bustamante a \u00e9tudi\u00e9 l&#8217;architecture \u00e0 l&#8217;universit\u00e9 de Guadalajara et a vendu ses \u0153uvres d&#8217;art pendant ses \u00e9tudes, \u00e0 partir de 1960. Apr\u00e8s avoir obtenu son dipl\u00f4me, il a travaill\u00e9 avec des c\u00e9ramistes locaux, avant d&#8217;ouvrir son propre studio. En 1972, Bustamante s&#8217;installe \u00e0 Amsterdam, o\u00f9 il approfondit ses connaissances en mati\u00e8re de peinture et de design. En 1975, il a cr\u00e9\u00e9 son Family Workshop Studio \u00e0 Tiaquepaque, au Mexique. Ses sculptures monumentales se trouvent dans plusieurs villes, notamment Puerto Vallarta, Guadalajara et Tiaquepaque.<\/p>\n<p>&nbsp;<\/p>\n<p><strong data-new-link=\"true\">Artiste:\u00a0<\/strong>Sergio Bustamante<br \/>\n<strong data-new-link=\"true\">Epoque:\u00a0<\/strong>20\u00e8me si\u00e8cle<br \/>\n<strong data-new-link=\"true\">Style:\u00a0<\/strong>Design Ann\u00e9es 50-60<br \/>\n<strong data-new-link=\"true\">Etat:\u00a0<\/strong>Bon \u00e9tat<\/p>\n<p><strong data-new-link=\"true\">Mati\u00e8re:\u00a0<\/strong>Laiton<br \/>\n<strong data-new-link=\"true\">Diam\u00e8tre:\u00a0<\/strong>77 cm<br \/>\n<strong data-new-link=\"true\">Profondeur:\u00a0<\/strong>5 cm<\/p>\n","protected":false},"featured_media":1313,"template":"","meta":{"_acf_changed":false},"product_cat":[40],"product_tag":[],"class_list":{"0":"post-1238","1":"product","2":"type-product","3":"status-publish","4":"has-post-thumbnail","6":"product_cat-miroirs","8":"first","9":"instock","10":"shipping-taxable","11":"purchasable","12":"product-type-simple"},"acf":[],"_links":{"self":[{"href":"https:\/\/3r-prev.com\/rai\/wp-json\/wp\/v2\/product\/1238","targetHints":{"allow":["GET"]}}],"collection":[{"href":"https:\/\/3r-prev.com\/rai\/wp-json\/wp\/v2\/product"}],"about":[{"href":"https:\/\/3r-prev.com\/rai\/wp-json\/wp\/v2\/types\/product"}],"wp:featuredmedia":[{"embeddable":true,"href":"https:\/\/3r-prev.com\/rai\/wp-json\/wp\/v2\/media\/1313"}],"wp:attachment":[{"href":"https:\/\/3r-prev.com\/rai\/wp-json\/wp\/v2\/media?parent=1238"}],"wp:term":[{"taxonomy":"product_cat","embeddable":true,"href":"https:\/\/3r-prev.com\/rai\/wp-json\/wp\/v2\/product_cat?post=1238"},{"taxonomy":"product_tag","embeddable":true,"href":"https:\/\/3r-prev.com\/rai\/wp-json\/wp\/v2\/product_tag?post=1238"}],"curies":[{"name":"wp","href":"https:\/\/api.w.org\/{rel}","templated":true}]}}