{"id":1215,"date":"2024-01-31T17:18:46","date_gmt":"2024-01-31T16:18:46","guid":{"rendered":"https:\/\/3r-prev.com\/rai\/?post_type=product&#038;p=1215"},"modified":"2024-02-02T10:03:37","modified_gmt":"2024-02-02T09:03:37","slug":"paire-de-commodes-noirs-1940-style-art-deco","status":"publish","type":"product","link":"https:\/\/3r-prev.com\/rai\/produit\/paire-de-commodes-noirs-1940-style-art-deco\/","title":{"rendered":"Paire de commodes noirs 1940 style Art Deco"},"content":{"rendered":"","protected":false},"excerpt":{"rendered":"<p>Aux formes typiques du style art deco, cette paire de commodes anciennes des ann\u00e9es 1940 vous donnera une belle atmosph\u00e8re<br \/>\net un rangement bien \u00e9l\u00e9gent \u00e0 la maison.<\/p>\n<p>&nbsp;<\/p>\n<p><strong data-new-link=\"true\">Epoque:\u00a0<\/strong>20\u00e8me si\u00e8cle<br \/>\n<strong data-new-link=\"true\">Style:\u00a0<\/strong>Art D\u00e9co<br \/>\n<strong data-new-link=\"true\">Etat:\u00a0<\/strong>Bon \u00e9tat<\/p>\n<p><strong data-new-link=\"true\">Mati\u00e8re:\u00a0<\/strong>Autre<br \/>\n<strong data-new-link=\"true\">Longueur:\u00a0<\/strong>110 cm<br \/>\n<strong data-new-link=\"true\">Hauteur:\u00a0<\/strong>89 cm<br \/>\n<strong data-new-link=\"true\">Profondeur:\u00a0<\/strong>53 cm<\/p>\n","protected":false},"featured_media":1318,"template":"","meta":{"_acf_changed":false},"product_cat":[36],"product_tag":[],"class_list":{"0":"post-1215","1":"product","2":"type-product","3":"status-publish","4":"has-post-thumbnail","6":"product_cat-meubles","8":"first","9":"instock","10":"shipping-taxable","11":"purchasable","12":"product-type-simple"},"acf":[],"_links":{"self":[{"href":"https:\/\/3r-prev.com\/rai\/wp-json\/wp\/v2\/product\/1215","targetHints":{"allow":["GET"]}}],"collection":[{"href":"https:\/\/3r-prev.com\/rai\/wp-json\/wp\/v2\/product"}],"about":[{"href":"https:\/\/3r-prev.com\/rai\/wp-json\/wp\/v2\/types\/product"}],"wp:featuredmedia":[{"embeddable":true,"href":"https:\/\/3r-prev.com\/rai\/wp-json\/wp\/v2\/media\/1318"}],"wp:attachment":[{"href":"https:\/\/3r-prev.com\/rai\/wp-json\/wp\/v2\/media?parent=1215"}],"wp:term":[{"taxonomy":"product_cat","embeddable":true,"href":"https:\/\/3r-prev.com\/rai\/wp-json\/wp\/v2\/product_cat?post=1215"},{"taxonomy":"product_tag","embeddable":true,"href":"https:\/\/3r-prev.com\/rai\/wp-json\/wp\/v2\/product_tag?post=1215"}],"curies":[{"name":"wp","href":"https:\/\/api.w.org\/{rel}","templated":true}]}}