{"id":1201,"date":"2024-01-31T17:14:16","date_gmt":"2024-01-31T16:14:16","guid":{"rendered":"https:\/\/3r-prev.com\/rai\/?post_type=product&#038;p=1201"},"modified":"2024-02-02T10:04:26","modified_gmt":"2024-02-02T09:04:26","slug":"paire-de-lampadaires-1950-1960","status":"publish","type":"product","link":"https:\/\/3r-prev.com\/rai\/produit\/paire-de-lampadaires-1950-1960\/","title":{"rendered":"Paire de lampadaires 1950-1960"},"content":{"rendered":"","protected":false},"excerpt":{"rendered":"<p>Une paire de lampadaires en fer forg\u00e9 et opaline avec des lignes fluides et sculpturales, cr\u00e9\u00e9e par un talentueux artisan italien dans les ann\u00e9es 1960.<\/p>\n<p>Les lampadaires en fer forg\u00e9 sont souvent appr\u00e9ci\u00e9s pour leur caract\u00e8re artisanal et leur design unique, tandis que l&#8217;opaline, un type de verre translucide, ajoute une touche de raffinement et peut diffuser la lumi\u00e8re de mani\u00e8re douce et agr\u00e9able.<br \/>\nLes ann\u00e9es 1960 \u00e9taient une p\u00e9riode de cr\u00e9ativit\u00e9 et d&#8217;innovation dans le domaine du design, et de nombreux artistes italiens ont contribu\u00e9 \u00e0 cr\u00e9er des pi\u00e8ces embl\u00e9matiques de cette \u00e9poque. Les lignes fluides et sculpturales sugg\u00e8rent une esth\u00e9tique moderne et peut-\u00eatre m\u00eame un soup\u00e7on d&#8217;influence du mouvement artistique de l&#8217;\u00e9poque, tel que le design organique ou le style futuriste.<\/p>\n<p>Dimensions de l&#8217;opaline 26 cm x 20 cm x 20 cm.<br \/>\nDimensions de fer forger hauteur 1.84 cm x 3 cm.<br \/>\nLes dimensions de pied en opaline le diametre de 33 cm x 3 cm d&#8217;\u00e9paisseur.<\/p>\n<p>&nbsp;<\/p>\n<p><strong data-new-link=\"true\">Epoque:\u00a0<\/strong>20\u00e8me si\u00e8cle<br \/>\n<strong data-new-link=\"true\">Style:\u00a0<\/strong>Design Ann\u00e9es 50-60<br \/>\n<strong data-new-link=\"true\">Etat:\u00a0<\/strong>Bon \u00e9tat<\/p>\n<p><strong data-new-link=\"true\">Mati\u00e8re:\u00a0<\/strong>Fer forg\u00e9<br \/>\n<strong data-new-link=\"true\">Hauteur:\u00a0<\/strong>184 cm<\/p>\n","protected":false},"featured_media":1320,"template":"","meta":{"_acf_changed":false},"product_cat":[34],"product_tag":[],"class_list":{"0":"post-1201","1":"product","2":"type-product","3":"status-publish","4":"has-post-thumbnail","6":"product_cat-luminaires","8":"first","9":"instock","10":"shipping-taxable","11":"purchasable","12":"product-type-simple"},"acf":[],"_links":{"self":[{"href":"https:\/\/3r-prev.com\/rai\/wp-json\/wp\/v2\/product\/1201","targetHints":{"allow":["GET"]}}],"collection":[{"href":"https:\/\/3r-prev.com\/rai\/wp-json\/wp\/v2\/product"}],"about":[{"href":"https:\/\/3r-prev.com\/rai\/wp-json\/wp\/v2\/types\/product"}],"wp:featuredmedia":[{"embeddable":true,"href":"https:\/\/3r-prev.com\/rai\/wp-json\/wp\/v2\/media\/1320"}],"wp:attachment":[{"href":"https:\/\/3r-prev.com\/rai\/wp-json\/wp\/v2\/media?parent=1201"}],"wp:term":[{"taxonomy":"product_cat","embeddable":true,"href":"https:\/\/3r-prev.com\/rai\/wp-json\/wp\/v2\/product_cat?post=1201"},{"taxonomy":"product_tag","embeddable":true,"href":"https:\/\/3r-prev.com\/rai\/wp-json\/wp\/v2\/product_tag?post=1201"}],"curies":[{"name":"wp","href":"https:\/\/api.w.org\/{rel}","templated":true}]}}