{"id":1199,"date":"2024-01-31T17:11:57","date_gmt":"2024-01-31T16:11:57","guid":{"rendered":"https:\/\/3r-prev.com\/rai\/?post_type=product&#038;p=1199"},"modified":"2024-02-02T10:02:46","modified_gmt":"2024-02-02T09:02:46","slug":"paire-de-chandeliers-baccarat-cristal","status":"publish","type":"product","link":"https:\/\/3r-prev.com\/rai\/produit\/paire-de-chandeliers-baccarat-cristal\/","title":{"rendered":"Paire de chandeliers | Baccarat | Cristal"},"content":{"rendered":"","protected":false},"excerpt":{"rendered":"<p>Paire de cand\u00e9labres en cristal de Baccarat \u00e0 d\u00e9cor taill\u00e9 et moulur\u00e9. Chaque cand\u00e9labre pr\u00e9sente trois bras de lumi\u00e8re, richement d\u00e9cor\u00e9s de pampilles et soutenus par une base godronn\u00e9e \u00e0 frise de perles. Les bob\u00e8ches aux bords ondul\u00e9s sont \u00e9galement finement d\u00e9cor\u00e9es de godrons et de feuilles d&#8217;eau. &#8220;Baccarat France&#8221; estampill\u00e9 sous le talon. XX\u00e8me si\u00e8cle. Circa 1970.<\/p>\n<p>&nbsp;<\/p>\n<p><strong data-new-link=\"true\">Artiste:\u00a0<\/strong>Baccarat<br \/>\n<strong data-new-link=\"true\">Epoque:\u00a0<\/strong>20\u00e8me si\u00e8cle<br \/>\n<strong data-new-link=\"true\">Style:\u00a0<\/strong>Art moderne<br \/>\n<strong data-new-link=\"true\">Etat:\u00a0<\/strong>Bon \u00e9tat<\/p>\n<p><strong data-new-link=\"true\">Mati\u00e8re:\u00a0<\/strong>Cristal<br \/>\n<strong data-new-link=\"true\">Longueur:\u00a0<\/strong>37 cm<br \/>\n<strong data-new-link=\"true\">Hauteur:\u00a0<\/strong>55 cm<br \/>\n<strong data-new-link=\"true\">Profondeur:\u00a0<\/strong>16 cm<\/p>\n","protected":false},"featured_media":1316,"template":"","meta":{"_acf_changed":false},"product_cat":[34],"product_tag":[],"class_list":{"0":"post-1199","1":"product","2":"type-product","3":"status-publish","4":"has-post-thumbnail","6":"product_cat-luminaires","8":"first","9":"instock","10":"shipping-taxable","11":"purchasable","12":"product-type-simple"},"acf":[],"_links":{"self":[{"href":"https:\/\/3r-prev.com\/rai\/wp-json\/wp\/v2\/product\/1199","targetHints":{"allow":["GET"]}}],"collection":[{"href":"https:\/\/3r-prev.com\/rai\/wp-json\/wp\/v2\/product"}],"about":[{"href":"https:\/\/3r-prev.com\/rai\/wp-json\/wp\/v2\/types\/product"}],"wp:featuredmedia":[{"embeddable":true,"href":"https:\/\/3r-prev.com\/rai\/wp-json\/wp\/v2\/media\/1316"}],"wp:attachment":[{"href":"https:\/\/3r-prev.com\/rai\/wp-json\/wp\/v2\/media?parent=1199"}],"wp:term":[{"taxonomy":"product_cat","embeddable":true,"href":"https:\/\/3r-prev.com\/rai\/wp-json\/wp\/v2\/product_cat?post=1199"},{"taxonomy":"product_tag","embeddable":true,"href":"https:\/\/3r-prev.com\/rai\/wp-json\/wp\/v2\/product_tag?post=1199"}],"curies":[{"name":"wp","href":"https:\/\/api.w.org\/{rel}","templated":true}]}}