{"id":1182,"date":"2024-01-31T17:08:49","date_gmt":"2024-01-31T16:08:49","guid":{"rendered":"https:\/\/3r-prev.com\/rai\/?post_type=product&#038;p=1182"},"modified":"2024-02-19T15:45:32","modified_gmt":"2024-02-19T14:45:32","slug":"bureau-compact-1960-magic-box","status":"publish","type":"product","link":"https:\/\/3r-prev.com\/rai\/produit\/bureau-compact-1960-magic-box\/","title":{"rendered":"Bureau Compact 1960 Magic Box"},"content":{"rendered":"","protected":false},"excerpt":{"rendered":"<p>Ce\u00a0 bureau se distingue par son esth\u00e9tique moderne, compact, modulable r\u00e9aliser dans les ann\u00e9e 1960. Sa couleur rouge h\u00e8rmes est apliqu\u00e9e pour sa personalisation.<br \/>\nC&#8217;est un mobilier polyvalent et fonctionnel qui offre une grande commodite dans un espace restreint. La modularit\u00e9 esr une caract\u00e9ristique essentielle de ce bureau,<br \/>\nil est \u00e9quip\u00e9 de multiple compartiments de rengements tiroirs et \u00e9tag\u00e8res qui peuvent \u00eatre d\u00e9plac\u00e9s,r\u00e9organis\u00e9s ou retir\u00e9s selon les besoin de lutilisateur.<br \/>\nPolivalence; Ce bureau ne se limite pas \u00e0 un simple espace de travail, il peut \u00e9galement \u00eatre utilis\u00e9 comme une coiffeuse,une table de dessin, une console ou m\u00eame une table pour les repas rapides.<\/p>\n<p>Dimention ferm\u00e9 83x54x113 cm<br \/>\nDimention ouvert 166x36x113 cm<br \/>\nDimention tablette 118x47x71 cm<\/p>\n<p>&nbsp;<\/p>\n<p><strong data-new-link=\"true\">Artiste:\u00a0<\/strong>Ateliers Genestar<br \/>\n<strong data-new-link=\"true\">Epoque:\u00a0<\/strong>20\u00e8me si\u00e8cle<br \/>\n<strong data-new-link=\"true\">Style:\u00a0<\/strong>Design Ann\u00e9es 50-60<br \/>\n<strong data-new-link=\"true\">Etat:\u00a0<\/strong>Tr\u00e8s bon \u00e9tat<\/p>\n<p><strong data-new-link=\"true\">Mati\u00e8re:\u00a0<\/strong>Laque<br \/>\n<strong data-new-link=\"true\">Longueur:\u00a0<\/strong>0.83 cm<br \/>\n<strong data-new-link=\"true\">Largeur:\u00a0<\/strong>0.54 cm<br \/>\n<strong data-new-link=\"true\">Hauteur:\u00a0<\/strong>113 cm<\/p>\n","protected":false},"featured_media":1183,"template":"","meta":{"_acf_changed":false},"product_cat":[36],"product_tag":[],"class_list":{"0":"post-1182","1":"product","2":"type-product","3":"status-publish","4":"has-post-thumbnail","6":"product_cat-meubles","8":"first","9":"instock","10":"shipping-taxable","11":"purchasable","12":"product-type-simple"},"acf":[],"_links":{"self":[{"href":"https:\/\/3r-prev.com\/rai\/wp-json\/wp\/v2\/product\/1182","targetHints":{"allow":["GET"]}}],"collection":[{"href":"https:\/\/3r-prev.com\/rai\/wp-json\/wp\/v2\/product"}],"about":[{"href":"https:\/\/3r-prev.com\/rai\/wp-json\/wp\/v2\/types\/product"}],"wp:featuredmedia":[{"embeddable":true,"href":"https:\/\/3r-prev.com\/rai\/wp-json\/wp\/v2\/media\/1183"}],"wp:attachment":[{"href":"https:\/\/3r-prev.com\/rai\/wp-json\/wp\/v2\/media?parent=1182"}],"wp:term":[{"taxonomy":"product_cat","embeddable":true,"href":"https:\/\/3r-prev.com\/rai\/wp-json\/wp\/v2\/product_cat?post=1182"},{"taxonomy":"product_tag","embeddable":true,"href":"https:\/\/3r-prev.com\/rai\/wp-json\/wp\/v2\/product_tag?post=1182"}],"curies":[{"name":"wp","href":"https:\/\/api.w.org\/{rel}","templated":true}]}}