{"id":1171,"date":"2024-01-31T17:04:09","date_gmt":"2024-01-31T16:04:09","guid":{"rendered":"https:\/\/3r-prev.com\/rai\/?post_type=product&#038;p=1171"},"modified":"2024-01-31T17:04:10","modified_gmt":"2024-01-31T16:04:10","slug":"service-de-table-limoges-bernardaud-modele-verlaine-blanc-or","status":"publish","type":"product","link":"https:\/\/3r-prev.com\/rai\/produit\/service-de-table-limoges-bernardaud-modele-verlaine-blanc-or\/","title":{"rendered":"Service De Table Limoges Bernardaud Mod\u00e8le &#8220;Verlaine&#8221; | Blanc | Or"},"content":{"rendered":"","protected":false},"excerpt":{"rendered":"<p>&#8220;Limoges Service De Table Bernardaud Mod\u00e8le Verlaine&#8221;<\/p>\n<p>Service en porcelaine blanche \u00e0 d\u00e9cor de f\u00eenes c\u00f4tes torsad\u00e9es et ourl\u00e9 d&#8217;un filet or sur la bordure.<\/p>\n<p>Important service de 61 pi\u00e8ces comprenant :<br \/>\n11 assiettes plates, 11 assiettes \u00e0 dessert, 11 tasses avec soucoupe, 1 plat ovale de pr\u00e9sentation,<br \/>\n1 plat rond creux, 1 grande assiette creuse, 1 grande assiette de pr\u00e9sentation, 1 sucrier, 1 laiti\u00e8re, 2 raviers,<br \/>\n1 saladier couvert et 8 bols \u00e0 soupe.<\/p>\n<p>&nbsp;<\/p>\n<p><strong data-new-link=\"true\">Artiste:\u00a0<\/strong>Bernardaud<br \/>\n<strong data-new-link=\"true\">Epoque:\u00a0<\/strong>19\u00e8me si\u00e8cle<br \/>\n<strong data-new-link=\"true\">Style:\u00a0<\/strong>Autre style<br \/>\n<strong data-new-link=\"true\">Etat:\u00a0<\/strong>Tr\u00e8s bon \u00e9tat<\/p>\n<p><strong data-new-link=\"true\">Mati\u00e8re:\u00a0<\/strong>Porcelaine<\/p>\n","protected":false},"featured_media":1172,"template":"","meta":{"_acf_changed":false},"product_cat":[38],"product_tag":[],"class_list":{"0":"post-1171","1":"product","2":"type-product","3":"status-publish","4":"has-post-thumbnail","6":"product_cat-porcelaines","8":"first","9":"instock","10":"shipping-taxable","11":"purchasable","12":"product-type-simple"},"acf":[],"_links":{"self":[{"href":"https:\/\/3r-prev.com\/rai\/wp-json\/wp\/v2\/product\/1171","targetHints":{"allow":["GET"]}}],"collection":[{"href":"https:\/\/3r-prev.com\/rai\/wp-json\/wp\/v2\/product"}],"about":[{"href":"https:\/\/3r-prev.com\/rai\/wp-json\/wp\/v2\/types\/product"}],"wp:featuredmedia":[{"embeddable":true,"href":"https:\/\/3r-prev.com\/rai\/wp-json\/wp\/v2\/media\/1172"}],"wp:attachment":[{"href":"https:\/\/3r-prev.com\/rai\/wp-json\/wp\/v2\/media?parent=1171"}],"wp:term":[{"taxonomy":"product_cat","embeddable":true,"href":"https:\/\/3r-prev.com\/rai\/wp-json\/wp\/v2\/product_cat?post=1171"},{"taxonomy":"product_tag","embeddable":true,"href":"https:\/\/3r-prev.com\/rai\/wp-json\/wp\/v2\/product_tag?post=1171"}],"curies":[{"name":"wp","href":"https:\/\/api.w.org\/{rel}","templated":true}]}}