{"id":1163,"date":"2024-01-31T17:02:10","date_gmt":"2024-01-31T16:02:10","guid":{"rendered":"https:\/\/3r-prev.com\/rai\/?post_type=product&#038;p=1163"},"modified":"2024-02-02T10:08:07","modified_gmt":"2024-02-02T09:08:07","slug":"vase-cristal-lalique-les-eleens","status":"publish","type":"product","link":"https:\/\/3r-prev.com\/rai\/produit\/vase-cristal-lalique-les-eleens\/","title":{"rendered":"Vase Cristal Lalique &#8220;LES ELEENS&#8221;"},"content":{"rendered":"","protected":false},"excerpt":{"rendered":"<p><em>Vase &#8220;Les ELEENS&#8221; de Marie Claude Lalique cr\u00e9\u00e9e en 1994.<br \/>\nD\u00e9cor repr\u00e9sentant des athl\u00e8tes, le vase rend hommage \u00e0 l&#8217;\u00e9sprit Olympic et aux jeux originaux d&#8217;Ath\u00e8nes.<\/em><\/p>\n<p>&nbsp;<\/p>\n<p><strong data-new-link=\"true\">Artiste:\u00a0<\/strong>Marie Claude Lalique<br \/>\n<strong data-new-link=\"true\">Epoque:\u00a0<\/strong>20\u00e8me si\u00e8cle<br \/>\n<strong data-new-link=\"true\">Style:\u00a0<\/strong>Art moderne<br \/>\n<strong data-new-link=\"true\">Etat:\u00a0<\/strong>Bon \u00e9tat<\/p>\n<p><strong data-new-link=\"true\">Mati\u00e8re:\u00a0<\/strong>Cristal<br \/>\n<strong data-new-link=\"true\">Diam\u00e8tre:\u00a0<\/strong>28 cm<br \/>\n<strong data-new-link=\"true\">Hauteur:\u00a0<\/strong>48 cm<\/p>\n","protected":false},"featured_media":1324,"template":"","meta":{"_acf_changed":false},"product_cat":[37],"product_tag":[],"class_list":{"0":"post-1163","1":"product","2":"type-product","3":"status-publish","4":"has-post-thumbnail","6":"product_cat-verrerie","8":"first","9":"instock","10":"shipping-taxable","11":"purchasable","12":"product-type-simple"},"acf":[],"_links":{"self":[{"href":"https:\/\/3r-prev.com\/rai\/wp-json\/wp\/v2\/product\/1163","targetHints":{"allow":["GET"]}}],"collection":[{"href":"https:\/\/3r-prev.com\/rai\/wp-json\/wp\/v2\/product"}],"about":[{"href":"https:\/\/3r-prev.com\/rai\/wp-json\/wp\/v2\/types\/product"}],"wp:featuredmedia":[{"embeddable":true,"href":"https:\/\/3r-prev.com\/rai\/wp-json\/wp\/v2\/media\/1324"}],"wp:attachment":[{"href":"https:\/\/3r-prev.com\/rai\/wp-json\/wp\/v2\/media?parent=1163"}],"wp:term":[{"taxonomy":"product_cat","embeddable":true,"href":"https:\/\/3r-prev.com\/rai\/wp-json\/wp\/v2\/product_cat?post=1163"},{"taxonomy":"product_tag","embeddable":true,"href":"https:\/\/3r-prev.com\/rai\/wp-json\/wp\/v2\/product_tag?post=1163"}],"curies":[{"name":"wp","href":"https:\/\/api.w.org\/{rel}","templated":true}]}}