{"id":1144,"date":"2024-01-31T16:53:25","date_gmt":"2024-01-31T15:53:25","guid":{"rendered":"https:\/\/3r-prev.com\/rai\/?post_type=product&#038;p=1144"},"modified":"2024-02-02T10:05:20","modified_gmt":"2024-02-02T09:05:20","slug":"paire-de-sieges-metal-dore","status":"publish","type":"product","link":"https:\/\/3r-prev.com\/rai\/produit\/paire-de-sieges-metal-dore\/","title":{"rendered":"Paire De Si\u00e8ges, m\u00e9tal dor\u00e9"},"content":{"rendered":"","protected":false},"excerpt":{"rendered":"<p>La paire de si\u00e8ge en fer forg\u00e9 patin\u00e9 or est agr\u00e9ment\u00e9 d&#8217;une finition dor\u00e9e viellie, lui conf\u00e9rant un charme vintage et raffin\u00e9.<br \/>\nLe coussin en velour rouge viellie compl\u00e8te l&#8217;ensemble avec \u00e9l\u00e9gance,offrant non seulement un confort molleux, mais aussi une esth\u00e9tique luxueuse et chaleureuse.<br \/>\nDimensions du si\u00e8ge Lon: 53 cm Lar: 34 cm\u00a0 H: 40 cm<br \/>\nDimension du fer autour de si\u00e8ge Lon: 55 cm Lar: 71 cm H: 40 cm<\/p>\n<p><strong data-new-link=\"true\">Epoque:\u00a0<\/strong>20\u00e8me si\u00e8cle<br \/>\n<strong data-new-link=\"true\">Style:\u00a0<\/strong>Art D\u00e9co<br \/>\n<strong data-new-link=\"true\">Etat:\u00a0<\/strong>Bon \u00e9tat<\/p>\n<p><strong data-new-link=\"true\">Mati\u00e8re:\u00a0<\/strong>M\u00e9tal<br \/>\n<strong data-new-link=\"true\">Longueur:\u00a0<\/strong>55 cm<br \/>\n<strong data-new-link=\"true\">Largeur:\u00a0<\/strong>71 cm<br \/>\n<strong data-new-link=\"true\">Diam\u00e8tre:<\/strong><br \/>\n<strong data-new-link=\"true\">Hauteur:\u00a0<\/strong>40 cm<\/p>\n<p>&nbsp;<\/p>\n","protected":false},"featured_media":1322,"template":"","meta":{"_acf_changed":false},"product_cat":[34],"product_tag":[],"class_list":{"0":"post-1144","1":"product","2":"type-product","3":"status-publish","4":"has-post-thumbnail","6":"product_cat-luminaires","8":"first","9":"instock","10":"shipping-taxable","11":"purchasable","12":"product-type-simple"},"acf":[],"_links":{"self":[{"href":"https:\/\/3r-prev.com\/rai\/wp-json\/wp\/v2\/product\/1144","targetHints":{"allow":["GET"]}}],"collection":[{"href":"https:\/\/3r-prev.com\/rai\/wp-json\/wp\/v2\/product"}],"about":[{"href":"https:\/\/3r-prev.com\/rai\/wp-json\/wp\/v2\/types\/product"}],"wp:featuredmedia":[{"embeddable":true,"href":"https:\/\/3r-prev.com\/rai\/wp-json\/wp\/v2\/media\/1322"}],"wp:attachment":[{"href":"https:\/\/3r-prev.com\/rai\/wp-json\/wp\/v2\/media?parent=1144"}],"wp:term":[{"taxonomy":"product_cat","embeddable":true,"href":"https:\/\/3r-prev.com\/rai\/wp-json\/wp\/v2\/product_cat?post=1144"},{"taxonomy":"product_tag","embeddable":true,"href":"https:\/\/3r-prev.com\/rai\/wp-json\/wp\/v2\/product_tag?post=1144"}],"curies":[{"name":"wp","href":"https:\/\/api.w.org\/{rel}","templated":true}]}}