{"id":1134,"date":"2024-01-31T16:43:02","date_gmt":"2024-01-31T15:43:02","guid":{"rendered":"https:\/\/3r-prev.com\/rai\/?post_type=product&#038;p=1134"},"modified":"2024-02-02T09:54:15","modified_gmt":"2024-02-02T08:54:15","slug":"lampe-en-fer-forge-style-picasso","status":"publish","type":"product","link":"https:\/\/3r-prev.com\/rai\/produit\/lampe-en-fer-forge-style-picasso\/","title":{"rendered":"Lampe en Fer Forg\u00e9 Style Picasso"},"content":{"rendered":"","protected":false},"excerpt":{"rendered":"<p>Lampe en fer forg\u00e9, style Picasso. Ann\u00e9es 1970.<br \/>\nLa hauteur se modifit de 87 cm a 109 cm.<\/p>\n<p>&nbsp;<\/p>\n<p><strong data-new-link=\"true\">Epoque:\u00a0<\/strong>20\u00e8me si\u00e8cle<br \/>\n<strong data-new-link=\"true\">Style:\u00a0<\/strong>Autre style<br \/>\n<strong data-new-link=\"true\">Etat:\u00a0<\/strong>Bon \u00e9tat<\/p>\n<p><strong data-new-link=\"true\">Mati\u00e8re:\u00a0<\/strong>Fer forg\u00e9<br \/>\n<strong data-new-link=\"true\">Longueur:<\/strong><br \/>\n<strong data-new-link=\"true\">Largeur:<\/strong><br \/>\n<strong data-new-link=\"true\">Diam\u00e8tre:\u00a0<\/strong>30<br \/>\n<strong data-new-link=\"true\">Hauteur:\u00a0<\/strong>de 109 a 87 cm<\/p>\n","protected":false},"featured_media":1310,"template":"","meta":{"_acf_changed":false},"product_cat":[34],"product_tag":[],"class_list":{"0":"post-1134","1":"product","2":"type-product","3":"status-publish","4":"has-post-thumbnail","6":"product_cat-luminaires","8":"first","9":"instock","10":"shipping-taxable","11":"purchasable","12":"product-type-simple"},"acf":[],"_links":{"self":[{"href":"https:\/\/3r-prev.com\/rai\/wp-json\/wp\/v2\/product\/1134","targetHints":{"allow":["GET"]}}],"collection":[{"href":"https:\/\/3r-prev.com\/rai\/wp-json\/wp\/v2\/product"}],"about":[{"href":"https:\/\/3r-prev.com\/rai\/wp-json\/wp\/v2\/types\/product"}],"wp:featuredmedia":[{"embeddable":true,"href":"https:\/\/3r-prev.com\/rai\/wp-json\/wp\/v2\/media\/1310"}],"wp:attachment":[{"href":"https:\/\/3r-prev.com\/rai\/wp-json\/wp\/v2\/media?parent=1134"}],"wp:term":[{"taxonomy":"product_cat","embeddable":true,"href":"https:\/\/3r-prev.com\/rai\/wp-json\/wp\/v2\/product_cat?post=1134"},{"taxonomy":"product_tag","embeddable":true,"href":"https:\/\/3r-prev.com\/rai\/wp-json\/wp\/v2\/product_tag?post=1134"}],"curies":[{"name":"wp","href":"https:\/\/api.w.org\/{rel}","templated":true}]}}