{"id":1096,"date":"2024-01-30T12:10:42","date_gmt":"2024-01-30T11:10:42","guid":{"rendered":"https:\/\/3r-prev.com\/rai\/?post_type=product&#038;p=1096"},"modified":"2024-02-02T09:58:04","modified_gmt":"2024-02-02T08:58:04","slug":"paire-dapplique-seville-de-marc-lalique","status":"publish","type":"product","link":"https:\/\/3r-prev.com\/rai\/produit\/paire-dapplique-seville-de-marc-lalique\/","title":{"rendered":"Paire d&#8217;Applique &#8220;s\u00e9ville&#8221; De Marc Lalique"},"content":{"rendered":"","protected":false},"excerpt":{"rendered":"<p>Con\u00e7u par Marc Lalique en 1947, l&#8217;\u00e9l\u00e9ment en cristal S\u00e9ville illumine tous les int\u00e9rieurs. Ses volutes de cristal satin\u00e9es cr\u00e9ent de fascinants jeux de lumi\u00e8re. Cette \u0153uvre majestueuse refl\u00e8te la passion, l\u2019excellence, le savoir-faire et la cr\u00e9ativit\u00e9 des meilleurs sculpteurs en \u00e9clairage.<\/p>\n<p>&nbsp;<\/p>\n<p><strong data-new-link=\"true\">Artiste:\u00a0<\/strong>Marc Lalique<br \/>\n<strong data-new-link=\"true\">Epoque:\u00a0<\/strong>20\u00e8me si\u00e8cle<br \/>\n<strong data-new-link=\"true\">Style:\u00a0<\/strong>Design Ann\u00e9es 50-60<br \/>\n<strong data-new-link=\"true\">Etat:\u00a0<\/strong>Bon \u00e9tat<\/p>\n<p><strong data-new-link=\"true\">Mati\u00e8re:\u00a0<\/strong>Cristal<br \/>\n<strong data-new-link=\"true\">Longueur:<\/strong><br \/>\n<strong data-new-link=\"true\">Largeur:\u00a0<\/strong>19.5 cm<br \/>\n<strong data-new-link=\"true\">Diam\u00e8tre:\u00a0<\/strong>12.5 cm<br \/>\n<strong data-new-link=\"true\">Hauteur:\u00a0<\/strong>38 cm<\/p>\n","protected":false},"featured_media":1314,"template":"","meta":{"_acf_changed":false},"product_cat":[34],"product_tag":[],"class_list":{"0":"post-1096","1":"product","2":"type-product","3":"status-publish","4":"has-post-thumbnail","6":"product_cat-luminaires","8":"first","9":"instock","10":"shipping-taxable","11":"purchasable","12":"product-type-simple"},"acf":[],"_links":{"self":[{"href":"https:\/\/3r-prev.com\/rai\/wp-json\/wp\/v2\/product\/1096","targetHints":{"allow":["GET"]}}],"collection":[{"href":"https:\/\/3r-prev.com\/rai\/wp-json\/wp\/v2\/product"}],"about":[{"href":"https:\/\/3r-prev.com\/rai\/wp-json\/wp\/v2\/types\/product"}],"wp:featuredmedia":[{"embeddable":true,"href":"https:\/\/3r-prev.com\/rai\/wp-json\/wp\/v2\/media\/1314"}],"wp:attachment":[{"href":"https:\/\/3r-prev.com\/rai\/wp-json\/wp\/v2\/media?parent=1096"}],"wp:term":[{"taxonomy":"product_cat","embeddable":true,"href":"https:\/\/3r-prev.com\/rai\/wp-json\/wp\/v2\/product_cat?post=1096"},{"taxonomy":"product_tag","embeddable":true,"href":"https:\/\/3r-prev.com\/rai\/wp-json\/wp\/v2\/product_tag?post=1096"}],"curies":[{"name":"wp","href":"https:\/\/api.w.org\/{rel}","templated":true}]}}