{"id":1093,"date":"2024-01-30T11:51:04","date_gmt":"2024-01-30T10:51:04","guid":{"rendered":"https:\/\/3r-prev.com\/rai\/?post_type=product&#038;p=1093"},"modified":"2024-02-02T09:49:38","modified_gmt":"2024-02-02T08:49:38","slug":"applique-seville-de-marc-lalique","status":"publish","type":"product","link":"https:\/\/3r-prev.com\/rai\/produit\/applique-seville-de-marc-lalique\/","title":{"rendered":"Applique &#8220;s\u00e9ville&#8221; De Marc Lalique"},"content":{"rendered":"","protected":false},"excerpt":{"rendered":"<p>Applique S\u00e9ville monumentale \u00e0 deux rangs par Marc Lalique en 1947.<\/p>\n<p>&nbsp;<\/p>\n<p><strong data-new-link=\"true\">Artiste:\u00a0<\/strong>Marc Lalique<br \/>\n<strong data-new-link=\"true\">Epoque:\u00a0<\/strong>20\u00e8me si\u00e8cle<br \/>\n<strong data-new-link=\"true\">Style:\u00a0<\/strong>Art moderne<br \/>\n<strong data-new-link=\"true\">Etat:\u00a0<\/strong>Bon \u00e9tat<br \/>\n<strong data-new-link=\"true\">Mati\u00e8re: <\/strong>Cristal<\/p>\n","protected":false},"featured_media":1308,"template":"","meta":{"_acf_changed":false},"product_cat":[34],"product_tag":[],"class_list":{"0":"post-1093","1":"product","2":"type-product","3":"status-publish","4":"has-post-thumbnail","6":"product_cat-luminaires","8":"first","9":"instock","10":"shipping-taxable","11":"purchasable","12":"product-type-simple"},"acf":[],"_links":{"self":[{"href":"https:\/\/3r-prev.com\/rai\/wp-json\/wp\/v2\/product\/1093","targetHints":{"allow":["GET"]}}],"collection":[{"href":"https:\/\/3r-prev.com\/rai\/wp-json\/wp\/v2\/product"}],"about":[{"href":"https:\/\/3r-prev.com\/rai\/wp-json\/wp\/v2\/types\/product"}],"wp:featuredmedia":[{"embeddable":true,"href":"https:\/\/3r-prev.com\/rai\/wp-json\/wp\/v2\/media\/1308"}],"wp:attachment":[{"href":"https:\/\/3r-prev.com\/rai\/wp-json\/wp\/v2\/media?parent=1093"}],"wp:term":[{"taxonomy":"product_cat","embeddable":true,"href":"https:\/\/3r-prev.com\/rai\/wp-json\/wp\/v2\/product_cat?post=1093"},{"taxonomy":"product_tag","embeddable":true,"href":"https:\/\/3r-prev.com\/rai\/wp-json\/wp\/v2\/product_tag?post=1093"}],"curies":[{"name":"wp","href":"https:\/\/api.w.org\/{rel}","templated":true}]}}