{"id":28,"date":"2019-08-13T06:49:15","date_gmt":"2019-08-13T06:49:15","guid":{"rendered":"http:\/\/rnbtheme.com\/sixty_six\/?page_id=28"},"modified":"2024-02-19T11:03:08","modified_gmt":"2024-02-19T10:03:08","slug":"a-popos","status":"publish","type":"page","link":"https:\/\/3r-prev.com\/rai\/a-popos\/","title":{"rendered":"A propos"},"content":{"rendered":"<div class=\"wpb-content-wrapper\"><p>[vc_row dfd_enable_overlay=&#8221;&#8221; dfd_row_config=&#8221;full_width_content&#8221;][vc_column column_bg_position=&#8221;center center&#8221; column_bg_repeat=&#8221;no-repeat&#8221; css=&#8221;.vc_custom_1706688398144{background-image: url(https:\/\/3r-prev.com\/rai\/wp-content\/uploads\/2024\/01\/2962-diaporama-65aabb4224974-opt-standard-scale-2_00x.jpg?id=1103) !important;background-position: center !important;background-repeat: no-repeat !important;background-size: cover !important;}&#8221; col_shadow=&#8221;box_shadow_enable:disable|shadow_horizontal:0|shadow_vertical:15|shadow_blur:50|shadow_spread:0|box_shadow_color:rgba(0%2C0%2C0%2C0.35)&#8221; col_shadow_hover=&#8221;box_shadow_enable:disable|shadow_horizontal:0|shadow_vertical:15|shadow_blur:50|shadow_spread:0|box_shadow_color:rgba(0%2C0%2C0%2C0.35)&#8221;]<div class=\"dfd-spacer-module\"  data-units=\"px\" data-wide_resolution=\"1280\" data-wide_size=\"600\" data-normal_resolution=\"1024\" data-normal_size=\"500\" data-tablet_resolution=\"800\" data-tablet_size=\"400\" data-mobile_resolution=\"480\" data-mobile_size=\"200\" style=\"height: 600px;\"><\/div>[\/vc_column][vc_column dfd_column_responsive_enable=&#8221;dfd-column-responsive-enable&#8221; css=&#8221;.vc_custom_1566308802848{padding-left: 110px !important;}&#8221; col_shadow=&#8221;box_shadow_enable:disable|shadow_horizontal:0|shadow_vertical:15|shadow_blur:50|shadow_spread:0|box_shadow_color:rgba(0%2C0%2C0%2C0.35)&#8221; col_shadow_hover=&#8221;box_shadow_enable:disable|shadow_horizontal:0|shadow_vertical:15|shadow_blur:50|shadow_spread:0|box_shadow_color:rgba(0%2C0%2C0%2C0.35)&#8221; responsive_styles=&#8221;padding_left_desktop:30|padding_left_tablet:30|padding_left_mobile:20&#8243; el_class=&#8221;dfd-custom-z-index&#8221;]<div class=\"dfd-spacer-module\"  data-units=\"px\" data-wide_resolution=\"1280\" data-wide_size=\"30\" data-normal_resolution=\"1024\" data-normal_size=\"30\" data-tablet_resolution=\"800\" data-tablet_size=\"30\" data-mobile_resolution=\"480\" data-mobile_size=\"30\" style=\"height: 30px;\"><\/div>[\/vc_column][\/vc_row][vc_row dfd_enable_overlay=&#8221;&#8221;][vc_column width=&#8221;1\/6&#8243;][\/vc_column][vc_column width=&#8221;2\/3&#8243; dfd_column_responsive_enable=&#8221;dfd-column-responsive-enable&#8221; css=&#8221;.vc_custom_1566291616950{margin-top: -158px !important;background-color: #ffffff !important;}&#8221; col_shadow=&#8221;box_shadow_enable:disable|shadow_horizontal:0|shadow_vertical:15|shadow_blur:50|shadow_spread:0|box_shadow_color:rgba(0%2C0%2C0%2C0.35)&#8221; col_shadow_hover=&#8221;box_shadow_enable:disable|shadow_horizontal:0|shadow_vertical:15|shadow_blur:50|shadow_spread:0|box_shadow_color:rgba(0%2C0%2C0%2C0.35)&#8221; responsive_styles=&#8221;margin_top_mobile:0&#8243;]<div class=\"dfd-spacer-module\"  data-units=\"px\" data-wide_resolution=\"1280\" data-wide_size=\"75\" data-normal_resolution=\"1024\" data-normal_size=\"75\" data-tablet_resolution=\"800\" data-tablet_size=\"75\" data-mobile_resolution=\"480\" data-mobile_size=\"50\" style=\"height: 75px;\"><\/div><div class=\"dfd-heading-shortcode\"><div class=\"dfd-heading-module-wrap dfd-custom-heading-img-2 text-center style_07 cr-animate-gen dfd-heading-69da12179fda0 dfd-disable-resposive-headings\" id=\"dfd-heading-69da12179fda0\" data-animate-type = \"transition.slideUpBigIn\" ><div class=\"inline-block\"><div class=\"dfd-heading-module\"><div class=\"title-wrap\"><div class=\"dfd-heading-delimiter dfd-img-lazy-load\"><img loading=\"lazy\" decoding=\"async\" src=\"data:image\/svg+xml;charset=utf-8,%3Csvg xmlns%3D'http%3A%2F%2Fwww.w3.org%2F2000%2Fsvg' viewBox%3D'0 0 25 25'%2F%3E\" data-src=\"https:\/\/3r-prev.com\/rai\/wp-content\/uploads\/2019\/08\/marker-slider.png\" alt=\"delimiter image\" width=\"25\" height=\"25\" \/><\/div><h4 class=\"widget-title dfd-title \" style=\"font-size: 28px; font-family: BarlowLight; line-height: 28px; letter-spacing: 0px; \"><span style=\"font-weight: 400;\">La galerie<\/span><\/h4><\/div><\/div><\/div><\/div><script type=\"text\/javascript\">\r\n\t\t\t\t\t\t\t\t\t(function($) {\r\n\t\t\t\t\t\t\t\t\t\t$(\"head\").append(\"<style>.dfd-heading-69da12179fda0.dfd-heading-module-wrap .dfd-heading-module .dfd-heading-delimiter {margin-top:10px;margin-bottom:10px;}@media (max-width: 799px){.dfd-heading-69da12179fda0 .dfd-title{font-size: 24px !important;line-height: 24px !important;}}<\/style>\");\r\n\t\t\t\t\t\t\t\t\t})(jQuery);\r\n\t\t\t\t\t\t\t\t<\/script><\/div><div class=\"dfd-heading-shortcode\"><div class=\"dfd-heading-module-wrap  text-center style_01 cr-animate-gen dfd-heading-69da1217a355c dfd-disable-resposive-headings\" id=\"dfd-heading-69da1217a355c\" data-animate-type = \"transition.slideUpBigIn\" ><div class=\"inline-block\"><div class=\"dfd-heading-module\"><h3 class=\"widget-title dfd-title \" style=\"font-size: 70px; line-height: 120px; \">\u00c0 propos<\/h3><\/div><\/div><\/div><script type=\"text\/javascript\">\r\n\t\t\t\t\t\t\t\t\t(function($) {\r\n\t\t\t\t\t\t\t\t\t\t$(\"head\").append(\"<style>.dfd-heading-69da1217a355c.dfd-heading-module-wrap .dfd-heading-module .dfd-heading-delimiter {margin-top:10px;margin-bottom:10px;}@media (max-width: 1279px) and (min-width: 1024px){.dfd-heading-69da1217a355c .dfd-title{font-size: 60px !important;line-height: 100px !important;}}@media (max-width: 1023px) and (min-width: 800px){.dfd-heading-69da1217a355c .dfd-title{font-size: 50px !important;line-height: 80px !important;}}@media (max-width: 799px){.dfd-heading-69da1217a355c .dfd-title{font-size: 36px !important;line-height: 56px !important;}}<\/style>\");\r\n\t\t\t\t\t\t\t\t\t})(jQuery);\r\n\t\t\t\t\t\t\t\t<\/script><\/div><div class=\"dfd-spacer-module\"  data-units=\"px\" data-wide_resolution=\"1280\" data-wide_size=\"90\" data-normal_resolution=\"1024\" data-normal_size=\"90\" data-tablet_resolution=\"800\" data-tablet_size=\"90\" data-mobile_resolution=\"480\" data-mobile_size=\"70\" style=\"height: 90px;\"><\/div>[\/vc_column][vc_column width=&#8221;1\/6&#8243;][\/vc_column][\/vc_row][vc_row dfd_enable_overlay=&#8221;&#8221; dfd_row_config=&#8221;full_width_content&#8221; dfd_row_responsive_enable=&#8221;dfd-row-responsive-enable&#8221; css=&#8221;.vc_custom_1566296955418{padding-right: 80px !important;padding-left: 80px !important;}&#8221; responsive_styles=&#8221;padding_left_desktop:30|padding_right_desktop:20|padding_left_tablet:30|padding_right_tablet:20|padding_left_mobile:10|padding_right_mobile:10&#8243;][vc_column width=&#8221;1\/2&#8243; dfd_column_responsive_enable=&#8221;dfd-column-responsive-enable&#8221; css=&#8221;.vc_custom_1566297159706{padding-left: 0px !important;}&#8221; col_shadow=&#8221;box_shadow_enable:disable|shadow_horizontal:0|shadow_vertical:15|shadow_blur:50|shadow_spread:0|box_shadow_color:rgba(0%2C0%2C0%2C0.35)&#8221; col_shadow_hover=&#8221;box_shadow_enable:disable|shadow_horizontal:0|shadow_vertical:15|shadow_blur:50|shadow_spread:0|box_shadow_color:rgba(0%2C0%2C0%2C0.35)&#8221; el_class=&#8221;dfd_col-tablet-12&#8243; offset=&#8221;vc_col-lg-6 vc_col-md-6 vc_col-xs-12&#8243; responsive_styles=&#8221;padding_left_mobile:10&#8243;]<div id=\"dfd-single-image-module69da1217a6794-512\" class=\"dfd-single-image-module  image-left  cr-animate-gen dfd-img-lazy-load\" data-animate-type = \"transition.slideLeftBigIn\" ><img loading=\"lazy\" decoding=\"async\" src=\"data:image\/svg+xml;charset=utf-8,%3Csvg xmlns%3D'http%3A%2F%2Fwww.w3.org%2F2000%2Fsvg' viewBox%3D'0 0 1200 800'%2F%3E\" data-src=\"https:\/\/3r-prev.com\/rai\/wp-content\/uploads\/2024\/01\/2962-65aab9e382ffc.jpg\" width=\"1200\" height=\"800\"  alt=\"Image module\" \/><\/div>[\/vc_column][vc_column width=&#8221;1\/2&#8243; dfd_column_responsive_enable=&#8221;dfd-column-responsive-enable&#8221; css=&#8221;.vc_custom_1566291081221{padding-right: 16.5% !important;}&#8221; col_shadow=&#8221;box_shadow_enable:disable|shadow_horizontal:0|shadow_vertical:15|shadow_blur:50|shadow_spread:0|box_shadow_color:rgba(0%2C0%2C0%2C0.35)&#8221; col_shadow_hover=&#8221;box_shadow_enable:disable|shadow_horizontal:0|shadow_vertical:15|shadow_blur:50|shadow_spread:0|box_shadow_color:rgba(0%2C0%2C0%2C0.35)&#8221; el_class=&#8221;dfd-custom-column-responsive dfd_col-tablet-12&#8243; responsive_styles=&#8221;padding_right_desktop:10|padding_left_tablet:0|padding_right_tablet:10|padding_right_mobile:10&#8243; offset=&#8221;vc_col-lg-6 vc_col-md-6 vc_col-xs-12&#8243;]<div class=\"dfd-spacer-module\"  data-units=\"px\" data-wide_resolution=\"1280\" data-wide_size=\"5\" data-normal_resolution=\"1024\" data-normal_size=\"5\" data-tablet_resolution=\"800\" data-tablet_size=\"50\" data-mobile_resolution=\"480\" data-mobile_size=\"30\" style=\"height: 5px;\"><\/div>[vc_column_text item_animation=&#8221;transition.slideRightBigIn&#8221;]La Galerie Renaissance incarne les valeurs fondamentales du m\u00e9lange et de la vari\u00e9t\u00e9 en pr\u00e9sentant une collection h\u00e9t\u00e9roclite d&#8217;\u0153uvres, chacune portant une histoire unique. Un espace valorisant la diversit\u00e9 artistique, offrant aux visiteurs une immersion totale dans un monde o\u00f9 chaque pi\u00e8ce porte en elle la richesse de l&#8217;histoire artistique.<\/p>\n<p>Conscient des enjeux climatiques, la Galerie Renaissance s&#8217;engage au profit d\u2019une \u00e9conomie circulaire \u00e0 travers la restauration d\u2019une s\u00e9lection de meubles.<\/p>\n<p>Nous vous accueillons dans un espace o\u00f9 la simplicit\u00e9 rime avec l&#8217;\u00e9l\u00e9gance, la diversit\u00e9 avec l&#8217;unit\u00e9, et l&#8217;\u00e9thique avec la beaut\u00e9. Les visiteurs sont invit\u00e9s \u00e0 explorer une s\u00e9lection exceptionnelle d&#8217;objets provenant de \u00a0 styles \u00a0 et \u00a0 d&#8217;\u00e9poques \u00a0 diff\u00e9rentes. Des ma\u00eetres renomm\u00e9s tels que Ren\u00e9 Lalique, Verner Panton et Pierre Paulin prennent vie \u00e0 travers leurs cr\u00e9ations.<\/p>\n<p><strong>Une longue tradition familiale<\/strong><\/p>\n<p>Dans le pass\u00e9 lointain des Issaev, bien avant l&#8217;av\u00e8nement de la Galerie Renaissance, r\u00e9sonnait d\u00e9j\u00e0 le doux \u00e9cho des m\u00e9tiers artistiques. Les arri\u00e8re-grands-parents de Ra\u00efssa Eva \u00e9taient des artisans talentueux, impr\u00e9gnant de leur passion le tissu m\u00eame de la famille. Les \u0153uvres sont aujourd&#8217;hui expos\u00e9es dans le village natal de l&#8217;arri\u00e8re-grand-p\u00e8re au Caucase.<\/p>\n<p>La m\u00e8re s&#8217;est sp\u00e9cialis\u00e9e dans la porcelaine et la cristallerie.<\/p>\n<p>La petite-fille, Ra\u00efssa, s&#8217;est tourn\u00e9e vers l&#8217;artisanat et les m\u00e9tiers d&#8217;art en remportant notamment le prix de la meilleure ouvri\u00e8re de France. Ra\u00efssa avait toujours r\u00eav\u00e9 de cr\u00e9er un lieu o\u00f9 la cr\u00e9ativit\u00e9 et l&#8217;esth\u00e9tique se m\u00ealeraient pour donner vie \u00e0 des espaces uniques et inspirants.<\/p>\n<p>L&#8217;histoire de la Galerie Renaissance commen\u00e7a \u00e0 se tisser avec des pi\u00e8ces uniques et des cr\u00e9ations artisanales soigneusement s\u00e9lectionn\u00e9es. M\u00e8re et fille se sont associ\u00e9es pour d\u00e9nicher, restaurer et pr\u00e9senter des tr\u00e9sors exceptionnels et originaux. Chaque article racontait une histoire, refl\u00e9tant la passion et le d\u00e9vouement de son cr\u00e9ateur.<\/p>\n<p>La Galerie Renaissance, v\u00e9ritable joyau de l&#8217;art et du design contemporain, offre une exp\u00e9rience unique aux amateurs d&#8217;esth\u00e9tisme et de minimalisme.<\/p>\n<p>Fond\u00e9e sur les \u00a0 piliers de la vari\u00e9t\u00e9, de la diversit\u00e9 et de l&#8217;\u00e9thique, cette galerie se distingue par sa capacit\u00e9 \u00e0 transcender les fronti\u00e8res stylistiques et temporelles, tout en restant ancr\u00e9e dans l&#8217;essence du minimalisme.<\/p>\n<p>Les visiteurs sont invit\u00e9s \u00e0 plonger dans ce monde o\u00f9 chaque objet raconte une histoire unique, chaque d\u00e9tail est soigneusement consid\u00e9r\u00e9, et o\u00f9 la vision minimaliste transcende simplement l&#8217;art pour devenir une exp\u00e9rience.[\/vc_column_text]<div class=\"dfd-spacer-module\"  data-units=\"px\" data-wide_resolution=\"1280\" data-wide_size=\"60\" data-normal_resolution=\"1024\" data-normal_size=\"60\" data-tablet_resolution=\"800\" data-tablet_size=\"60\" data-mobile_resolution=\"480\" data-mobile_size=\"30\" style=\"height: 60px;\"><\/div><div id=\"dfd-button-69da1217a6848\" class=\"dfd-button-module-wrap dfd-button-69da1217a6848\"><div class=\"dfd-button-module  cr-animate-gen style_1 text-left dfd-horizontal dfd-top-to-bottom dfd-button-icon-left dfd-button-icon-hover-simple\"  data-animate-type=\"transition.slideRightBigIn\" ><a href=\"#\" class=\"dfd-button-link\"><span class=\"dfd-button-inner-cover\"><span class=\"dfd-button-text-main\">Nous contacter<\/span><\/span><\/a><\/div><script type=\"text\/javascript\">\r\n\t\t\t\t\t\t\t\t\t(function($) {$(\"head\").append(\"<style>#dfd-button-69da1217a6848.dfd-button-module-wrap .dfd-button-module .dfd-button-link .dfd-button-inner-cover .dfd-button-text-main, .dfd-button-69da1217a6848.dfd-button-module-wrap .dfd-button-module .dfd-button-link .dfd-button-inner-cover .dfd-button-text-main, .dfd-button-69da1217a6848.dfd-button-module-wrap .dfd-button-module .dfd-button-link .dfd-button-inner-cover .dfd-button-text-hover, #dfd-button-69da1217a6848.dfd-button-module-wrap .dfd-button-module .dfd-button-link .dfd-button-inner-cover .dfd-button-text-hover {padding-left: 40px;}#dfd-button-69da1217a6848.dfd-button-module-wrap .dfd-button-module .dfd-button-link .dfd-button-inner-cover .dfd-button-text-main, .dfd-button-69da1217a6848.dfd-button-module-wrap .dfd-button-module .dfd-button-link .dfd-button-inner-cover .dfd-button-text-main, .dfd-button-69da1217a6848.dfd-button-module-wrap .dfd-button-module .dfd-button-link .dfd-button-inner-cover .dfd-button-text-hover, #dfd-button-69da1217a6848.dfd-button-module-wrap .dfd-button-module .dfd-button-link .dfd-button-inner-cover .dfd-button-text-hover {padding-right: 40px;}#dfd-button-69da1217a6848.dfd-button-module-wrap .dfd-button-module .dfd-button-link .dfd-button-inner-cover .dfd-button-text-main, .dfd-button-69da1217a6848.dfd-button-module-wrap .dfd-button-module .dfd-button-link .dfd-button-inner-cover .dfd-button-text-main, .dfd-button-69da1217a6848.dfd-button-module-wrap .dfd-button-module .dfd-button-link .dfd-button-inner-cover .dfd-button-text-hover, #dfd-button-69da1217a6848.dfd-button-module-wrap .dfd-button-module .dfd-button-link .dfd-button-inner-cover .dfd-button-text-hover {font-family: MuktaMaheeRegular; }#dfd-button-69da1217a6848.dfd-button-module-wrap .dfd-button-module .dfd-button-link .dfd-button-inner-cover .dfd-button-text-main,.dfd-button-69da1217a6848.dfd-button-module-wrap .dfd-button-module .dfd-button-link .dfd-button-inner-cover .dfd-button-text-main {color: #222222}#dfd-button-69da1217a6848.dfd-button-module-wrap .dfd-button-module .dfd-button-link .dfd-button-inner-cover,.dfd-button-69da1217a6848.dfd-button-module-wrap .dfd-button-module .dfd-button-link .dfd-button-border-decoration,.dfd-button-69da1217a6848.dfd-button-module-wrap .dfd-button-module .dfd-button-link .dfd-button-inner-cover {border-radius:60px;}#dfd-button-69da1217a6848.dfd-button-module-wrap .dfd-button-module:not(.style_4) .dfd-button-link .dfd-button-inner-cover:before,#dfd-button-69da1217a6848.dfd-button-module-wrap .dfd-button-module.style_4 .dfd-button-link .dfd-button-inner-cover:after,#dfd-button-69da1217a6848.dfd-button-module-wrap .dfd-button-module.style_6 .dfd-button-link .dfd-button-inner-cover .dfd-button-text-main,.dfd-button-69da1217a6848.dfd-button-module-wrap .dfd-button-module:not(.style_4) .dfd-button-link .dfd-button-inner-cover:before,.dfd-button-69da1217a6848.dfd-button-module-wrap .dfd-button-module.style_4 .dfd-button-link .dfd-button-inner-cover:after,.dfd-button-69da1217a6848.dfd-button-module-wrap .dfd-button-module.style_6 .dfd-button-link .dfd-button-inner-cover .dfd-button-text-main {background: rgba(255,255,255,0.01);border-style:solid;border-width:1px;border-radius:60px;border-color:#222222;}#dfd-button-69da1217a6848.dfd-button-module-wrap .dfd-button-module:not(.style_6) .dfd-button-link:hover .dfd-button-inner-cover .dfd-button-text-main,#dfd-button-69da1217a6848.dfd-button-module-wrap .dfd-button-module .dfd-button-link .dfd-button-inner-cover .dfd-button-text-hover,.dfd-button-69da1217a6848.dfd-button-module-wrap .dfd-button-module:not(.style_6) .dfd-button-link:hover .dfd-button-inner-cover .dfd-button-text-main,.dfd-button-69da1217a6848.dfd-button-module-wrap .dfd-button-module .dfd-button-link .dfd-button-inner-cover .dfd-button-text-hover {color: #ffffff;}#dfd-button-69da1217a6848.dfd-button-module-wrap .dfd-button-module .dfd-button-link:hover .dfd-button-inner-cover,.dfd-button-69da1217a6848.dfd-button-module-wrap .dfd-button-module .dfd-button-link:hover .dfd-button-border-decoration,.dfd-button-69da1217a6848.dfd-button-module-wrap .dfd-button-module .dfd-button-link:hover .dfd-button-inner-cover {border-radius:60px;}#dfd-button-69da1217a6848.dfd-button-module-wrap .dfd-button-module:not(.style_4) .dfd-button-link .dfd-button-inner-cover:after,#dfd-button-69da1217a6848.dfd-button-module-wrap .dfd-button-module.style_4 .dfd-button-link .dfd-button-inner-cover:before,#dfd-button-69da1217a6848.dfd-button-module-wrap .dfd-button-module .dfd-button-link .dfd-button-inner-cover .dfd-button-text-hover .dfd-button-69da1217a6848.dfd-button-module-wrap .dfd-button-module:not(.style_4) .dfd-button-link .dfd-button-inner-cover:after,.dfd-button-69da1217a6848.dfd-button-module-wrap .dfd-button-module.style_4 .dfd-button-link .dfd-button-inner-cover:before,.dfd-button-69da1217a6848.dfd-button-module-wrap .dfd-button-module .dfd-button-link .dfd-button-inner-cover .dfd-button-text-hover {background: #222222;border-style:solid;border-width:1px;border-radius:60px;border-color:#222222;}#dfd-button-69da1217a6848.dfd-button-module-wrap .dfd-button-module.style_3 .dfd-button-link:hover .dfd-button-inner-cover:before,#dfd-button-69da1217a6848.dfd-button-module-wrap .dfd-button-module.style_4 .dfd-button-link:hover .dfd-button-inner-cover:before,.dfd-button-69da1217a6848.dfd-button-module-wrap .dfd-button-module.style_3 .dfd-button-link:hover .dfd-button-inner-cover:before,.dfd-button-69da1217a6848.dfd-button-module-wrap .dfd-button-module.style_4 .dfd-button-link:hover .dfd-button-inner-cover:before {border-style:solid;border-width:1px;border-radius:60px;border-color:#222222;}<\/style>\")\r\n\t\t\t\t\t\t\t\t\t})(jQuery);\r\n\t\t\t\t\t\t\t\t<\/script><\/div>[\/vc_column][vc_column]<div class=\"dfd-spacer-module\"  data-units=\"px\" data-wide_resolution=\"1280\" data-wide_size=\"215\" data-normal_resolution=\"1024\" data-normal_size=\"150\" data-tablet_resolution=\"800\" data-tablet_size=\"100\" data-mobile_resolution=\"480\" data-mobile_size=\"100\" style=\"height: 215px;\"><\/div>[\/vc_column][\/vc_row]<\/p>\n<\/div>","protected":false},"excerpt":{"rendered":"<p>[vc_row dfd_enable_overlay=&#8221;&#8221; dfd_row_config=&#8221;full_width_content&#8221;][vc_column column_bg_position=&#8221;center center&#8221; column_bg_repeat=&#8221;no-repeat&#8221; css=&#8221;.vc_custom_1706688398144{background-image: url(https:\/\/3r-prev.com\/rai\/wp-content\/uploads\/2024\/01\/2962-diaporama-65aabb4224974-opt-standard-scale-2_00x.jpg?id=1103) !important;background-position: center !important;background-repeat: no-repeat !important;background-size: cover !important;}&#8221; col_shadow=&#8221;box_shadow_enable:disable|shadow_horizontal:0|shadow_vertical:15|shadow_blur:50|shadow_spread:0|box_shadow_color:rgba(0%2C0%2C0%2C0.35)&#8221; col_shadow_hover=&#8221;box_shadow_enable:disable|shadow_horizontal:0|shadow_vertical:15|shadow_blur:50|shadow_spread:0|box_shadow_color:rgba(0%2C0%2C0%2C0.35)&#8221;][\/vc_column][vc_column dfd_column_responsive_enable=&#8221;dfd-column-responsive-enable&#8221; css=&#8221;.vc_custom_1566308802848{padding-left: 110px !important;}&#8221; col_shadow=&#8221;box_shadow_enable:disable|shadow_horizontal:0|shadow_vertical:15|shadow_blur:50|shadow_spread:0|box_shadow_color:rgba(0%2C0%2C0%2C0.35)&#8221; col_shadow_hover=&#8221;box_shadow_enable:disable|shadow_horizontal:0|shadow_vertical:15|shadow_blur:50|shadow_spread:0|box_shadow_color:rgba(0%2C0%2C0%2C0.35)&#8221; responsive_styles=&#8221;padding_left_desktop:30|padding_left_tablet:30|padding_left_mobile:20&#8243; el_class=&#8221;dfd-custom-z-index&#8221;][\/vc_column][\/vc_row][vc_row dfd_enable_overlay=&#8221;&#8221;][vc_column width=&#8221;1\/6&#8243;][\/vc_column][vc_column width=&#8221;2\/3&#8243; dfd_column_responsive_enable=&#8221;dfd-column-responsive-enable&#8221; css=&#8221;.vc_custom_1566291616950{margin-top:<\/p>\n","protected":false},"author":1,"featured_media":0,"parent":0,"menu_order":0,"comment_status":"closed","ping_status":"closed","template":"page-about.php","meta":{"_acf_changed":false,"footnotes":""},"class_list":["post-28","page","type-page","status-publish","hentry"],"acf":[],"_links":{"self":[{"href":"https:\/\/3r-prev.com\/rai\/wp-json\/wp\/v2\/pages\/28","targetHints":{"allow":["GET"]}}],"collection":[{"href":"https:\/\/3r-prev.com\/rai\/wp-json\/wp\/v2\/pages"}],"about":[{"href":"https:\/\/3r-prev.com\/rai\/wp-json\/wp\/v2\/types\/page"}],"author":[{"embeddable":true,"href":"https:\/\/3r-prev.com\/rai\/wp-json\/wp\/v2\/users\/1"}],"replies":[{"embeddable":true,"href":"https:\/\/3r-prev.com\/rai\/wp-json\/wp\/v2\/comments?post=28"}],"version-history":[{"count":14,"href":"https:\/\/3r-prev.com\/rai\/wp-json\/wp\/v2\/pages\/28\/revisions"}],"predecessor-version":[{"id":1357,"href":"https:\/\/3r-prev.com\/rai\/wp-json\/wp\/v2\/pages\/28\/revisions\/1357"}],"wp:attachment":[{"href":"https:\/\/3r-prev.com\/rai\/wp-json\/wp\/v2\/media?parent=28"}],"curies":[{"name":"wp","href":"https:\/\/api.w.org\/{rel}","templated":true}]}}