{"id":4710,"date":"2024-04-16T08:45:26","date_gmt":"2024-04-16T06:45:26","guid":{"rendered":"https:\/\/3r-prev.com\/jea\/?post_type=product&#038;p=4710"},"modified":"2024-04-16T08:45:38","modified_gmt":"2024-04-16T06:45:38","slug":"sac-guy","status":"publish","type":"product","link":"https:\/\/3r-prev.com\/jea\/product\/sac-guy\/","title":{"rendered":"Sac Guy"},"content":{"rendered":"","protected":false},"excerpt":{"rendered":"<p class=\"p1\">Le sac Guy est un mini sac par sa taille mais pas par son ing\u00e9niosit\u00e9.<span class=\"Apple-converted-space\">\u00a0 <\/span>Son int\u00e9rieur est con\u00e7u comme un portefeuille et ses multiples poches int\u00e9rieures et ext\u00e9rieures garantissent un rangement optimal et pratique.<\/p>\n<p class=\"p1\">Le syst\u00e8me de fermeture lui conf\u00e8re toute son originalit\u00e9.<\/p>\n<p class=\"p1\">Il poss\u00e8de une bandouli\u00e8re amovible et r\u00e9glable.<\/p>\n<ul class=\"ul1\">\n<li class=\"li3\">Fait \u00e0 la main<\/li>\n<li class=\"li3\">Cuir revaloris\u00e9 issu de stocks de grandes maisons<\/li>\n<li class=\"li3\">Doublure en alcantara ou tissus<\/li>\n<li class=\"li3\">Poches int\u00e9rieures<\/li>\n<\/ul>\n<p class=\"p3\">\u00a0<strong>Infos :<\/strong><\/p>\n<p class=\"p5\">Coloris du cuir sur demande<br \/>\nBouclerie: argent\u00e9e, dor\u00e9e, gunmetal ou bronze.<br \/>\nD\u00e9lais de livraison de 7 \u00e0 10 jours selon disponibilit\u00e9<\/p>\n","protected":false},"featured_media":4711,"template":"","meta":[],"product_cat":[75],"product_tag":[],"class_list":{"0":"post-4710","1":"product","2":"type-product","3":"status-publish","4":"has-post-thumbnail","6":"product_cat-sacs","8":"first","9":"instock","10":"shipping-taxable","11":"purchasable","12":"product-type-simple"},"_links":{"self":[{"href":"https:\/\/3r-prev.com\/jea\/wp-json\/wp\/v2\/product\/4710","targetHints":{"allow":["GET"]}}],"collection":[{"href":"https:\/\/3r-prev.com\/jea\/wp-json\/wp\/v2\/product"}],"about":[{"href":"https:\/\/3r-prev.com\/jea\/wp-json\/wp\/v2\/types\/product"}],"wp:featuredmedia":[{"embeddable":true,"href":"https:\/\/3r-prev.com\/jea\/wp-json\/wp\/v2\/media\/4711"}],"wp:attachment":[{"href":"https:\/\/3r-prev.com\/jea\/wp-json\/wp\/v2\/media?parent=4710"}],"wp:term":[{"taxonomy":"product_cat","embeddable":true,"href":"https:\/\/3r-prev.com\/jea\/wp-json\/wp\/v2\/product_cat?post=4710"},{"taxonomy":"product_tag","embeddable":true,"href":"https:\/\/3r-prev.com\/jea\/wp-json\/wp\/v2\/product_tag?post=4710"}],"curies":[{"name":"wp","href":"https:\/\/api.w.org\/{rel}","templated":true}]}}