{"id":4704,"date":"2024-04-16T08:42:59","date_gmt":"2024-04-16T06:42:59","guid":{"rendered":"https:\/\/3r-prev.com\/jea\/?post_type=product&#038;p=4704"},"modified":"2024-04-16T08:42:59","modified_gmt":"2024-04-16T06:42:59","slug":"besace-bree","status":"publish","type":"product","link":"https:\/\/3r-prev.com\/jea\/product\/besace-bree\/","title":{"rendered":"Besace Bree"},"content":{"rendered":"","protected":false},"excerpt":{"rendered":"<p class=\"p1\">La besace Bree vous accompagnera aussi bien lors de vos escapades shopping que pour aller au bureau.<\/p>\n<p class=\"p1\">Sa grande contenance vous permet ais\u00e9ment de ranger vos effets personnels ainsi qu\u2019une tablette ou un petit ordinateur.<\/p>\n<p class=\"p1\">Sa double bandouli\u00e8re assure un port\u00e9 optimal \u00e0 l\u2019\u00e9paule ou en crossbody.<\/p>\n<p class=\"p1\">Son syst\u00e8me de fermeture est original mais aussi s\u00e9curis\u00e9.<\/p>\n<ul class=\"ul1\">\n<li class=\"li1\">Fait \u00e0 la main<\/li>\n<li class=\"li1\">Cuir revaloris\u00e9 issu de stocks de grandes maisons<\/li>\n<li class=\"li1\">Doublure en alcantara ou tissus<\/li>\n<li class=\"li1\">Poches int\u00e9rieures<\/li>\n<\/ul>\n<p class=\"p1\"><strong>Infos :<\/strong><\/p>\n<p class=\"p3\">Coloris du cuir sur demande<br \/>\nBouclerie: argent\u00e9e, dor\u00e9e, gunmetal ou bronze.<br \/>\nD\u00e9lais de livraison de 7 \u00e0 10 jours selon disponibilit\u00e9<\/p>\n","protected":false},"featured_media":4705,"template":"","meta":[],"product_cat":[81],"product_tag":[],"class_list":{"0":"post-4704","1":"product","2":"type-product","3":"status-publish","4":"has-post-thumbnail","6":"product_cat-besaces","8":"first","9":"instock","10":"shipping-taxable","11":"purchasable","12":"product-type-simple"},"_links":{"self":[{"href":"https:\/\/3r-prev.com\/jea\/wp-json\/wp\/v2\/product\/4704","targetHints":{"allow":["GET"]}}],"collection":[{"href":"https:\/\/3r-prev.com\/jea\/wp-json\/wp\/v2\/product"}],"about":[{"href":"https:\/\/3r-prev.com\/jea\/wp-json\/wp\/v2\/types\/product"}],"wp:featuredmedia":[{"embeddable":true,"href":"https:\/\/3r-prev.com\/jea\/wp-json\/wp\/v2\/media\/4705"}],"wp:attachment":[{"href":"https:\/\/3r-prev.com\/jea\/wp-json\/wp\/v2\/media?parent=4704"}],"wp:term":[{"taxonomy":"product_cat","embeddable":true,"href":"https:\/\/3r-prev.com\/jea\/wp-json\/wp\/v2\/product_cat?post=4704"},{"taxonomy":"product_tag","embeddable":true,"href":"https:\/\/3r-prev.com\/jea\/wp-json\/wp\/v2\/product_tag?post=4704"}],"curies":[{"name":"wp","href":"https:\/\/api.w.org\/{rel}","templated":true}]}}