{"id":4698,"date":"2024-04-16T08:40:19","date_gmt":"2024-04-16T06:40:19","guid":{"rendered":"https:\/\/3r-prev.com\/jea\/?post_type=product&#038;p=4698"},"modified":"2024-04-16T08:40:19","modified_gmt":"2024-04-16T06:40:19","slug":"banane-hal","status":"publish","type":"product","link":"https:\/\/3r-prev.com\/jea\/product\/banane-hal\/","title":{"rendered":"Banane Hal"},"content":{"rendered":"","protected":false},"excerpt":{"rendered":"<p class=\"p1\">La banane Hal deviendra la meilleure amie de tous les aventuriers du quotidien.<\/p>\n<p class=\"p1\">Sa forme ergonomique est pens\u00e9e pour se faire oublier et suivre chacun de vos mouvements.<\/p>\n<p class=\"p1\">Sa bandouli\u00e8re amovible est large pour assurer un maximum de confort, le r\u00e9glage permet de la porter \u00e0 la taille ou en bandouli\u00e8re.<\/p>\n<ul class=\"ul1\">\n<li class=\"li1\">Fait \u00e0 la main<\/li>\n<li class=\"li1\">Cuir revaloris\u00e9 issu de stocks de grandes maisons<\/li>\n<li class=\"li1\">Doublure en alcantara, cuir ou tissus<\/li>\n<li class=\"li1\">Poches int\u00e9rieures<\/li>\n<\/ul>\n<p class=\"p1\"><strong>Infos :<\/strong><\/p>\n<p class=\"p3\">Coloris du cuir sur demande<br \/>\nBouclerie: argent\u00e9e, dor\u00e9e, gunmetal ou bronze.<br \/>\nD\u00e9lais de livraison de 7 \u00e0 10 jours selon disponibilit\u00e9<\/p>\n","protected":false},"featured_media":4699,"template":"","meta":[],"product_cat":[80],"product_tag":[],"class_list":{"0":"post-4698","1":"product","2":"type-product","3":"status-publish","4":"has-post-thumbnail","6":"product_cat-bananes","8":"first","9":"instock","10":"shipping-taxable","11":"purchasable","12":"product-type-simple"},"_links":{"self":[{"href":"https:\/\/3r-prev.com\/jea\/wp-json\/wp\/v2\/product\/4698","targetHints":{"allow":["GET"]}}],"collection":[{"href":"https:\/\/3r-prev.com\/jea\/wp-json\/wp\/v2\/product"}],"about":[{"href":"https:\/\/3r-prev.com\/jea\/wp-json\/wp\/v2\/types\/product"}],"wp:featuredmedia":[{"embeddable":true,"href":"https:\/\/3r-prev.com\/jea\/wp-json\/wp\/v2\/media\/4699"}],"wp:attachment":[{"href":"https:\/\/3r-prev.com\/jea\/wp-json\/wp\/v2\/media?parent=4698"}],"wp:term":[{"taxonomy":"product_cat","embeddable":true,"href":"https:\/\/3r-prev.com\/jea\/wp-json\/wp\/v2\/product_cat?post=4698"},{"taxonomy":"product_tag","embeddable":true,"href":"https:\/\/3r-prev.com\/jea\/wp-json\/wp\/v2\/product_tag?post=4698"}],"curies":[{"name":"wp","href":"https:\/\/api.w.org\/{rel}","templated":true}]}}