{"id":4692,"date":"2024-04-16T08:36:56","date_gmt":"2024-04-16T06:36:56","guid":{"rendered":"https:\/\/3r-prev.com\/jea\/?post_type=product&#038;p=4692"},"modified":"2024-04-16T08:36:57","modified_gmt":"2024-04-16T06:36:57","slug":"sac-rachel","status":"publish","type":"product","link":"https:\/\/3r-prev.com\/jea\/product\/sac-rachel\/","title":{"rendered":"Sac Rachel"},"content":{"rendered":"","protected":false},"excerpt":{"rendered":"<p class=\"p1\">Le sac Rachel est un mod\u00e8le ind\u00e9modable et pratique. Il est compacte mais sa forme lui offre une contenance suffisante pour le quotidien, sa fermeture zipp\u00e9e le rend s\u00e9curis\u00e9 et facile d\u2019utilisation, sa grande poche avant permet \u00e9galement de garder l\u2019un de vos indispensable \u00e0 porter de mains. Gr\u00e2ce a sa bandouli\u00e8re amovible et r\u00e9glable il est \u00e0 la fois une pochette chic ou une trousse de rangement.<\/p>\n<ul class=\"ul1\">\n<li class=\"li1\">Fait \u00e0 la main,<\/li>\n<li class=\"li1\">Cuir revaloris\u00e9 issu de stocks de grandes maisons<\/li>\n<li class=\"li1\">Doublure en alcantara ou tissus<\/li>\n<li class=\"li1\">Poches int\u00e9rieures<\/li>\n<\/ul>\n<p class=\"p1\"><strong>Infos :<\/strong><\/p>\n<p class=\"p3\">Coloris du cuir sur demande,<br \/>\nBouclerie: argent\u00e9e, dor\u00e9e, gunmetal ou bronze.<br \/>\nD\u00e9lais de livraison de 7 \u00e0 10 jours selon disponibilit\u00e9<\/p>\n","protected":false},"featured_media":4693,"template":"","meta":[],"product_cat":[75],"product_tag":[],"class_list":{"0":"post-4692","1":"product","2":"type-product","3":"status-publish","4":"has-post-thumbnail","6":"product_cat-sacs","8":"first","9":"instock","10":"shipping-taxable","11":"purchasable","12":"product-type-simple"},"_links":{"self":[{"href":"https:\/\/3r-prev.com\/jea\/wp-json\/wp\/v2\/product\/4692","targetHints":{"allow":["GET"]}}],"collection":[{"href":"https:\/\/3r-prev.com\/jea\/wp-json\/wp\/v2\/product"}],"about":[{"href":"https:\/\/3r-prev.com\/jea\/wp-json\/wp\/v2\/types\/product"}],"wp:featuredmedia":[{"embeddable":true,"href":"https:\/\/3r-prev.com\/jea\/wp-json\/wp\/v2\/media\/4693"}],"wp:attachment":[{"href":"https:\/\/3r-prev.com\/jea\/wp-json\/wp\/v2\/media?parent=4692"}],"wp:term":[{"taxonomy":"product_cat","embeddable":true,"href":"https:\/\/3r-prev.com\/jea\/wp-json\/wp\/v2\/product_cat?post=4692"},{"taxonomy":"product_tag","embeddable":true,"href":"https:\/\/3r-prev.com\/jea\/wp-json\/wp\/v2\/product_tag?post=4692"}],"curies":[{"name":"wp","href":"https:\/\/api.w.org\/{rel}","templated":true}]}}