{"id":4687,"date":"2024-04-16T08:33:51","date_gmt":"2024-04-16T06:33:51","guid":{"rendered":"https:\/\/3r-prev.com\/jea\/?post_type=product&#038;p=4687"},"modified":"2024-04-16T08:33:51","modified_gmt":"2024-04-16T06:33:51","slug":"collier-birdy","status":"publish","type":"product","link":"https:\/\/3r-prev.com\/jea\/product\/collier-birdy\/","title":{"rendered":"Collier Birdy"},"content":{"rendered":"","protected":false},"excerpt":{"rendered":"<p class=\"p1\">Le collier Birdy est un v\u00e9ritable accessoire de mode pour votre compagnon \u00e0 quatre pattes. Il se d\u00e9cline en de multiples couleurs et est r\u00e9alis\u00e9 sur mesure. Le dessus est en collet et la doublure est en cuir matelass\u00e9 pour plus de confort.<\/p>\n<p class=\"p1\">Petit mod\u00e8le: jusqu\u2019\u00e0 45cm 40\u20ac<br \/>\nGrand mod\u00e8le: plus de 45cm 50\u20ac<\/p>\n<p class=\"p2\">\n<p class=\"p1\"><strong>Infos :<\/strong><\/p>\n<p class=\"p3\">Coloris du cuir sur demande<br \/>\nBouclerie: argent\u00e9e, dor\u00e9e, gunmetal ou bronze<br \/>\nD\u00e9lais de r\u00e9alisation de 3 \u00e0 5 jours selon disponibilit\u00e9<\/p>\n","protected":false},"featured_media":4688,"template":"","meta":[],"product_cat":[79],"product_tag":[],"class_list":{"0":"post-4687","1":"product","2":"type-product","3":"status-publish","4":"has-post-thumbnail","6":"product_cat-collier","8":"first","9":"instock","10":"shipping-taxable","11":"purchasable","12":"product-type-simple"},"_links":{"self":[{"href":"https:\/\/3r-prev.com\/jea\/wp-json\/wp\/v2\/product\/4687","targetHints":{"allow":["GET"]}}],"collection":[{"href":"https:\/\/3r-prev.com\/jea\/wp-json\/wp\/v2\/product"}],"about":[{"href":"https:\/\/3r-prev.com\/jea\/wp-json\/wp\/v2\/types\/product"}],"wp:featuredmedia":[{"embeddable":true,"href":"https:\/\/3r-prev.com\/jea\/wp-json\/wp\/v2\/media\/4688"}],"wp:attachment":[{"href":"https:\/\/3r-prev.com\/jea\/wp-json\/wp\/v2\/media?parent=4687"}],"wp:term":[{"taxonomy":"product_cat","embeddable":true,"href":"https:\/\/3r-prev.com\/jea\/wp-json\/wp\/v2\/product_cat?post=4687"},{"taxonomy":"product_tag","embeddable":true,"href":"https:\/\/3r-prev.com\/jea\/wp-json\/wp\/v2\/product_tag?post=4687"}],"curies":[{"name":"wp","href":"https:\/\/api.w.org\/{rel}","templated":true}]}}