{"id":464,"date":"2023-05-16T13:14:14","date_gmt":"2023-05-16T13:14:14","guid":{"rendered":"https:\/\/formarta.qodeinteractive.com\/?post_type=product&#038;p=464"},"modified":"2024-04-15T17:25:00","modified_gmt":"2024-04-15T15:25:00","slug":"blague-a-tabac-vinnie","status":"publish","type":"product","link":"https:\/\/3r-prev.com\/jea\/product\/blague-a-tabac-vinnie\/","title":{"rendered":"Blague \u00e0 tabac Vinnie"},"content":{"rendered":"","protected":false},"excerpt":{"rendered":"<p>La blague \u00e0 tabac Vinnie est un accessoire v\u00e9ritablement \u00e9l\u00e9gant et pratique. Elle permet de ranger facilement un paquet de tabac de 30g ou 40g, un paquet de petites feuilles ainsi qu&rsquo;un briquet, gr\u00e2ce aux deux poches pr\u00e9vues \u00e0 cet effet. La fermeture se fait par deux boutons pression.<\/p>\n<ul>\n<li>Fait \u00e0 la main<\/li>\n<li>Cuir revaloris\u00e9 issu de stocks de grandes maisons<\/li>\n<li>Poche ext\u00e9rieure<\/li>\n<\/ul>\n<p>&nbsp;<\/p>\n<p><strong>Infos :<\/strong><\/p>\n<ul>\n<li>Coloris du cuir sur demande<\/li>\n<li>Bi-mati\u00e8re possible<\/li>\n<li>Bouclerie argent\u00e9e, dor\u00e9e, gunmetal ou bronze<\/li>\n<li>D\u00e9lai de r\u00e9alisation de 2 \u00e0 5 jours selon disponibilit\u00e9<\/li>\n<\/ul>\n","protected":false},"featured_media":4662,"template":"","meta":[],"product_cat":[77],"product_tag":[58],"class_list":{"0":"post-464","1":"product","2":"type-product","3":"status-publish","4":"has-post-thumbnail","6":"product_cat-blague-a-tabac","7":"product_tag-wood","9":"first","10":"instock","11":"shipping-taxable","12":"purchasable","13":"product-type-simple"},"_links":{"self":[{"href":"https:\/\/3r-prev.com\/jea\/wp-json\/wp\/v2\/product\/464","targetHints":{"allow":["GET"]}}],"collection":[{"href":"https:\/\/3r-prev.com\/jea\/wp-json\/wp\/v2\/product"}],"about":[{"href":"https:\/\/3r-prev.com\/jea\/wp-json\/wp\/v2\/types\/product"}],"wp:featuredmedia":[{"embeddable":true,"href":"https:\/\/3r-prev.com\/jea\/wp-json\/wp\/v2\/media\/4662"}],"wp:attachment":[{"href":"https:\/\/3r-prev.com\/jea\/wp-json\/wp\/v2\/media?parent=464"}],"wp:term":[{"taxonomy":"product_cat","embeddable":true,"href":"https:\/\/3r-prev.com\/jea\/wp-json\/wp\/v2\/product_cat?post=464"},{"taxonomy":"product_tag","embeddable":true,"href":"https:\/\/3r-prev.com\/jea\/wp-json\/wp\/v2\/product_tag?post=464"}],"curies":[{"name":"wp","href":"https:\/\/api.w.org\/{rel}","templated":true}]}}