{"id":463,"date":"2023-05-16T13:12:27","date_gmt":"2023-05-16T13:12:27","guid":{"rendered":"https:\/\/formarta.qodeinteractive.com\/?post_type=product&#038;p=463"},"modified":"2024-04-16T09:06:13","modified_gmt":"2024-04-16T07:06:13","slug":"sac-erin","status":"publish","type":"product","link":"https:\/\/3r-prev.com\/jea\/product\/sac-erin\/","title":{"rendered":"Sac Erin"},"content":{"rendered":"","protected":false},"excerpt":{"rendered":"<p>Le sac Erin est le cabas parfait. Son grand volume et sa poche int\u00e9rieure vous permettent d&#8217;emmener tout ce dont vous avez besoin. Sa taille fait aussi de lui un sac week-end capable d&rsquo;accueillir quelques v\u00eatements. Le porter \u00e0 l&rsquo;\u00e9paule est confortable gr\u00e2ce \u00e0 ses anses larges.<\/p>\n<ul>\n<li>Fait \u00e0 la main<\/li>\n<li>Cuir revaloris\u00e9 issu de stock de grandes maisons<\/li>\n<li>Doublure en tissu<\/li>\n<li>Fermeture ext\u00e9rieure zipp\u00e9e<\/li>\n<li>Poche int\u00e9rieure zipp\u00e9e.<\/li>\n<\/ul>\n<p><strong>Infos :<\/strong><\/p>\n<ul>\n<li>Coloris du cuir sur demande<\/li>\n<li>Bi-mati\u00e8re<\/li>\n<li>Doublure volante en tissu<\/li>\n<li>D\u00e9lai de r\u00e9alisation de 7 \u00e0 10 jours selon disponibilit\u00e9.<\/li>\n<\/ul>\n","protected":false},"featured_media":4650,"template":"","meta":[],"product_cat":[75],"product_tag":[],"class_list":{"0":"post-463","1":"product","2":"type-product","3":"status-publish","4":"has-post-thumbnail","6":"product_cat-sacs","8":"first","9":"instock","10":"shipping-taxable","11":"purchasable","12":"product-type-simple"},"_links":{"self":[{"href":"https:\/\/3r-prev.com\/jea\/wp-json\/wp\/v2\/product\/463","targetHints":{"allow":["GET"]}}],"collection":[{"href":"https:\/\/3r-prev.com\/jea\/wp-json\/wp\/v2\/product"}],"about":[{"href":"https:\/\/3r-prev.com\/jea\/wp-json\/wp\/v2\/types\/product"}],"wp:featuredmedia":[{"embeddable":true,"href":"https:\/\/3r-prev.com\/jea\/wp-json\/wp\/v2\/media\/4650"}],"wp:attachment":[{"href":"https:\/\/3r-prev.com\/jea\/wp-json\/wp\/v2\/media?parent=463"}],"wp:term":[{"taxonomy":"product_cat","embeddable":true,"href":"https:\/\/3r-prev.com\/jea\/wp-json\/wp\/v2\/product_cat?post=463"},{"taxonomy":"product_tag","embeddable":true,"href":"https:\/\/3r-prev.com\/jea\/wp-json\/wp\/v2\/product_tag?post=463"}],"curies":[{"name":"wp","href":"https:\/\/api.w.org\/{rel}","templated":true}]}}