{"id":462,"date":"2023-05-16T13:10:48","date_gmt":"2023-05-16T13:10:48","guid":{"rendered":"https:\/\/formarta.qodeinteractive.com\/?post_type=product&#038;p=462"},"modified":"2024-04-16T09:05:53","modified_gmt":"2024-04-16T07:05:53","slug":"sac-susan","status":"publish","type":"product","link":"https:\/\/3r-prev.com\/jea\/product\/sac-susan\/","title":{"rendered":"Sac Susan"},"content":{"rendered":"","protected":false},"excerpt":{"rendered":"<p>Le Suzanne est le parfait alli\u00e9 du quotidien. Sa forme classique et intemporelle vous garantit de rester \u00e9l\u00e9gante en toutes circonstances. Son volume est pratique et sa forme simple le rend polyvalent. Sa double bandouli\u00e8re ch\u00eane et cuir le rend id\u00e9al en journ\u00e9e comme en soir\u00e9e.<\/p>\n<ul>\n<li>Fait \u00e0 la main<\/li>\n<li>Cuir revaloris\u00e9 issu de stocks de grandes maisons<\/li>\n<li>Doublure en alcantara<\/li>\n<li>Poche int\u00e9rieure<\/li>\n<li>Double bandouli\u00e8re cha\u00eene<\/li>\n<\/ul>\n<p><strong>Infos :<\/strong><\/p>\n<ul>\n<li>Coloris du cuir sur demande<\/li>\n<li>Bouclerie : argent\u00e9, dor\u00e9, gunmetal ou bronze<\/li>\n<li>D\u00e9lai de r\u00e9alisation de 7 \u00e0 10 jours selon disponibilit\u00e9<\/li>\n<\/ul>\n","protected":false},"featured_media":4657,"template":"","meta":[],"product_cat":[75],"product_tag":[],"class_list":{"0":"post-462","1":"product","2":"type-product","3":"status-publish","4":"has-post-thumbnail","6":"product_cat-sacs","8":"first","9":"instock","10":"shipping-taxable","11":"purchasable","12":"product-type-simple"},"_links":{"self":[{"href":"https:\/\/3r-prev.com\/jea\/wp-json\/wp\/v2\/product\/462","targetHints":{"allow":["GET"]}}],"collection":[{"href":"https:\/\/3r-prev.com\/jea\/wp-json\/wp\/v2\/product"}],"about":[{"href":"https:\/\/3r-prev.com\/jea\/wp-json\/wp\/v2\/types\/product"}],"wp:featuredmedia":[{"embeddable":true,"href":"https:\/\/3r-prev.com\/jea\/wp-json\/wp\/v2\/media\/4657"}],"wp:attachment":[{"href":"https:\/\/3r-prev.com\/jea\/wp-json\/wp\/v2\/media?parent=462"}],"wp:term":[{"taxonomy":"product_cat","embeddable":true,"href":"https:\/\/3r-prev.com\/jea\/wp-json\/wp\/v2\/product_cat?post=462"},{"taxonomy":"product_tag","embeddable":true,"href":"https:\/\/3r-prev.com\/jea\/wp-json\/wp\/v2\/product_tag?post=462"}],"curies":[{"name":"wp","href":"https:\/\/api.w.org\/{rel}","templated":true}]}}