{"id":461,"date":"2023-05-16T13:09:25","date_gmt":"2023-05-16T13:09:25","guid":{"rendered":"https:\/\/formarta.qodeinteractive.com\/?post_type=product&#038;p=461"},"modified":"2024-04-15T17:25:48","modified_gmt":"2024-04-15T15:25:48","slug":"sac-mia","status":"publish","type":"product","link":"https:\/\/3r-prev.com\/jea\/product\/sac-mia\/","title":{"rendered":"Sac Mia"},"content":{"rendered":"","protected":false},"excerpt":{"rendered":"<p>Le MIA est le parfait compagnon pour vos sorties quotidiennes. Il est pratique, l\u00e9ger, mais peut contenir tous vos essentiels. Il se porte en crossbody et est ajustable gr\u00e2ce \u00e0 sa bandouli\u00e8re r\u00e9glable.<\/p>\n<ul>\n<li>Fait \u00e0 la main,<\/li>\n<li>Cuir revaloris\u00e9 issu de stocks de grandes maisons<\/li>\n<li>Doublure en alcantara<\/li>\n<li>Poche pour carte \u00e0 l&rsquo;arri\u00e8re.<\/li>\n<\/ul>\n<p>&nbsp;<\/p>\n<p><strong>Infos :<\/strong><\/p>\n<p>Coloris du cuir sur demande,<\/p>\n<p>Bouclerie, argent\u00e9, dor\u00e9, gunmetal ou bronze.<\/p>\n<p>D\u00e9lai de livraison de 7 \u00e0 10 jours selon disponibilit\u00e9.<\/p>\n","protected":false},"featured_media":4644,"template":"","meta":[],"product_cat":[75],"product_tag":[58],"class_list":{"0":"post-461","1":"product","2":"type-product","3":"status-publish","4":"has-post-thumbnail","6":"product_cat-sacs","7":"product_tag-wood","9":"first","10":"instock","11":"shipping-taxable","12":"purchasable","13":"product-type-simple"},"_links":{"self":[{"href":"https:\/\/3r-prev.com\/jea\/wp-json\/wp\/v2\/product\/461","targetHints":{"allow":["GET"]}}],"collection":[{"href":"https:\/\/3r-prev.com\/jea\/wp-json\/wp\/v2\/product"}],"about":[{"href":"https:\/\/3r-prev.com\/jea\/wp-json\/wp\/v2\/types\/product"}],"wp:featuredmedia":[{"embeddable":true,"href":"https:\/\/3r-prev.com\/jea\/wp-json\/wp\/v2\/media\/4644"}],"wp:attachment":[{"href":"https:\/\/3r-prev.com\/jea\/wp-json\/wp\/v2\/media?parent=461"}],"wp:term":[{"taxonomy":"product_cat","embeddable":true,"href":"https:\/\/3r-prev.com\/jea\/wp-json\/wp\/v2\/product_cat?post=461"},{"taxonomy":"product_tag","embeddable":true,"href":"https:\/\/3r-prev.com\/jea\/wp-json\/wp\/v2\/product_tag?post=461"}],"curies":[{"name":"wp","href":"https:\/\/api.w.org\/{rel}","templated":true}]}}