{"id":460,"date":"2023-05-16T13:04:24","date_gmt":"2023-05-16T13:04:24","guid":{"rendered":"https:\/\/formarta.qodeinteractive.com\/?post_type=product&#038;p=460"},"modified":"2024-04-16T09:05:30","modified_gmt":"2024-04-16T07:05:30","slug":"suspension-iggy","status":"publish","type":"product","link":"https:\/\/3r-prev.com\/jea\/product\/suspension-iggy\/","title":{"rendered":"Suspension Iggy"},"content":{"rendered":"","protected":false},"excerpt":{"rendered":"<p>La suspension Iggy saura trouver sa place aussi bien dans votre int\u00e9rieur que sur une terrasse ou un balcon. Elle se d\u00e9cline en trois tailles mais aussi en multiples coloris et mat\u00e9riaux adapt\u00e9s \u00e0 son futur environnement. Elle est assembl\u00e9e \u00e0 l&rsquo;aide de rivets et de vis Chicago, disponible dans plusieurs finitions. Le kit comprend la suspension en cuir, un pot assorti ainsi qu&rsquo;une \u00e9querre de fixation.<\/p>\n<p><strong>Infos :<\/strong><\/p>\n<p>Rivets et vis disponibles<\/p>\n<p>Coloris du cuir sur demande<\/p>\n<p>Bouclerie: argent\u00e9e, dor\u00e9e, gunmetal ou bronze<\/p>\n<p>D\u00e9lai de r\u00e9alisation de 7 \u00e0 10 jours selon disponibilit\u00e9<\/p>\n","protected":false},"featured_media":4638,"template":"","meta":[],"product_cat":[76],"product_tag":[],"class_list":{"0":"post-460","1":"product","2":"type-product","3":"status-publish","4":"has-post-thumbnail","6":"product_cat-suspension","8":"first","9":"instock","10":"shipping-taxable","11":"purchasable","12":"product-type-simple"},"_links":{"self":[{"href":"https:\/\/3r-prev.com\/jea\/wp-json\/wp\/v2\/product\/460","targetHints":{"allow":["GET"]}}],"collection":[{"href":"https:\/\/3r-prev.com\/jea\/wp-json\/wp\/v2\/product"}],"about":[{"href":"https:\/\/3r-prev.com\/jea\/wp-json\/wp\/v2\/types\/product"}],"wp:featuredmedia":[{"embeddable":true,"href":"https:\/\/3r-prev.com\/jea\/wp-json\/wp\/v2\/media\/4638"}],"wp:attachment":[{"href":"https:\/\/3r-prev.com\/jea\/wp-json\/wp\/v2\/media?parent=460"}],"wp:term":[{"taxonomy":"product_cat","embeddable":true,"href":"https:\/\/3r-prev.com\/jea\/wp-json\/wp\/v2\/product_cat?post=460"},{"taxonomy":"product_tag","embeddable":true,"href":"https:\/\/3r-prev.com\/jea\/wp-json\/wp\/v2\/product_tag?post=460"}],"curies":[{"name":"wp","href":"https:\/\/api.w.org\/{rel}","templated":true}]}}