{"id":374,"date":"2023-05-16T11:33:32","date_gmt":"2023-05-16T11:33:32","guid":{"rendered":"https:\/\/formarta.qodeinteractive.com\/?page_id=374"},"modified":"2024-04-03T10:09:43","modified_gmt":"2024-04-03T08:09:43","slug":"carpentry-home","status":"publish","type":"page","link":"https:\/\/3r-prev.com\/jea\/","title":{"rendered":"Accueil"},"content":{"rendered":"\t\t<div data-elementor-type=\"wp-page\" data-elementor-id=\"374\" class=\"elementor elementor-374\">\n\t\t\t\t<div class=\"elementor-element elementor-element-8d8b36a e-con-full e-flex e-con e-parent\" data-id=\"8d8b36a\" data-element_type=\"container\">\n\t\t<div class=\"elementor-element elementor-element-0fe0093 e-con-full e-flex e-con e-child\" data-id=\"0fe0093\" data-element_type=\"container\" data-settings=\"{&quot;background_background&quot;:&quot;video&quot;,&quot;background_video_link&quot;:&quot;https:\\\/\\\/3r-prev.com\\\/jea\\\/wp-content\\\/uploads\\\/2024\\\/04\\\/Video-Jeanne-coupee.mov&quot;,&quot;background_play_on_mobile&quot;:&quot;yes&quot;,&quot;background_privacy_mode&quot;:&quot;yes&quot;}\">\n\t\t<div class=\"elementor-background-video-container\">\n\t\t\t\t\t\t\t<video class=\"elementor-background-video-hosted elementor-html5-video\" autoplay muted playsinline loop><\/video>\n\t\t\t\t\t<\/div>\t\t<div class=\"elementor-element elementor-element-61b323a elementor-invisible elementor-widget elementor-widget-formarta_core_section_title\" data-id=\"61b323a\" data-element_type=\"widget\" data-settings=\"{&quot;_animation&quot;:&quot;fadeIn&quot;,&quot;_animation_delay&quot;:150}\" data-widget_type=\"formarta_core_section_title.default\">\n\t\t\t\t<div class=\"elementor-widget-container\">\n\t\t\t<div class=\"qodef-shortcode qodef-m  qodef-section-title qodef-alignment--center  \">\n\t\t<h1 class=\"qodef-m-title\" style=\"color: #FFFFFF\">\n\t\t\t\t\tMaroquinerie artisanale\t\t\t<\/h1>\n\t\t\t<p class=\"qodef-m-text\" style=\"margin-top: 20px;color: #FFFFFF\">Cr\u00e9ation de s\u00e9ries limit\u00e9es<\/p>\n\t<\/div>\n\t\t<\/div>\n\t\t\t\t<\/div>\n\t\t\t\t<\/div>\n\t\t\t\t<\/div>\n\t\t<div class=\"elementor-element elementor-element-a2c22c6 e-con-full e-flex elementor-invisible e-con e-parent\" data-id=\"a2c22c6\" data-element_type=\"container\" data-settings=\"{&quot;animation&quot;:&quot;fadeIn&quot;}\">\n\t\t<div class=\"elementor-element elementor-element-0ed3797 e-con-full e-flex e-con e-child\" data-id=\"0ed3797\" data-element_type=\"container\" data-settings=\"{&quot;background_background&quot;:&quot;classic&quot;}\">\n\t\t\t\t<div class=\"elementor-element elementor-element-5e37759 elementor-widget elementor-widget-formarta_core_simple_product_list\" data-id=\"5e37759\" data-element_type=\"widget\" data-widget_type=\"formarta_core_simple_product_list.default\">\n\t\t\t\t<div class=\"elementor-widget-container\">\n\t\t\t<div class=\"qodef-shortcode qodef-m  qodef-woo-shortcode qodef-simple-product-list   qodef-grid qodef-layout--masonry qodef-items--fixed qodef-gutter--small qodef-vertical-gutter--small qodef-col-num--5  qodef-responsive--predefined\" >\n\t<div class=\"qodef-grid-inner\">\n\t\t\t<div class=\"qodef-grid-masonry-sizer\"><\/div>\n<article class=\"qodef-e qodef-grid-item qodef-item--square product type-product post-460 status-publish first instock product_cat-suspension has-post-thumbnail shipping-taxable purchasable product-type-simple\">\n\t<div class=\"qodef-e-inner\">\n\t\t\t\t\t<div class=\"qodef-e-media\">\n\t\t\t\t\t<div class=\"qodef-e-media-image\">\n\t\t<a href=\"https:\/\/3r-prev.com\/jea\/product\/suspension-iggy\/\" class=\"woocommerce-LoopProduct-link woocommerce-loop-product__link\">\t\t\t\t\t\t<img fetchpriority=\"high\" decoding=\"async\" width=\"650\" height=\"650\" src=\"https:\/\/3r-prev.com\/jea\/wp-content\/uploads\/2023\/05\/Shooting-Jeanne-Sac_53-1-scaled-2-650x650.jpg\" class=\"attachment-formarta_core_image_size_square size-formarta_core_image_size_square\" alt=\"\" srcset=\"https:\/\/3r-prev.com\/jea\/wp-content\/uploads\/2023\/05\/Shooting-Jeanne-Sac_53-1-scaled-2-650x650.jpg 650w, https:\/\/3r-prev.com\/jea\/wp-content\/uploads\/2023\/05\/Shooting-Jeanne-Sac_53-1-scaled-2-150x150.jpg 150w, https:\/\/3r-prev.com\/jea\/wp-content\/uploads\/2023\/05\/Shooting-Jeanne-Sac_53-1-scaled-2-300x300.jpg 300w, https:\/\/3r-prev.com\/jea\/wp-content\/uploads\/2023\/05\/Shooting-Jeanne-Sac_53-1-scaled-2-100x100.jpg 100w\" sizes=\"(max-width: 650px) 100vw, 650px\" \/>\t\t<\/a>\t<\/div>\n\t\t\t<\/div>\n\t\t\t\t<div class=\"qodef-e-content\">\n\t\t\t<h6 itemprop=\"name\" class=\"qodef-woo-product-title entry-title\" >\n\t<a itemprop=\"url\" class=\"qodef-woo-product-title-link\" href=\"https:\/\/3r-prev.com\/jea\/product\/suspension-iggy\/\">\n\t\tSuspension Iggy\t<\/a>\n<\/h6>\n\t\t\t\t\t<div class=\"qodef-woo-product-price price\"><span class=\"woocommerce-Price-amount amount\">70,00&nbsp;<span class=\"woocommerce-Price-currencySymbol\">&euro;<\/span><\/span><\/div>\n\t\t\t\t\t\t\t<\/div>\n\t\t<a href=\"https:\/\/3r-prev.com\/jea\/product\/suspension-iggy\/\" class=\"woocommerce-LoopProduct-link woocommerce-loop-product__link\"><\/a>\t<\/div>\n<\/article>\n<article class=\"qodef-e qodef-grid-item qodef-item--huge-square qodef-custom-item\">\n\t<div class=\"qodef-e-inner\">\n\t\t\t\t\t<div class=\"qodef-e-media\">\n\t\t\t\t<img decoding=\"async\" width=\"1000\" height=\"1345\" src=\"https:\/\/3r-prev.com\/jea\/wp-content\/uploads\/2024\/03\/illu-studio.jpg\" class=\"attachment-full size-full\" alt=\"\" srcset=\"https:\/\/3r-prev.com\/jea\/wp-content\/uploads\/2024\/03\/illu-studio.jpg 1000w, https:\/\/3r-prev.com\/jea\/wp-content\/uploads\/2024\/03\/illu-studio-223x300.jpg 223w, https:\/\/3r-prev.com\/jea\/wp-content\/uploads\/2024\/03\/illu-studio-761x1024.jpg 761w, https:\/\/3r-prev.com\/jea\/wp-content\/uploads\/2024\/03\/illu-studio-768x1033.jpg 768w, https:\/\/3r-prev.com\/jea\/wp-content\/uploads\/2024\/03\/illu-studio-600x807.jpg 600w\" sizes=\"(max-width: 1000px) 100vw, 1000px\" \/>\t\t\t<\/div>\n\t\t\t\t<div class=\"qodef-e-content\">\n\t\t\t\t\t\t\t<h2 class=\"qodef-e-title\">A propos du Studio 304<\/h2>\n\t\t\t\t\t\t\t\t<\/div>\n\t\t\t\t\t<a href=\"https:\/\/3r-prev.com\/jea\/about-me\/\" class=\"qodef-m-custom-link-overlay\"><\/a>\n\t\t\t<\/div>\n<\/article>\n<article class=\"qodef-e qodef-grid-item qodef-item--huge-square product type-product post-462 status-publish instock product_cat-sacs has-post-thumbnail shipping-taxable purchasable product-type-simple\">\n\t<div class=\"qodef-e-inner\">\n\t\t\t\t\t<div class=\"qodef-e-media\">\n\t\t\t\t\t<div class=\"qodef-e-media-image\">\n\t\t<a href=\"https:\/\/3r-prev.com\/jea\/product\/sac-susan\/\" class=\"woocommerce-LoopProduct-link woocommerce-loop-product__link\">\t\t\t\t\t\t<img decoding=\"async\" width=\"1000\" height=\"1098\" src=\"https:\/\/3r-prev.com\/jea\/wp-content\/uploads\/2023\/05\/Shooting-Jeanne-Sac_49.jpg\" class=\"attachment-formarta_core_image_size_huge-square size-formarta_core_image_size_huge-square\" alt=\"\" srcset=\"https:\/\/3r-prev.com\/jea\/wp-content\/uploads\/2023\/05\/Shooting-Jeanne-Sac_49.jpg 1000w, https:\/\/3r-prev.com\/jea\/wp-content\/uploads\/2023\/05\/Shooting-Jeanne-Sac_49-273x300.jpg 273w, https:\/\/3r-prev.com\/jea\/wp-content\/uploads\/2023\/05\/Shooting-Jeanne-Sac_49-933x1024.jpg 933w, https:\/\/3r-prev.com\/jea\/wp-content\/uploads\/2023\/05\/Shooting-Jeanne-Sac_49-768x843.jpg 768w, https:\/\/3r-prev.com\/jea\/wp-content\/uploads\/2023\/05\/Shooting-Jeanne-Sac_49-600x659.jpg 600w\" sizes=\"(max-width: 1000px) 100vw, 1000px\" \/>\t\t<\/a>\t<\/div>\n\t\t\t<\/div>\n\t\t\t\t<div class=\"qodef-e-content\">\n\t\t\t<h6 itemprop=\"name\" class=\"qodef-woo-product-title entry-title\" >\n\t<a itemprop=\"url\" class=\"qodef-woo-product-title-link\" href=\"https:\/\/3r-prev.com\/jea\/product\/sac-susan\/\">\n\t\tSac Susan\t<\/a>\n<\/h6>\n\t\t\t\t\t<div class=\"qodef-woo-product-price price\"><span class=\"woocommerce-Price-amount amount\">150,00&nbsp;<span class=\"woocommerce-Price-currencySymbol\">&euro;<\/span><\/span><\/div>\n\t\t\t\t\t\t\t<\/div>\n\t\t<a href=\"https:\/\/3r-prev.com\/jea\/product\/sac-susan\/\" class=\"woocommerce-LoopProduct-link woocommerce-loop-product__link\"><\/a>\t<\/div>\n<\/article>\n<article class=\"qodef-e qodef-grid-item qodef-item--square product type-product post-461 status-publish last instock product_cat-sacs product_tag-wood has-post-thumbnail shipping-taxable purchasable product-type-simple\">\n\t<div class=\"qodef-e-inner\">\n\t\t\t\t\t<div class=\"qodef-e-media\">\n\t\t\t\t\t<div class=\"qodef-e-media-image\">\n\t\t<a href=\"https:\/\/3r-prev.com\/jea\/product\/sac-mia\/\" class=\"woocommerce-LoopProduct-link woocommerce-loop-product__link\">\t\t\t\t\t\t<img loading=\"lazy\" decoding=\"async\" width=\"650\" height=\"650\" src=\"https:\/\/3r-prev.com\/jea\/wp-content\/uploads\/2023\/05\/Capture-decran-2024-04-10-a-16.17.35-650x650.png\" class=\"attachment-formarta_core_image_size_square size-formarta_core_image_size_square\" alt=\"\" srcset=\"https:\/\/3r-prev.com\/jea\/wp-content\/uploads\/2023\/05\/Capture-decran-2024-04-10-a-16.17.35-650x650.png 650w, https:\/\/3r-prev.com\/jea\/wp-content\/uploads\/2023\/05\/Capture-decran-2024-04-10-a-16.17.35-150x150.png 150w, https:\/\/3r-prev.com\/jea\/wp-content\/uploads\/2023\/05\/Capture-decran-2024-04-10-a-16.17.35-300x300.png 300w, https:\/\/3r-prev.com\/jea\/wp-content\/uploads\/2023\/05\/Capture-decran-2024-04-10-a-16.17.35-100x100.png 100w\" sizes=\"(max-width: 650px) 100vw, 650px\" \/>\t\t<\/a>\t<\/div>\n\t\t\t<\/div>\n\t\t\t\t<div class=\"qodef-e-content\">\n\t\t\t<h6 itemprop=\"name\" class=\"qodef-woo-product-title entry-title\" >\n\t<a itemprop=\"url\" class=\"qodef-woo-product-title-link\" href=\"https:\/\/3r-prev.com\/jea\/product\/sac-mia\/\">\n\t\tSac Mia\t<\/a>\n<\/h6>\n\t\t\t\t\t<div class=\"qodef-woo-product-price price\"><span class=\"woocommerce-Price-amount amount\">150,00&nbsp;<span class=\"woocommerce-Price-currencySymbol\">&euro;<\/span><\/span><\/div>\n\t\t\t\t\t\t\t<\/div>\n\t\t<a href=\"https:\/\/3r-prev.com\/jea\/product\/sac-mia\/\" class=\"woocommerce-LoopProduct-link woocommerce-loop-product__link\"><\/a>\t<\/div>\n<\/article>\n\t<\/div>\n<\/div>\n\t\t<\/div>\n\t\t\t\t<\/div>\n\t\t\t\t<\/div>\n\t\t\t\t<\/div>\n\t\t<div class=\"elementor-element elementor-element-4217d8a e-con-full e-flex e-con e-parent\" data-id=\"4217d8a\" data-element_type=\"container\">\n\t\t<div class=\"elementor-element elementor-element-d967fbf e-con-full e-flex e-con e-child\" data-id=\"d967fbf\" data-element_type=\"container\" data-settings=\"{&quot;background_background&quot;:&quot;classic&quot;}\">\n\t\t\t\t<div class=\"elementor-element elementor-element-785cbbc elementor-widget elementor-widget-formarta_core_section_title\" data-id=\"785cbbc\" data-element_type=\"widget\" data-widget_type=\"formarta_core_section_title.default\">\n\t\t\t\t<div class=\"elementor-widget-container\">\n\t\t\t<div class=\"qodef-shortcode qodef-m  qodef-section-title qodef-alignment--center  \">\n\t\t<h1 class=\"qodef-m-title\" style=\"color: #FFFFFF\">\n\t\t\t\t\tUne fabrication eco-r\u00e9sponsable\t\t\t<\/h1>\n\t\t\t<\/div>\n\t\t<\/div>\n\t\t\t\t<\/div>\n\t\t\t\t<div class=\"elementor-element elementor-element-86f708a elementor-widget__width-initial elementor-widget elementor-widget-text-editor\" data-id=\"86f708a\" data-element_type=\"widget\" data-widget_type=\"text-editor.default\">\n\t\t\t\t<div class=\"elementor-widget-container\">\n\t\t\t<style>\/*! elementor - v3.21.0 - 15-04-2024 *\/\n.elementor-widget-text-editor.elementor-drop-cap-view-stacked .elementor-drop-cap{background-color:#69727d;color:#fff}.elementor-widget-text-editor.elementor-drop-cap-view-framed .elementor-drop-cap{color:#69727d;border:3px solid;background-color:transparent}.elementor-widget-text-editor:not(.elementor-drop-cap-view-default) .elementor-drop-cap{margin-top:8px}.elementor-widget-text-editor:not(.elementor-drop-cap-view-default) .elementor-drop-cap-letter{width:1em;height:1em}.elementor-widget-text-editor .elementor-drop-cap{float:left;text-align:center;line-height:1;font-size:50px}.elementor-widget-text-editor .elementor-drop-cap-letter{display:inline-block}<\/style>\t\t\t\t<p>Une d\u00e9marche engag\u00e9e qui vise un impact environnemental r\u00e9duit et participe \u00e0 la d\u00e9fense du savoir-faire maroquinier fran\u00e7ais dans les r\u00e8gles de la tradition sellier.<\/p>\t\t\t\t\t\t<\/div>\n\t\t\t\t<\/div>\n\t\t\t\t<\/div>\n\t\t\t\t<\/div>\n\t\t<div class=\"elementor-element elementor-element-c716231 e-con-full e-flex e-con e-parent\" data-id=\"c716231\" data-element_type=\"container\">\n\t\t<div class=\"elementor-element elementor-element-6c73ca8 e-con-full e-flex e-con e-child\" data-id=\"6c73ca8\" data-element_type=\"container\" data-settings=\"{&quot;background_background&quot;:&quot;classic&quot;}\">\n\t\t\t\t<div class=\"elementor-element elementor-element-4ee2e07 elementor-widget elementor-widget-formarta_core_simple_product_list\" data-id=\"4ee2e07\" data-element_type=\"widget\" data-widget_type=\"formarta_core_simple_product_list.default\">\n\t\t\t\t<div class=\"elementor-widget-container\">\n\t\t\t<div class=\"qodef-shortcode qodef-m  qodef-woo-shortcode qodef-simple-product-list   qodef-grid qodef-layout--masonry qodef-items--fixed qodef-gutter--small qodef-vertical-gutter--small qodef-col-num--5  qodef-responsive--predefined\" >\n\t<div class=\"qodef-grid-inner\">\n\t\t\t<div class=\"qodef-grid-masonry-sizer\"><\/div>\n<article class=\"qodef-e qodef-grid-item qodef-item--huge-square qodef-custom-item\">\n\t<div class=\"qodef-e-inner\">\n\t\t\t\t\t<div class=\"qodef-e-media\">\n\t\t\t\t<img loading=\"lazy\" decoding=\"async\" width=\"1035\" height=\"1294\" src=\"https:\/\/3r-prev.com\/jea\/wp-content\/uploads\/2024\/03\/Capture-decran-2024-03-13-a-16.35.38.png\" class=\"attachment-full size-full\" alt=\"\" srcset=\"https:\/\/3r-prev.com\/jea\/wp-content\/uploads\/2024\/03\/Capture-decran-2024-03-13-a-16.35.38.png 1035w, https:\/\/3r-prev.com\/jea\/wp-content\/uploads\/2024\/03\/Capture-decran-2024-03-13-a-16.35.38-240x300.png 240w, https:\/\/3r-prev.com\/jea\/wp-content\/uploads\/2024\/03\/Capture-decran-2024-03-13-a-16.35.38-819x1024.png 819w, https:\/\/3r-prev.com\/jea\/wp-content\/uploads\/2024\/03\/Capture-decran-2024-03-13-a-16.35.38-768x960.png 768w, https:\/\/3r-prev.com\/jea\/wp-content\/uploads\/2024\/03\/Capture-decran-2024-03-13-a-16.35.38-600x750.png 600w\" sizes=\"(max-width: 1035px) 100vw, 1035px\" \/>\t\t\t<\/div>\n\t\t\t\t<div class=\"qodef-e-content\">\n\t\t\t\t\t\t\t<h2 class=\"qodef-e-title\">Boutique en ligne<\/h2>\n\t\t\t\t\t\t\t\t\t\t<p class=\"qodef-e-text\">Bient\u00f4t disponible<\/p>\n\t\t\t\t\t<\/div>\n\t\t\t\t\t<a href=\"https:\/\/3r-prev.com\/jea\/product-category\/woodwork\/\" class=\"qodef-m-custom-link-overlay\"><\/a>\n\t\t\t<\/div>\n<\/article>\n<article class=\"qodef-e qodef-grid-item qodef-item--huge-square product type-product post-463 status-publish first instock product_cat-sacs has-post-thumbnail shipping-taxable purchasable product-type-simple\">\n\t<div class=\"qodef-e-inner\">\n\t\t\t\t\t<div class=\"qodef-e-media\">\n\t\t\t\t\t<div class=\"qodef-e-media-image\">\n\t\t<a href=\"https:\/\/3r-prev.com\/jea\/product\/sac-erin\/\" class=\"woocommerce-LoopProduct-link woocommerce-loop-product__link\">\t\t\t\t\t\t<img loading=\"lazy\" decoding=\"async\" width=\"580\" height=\"791\" src=\"https:\/\/3r-prev.com\/jea\/wp-content\/uploads\/2023\/05\/Capture-decran-2024-04-10-a-16.24.56.png\" class=\"attachment-formarta_core_image_size_huge-square size-formarta_core_image_size_huge-square\" alt=\"\" srcset=\"https:\/\/3r-prev.com\/jea\/wp-content\/uploads\/2023\/05\/Capture-decran-2024-04-10-a-16.24.56.png 580w, https:\/\/3r-prev.com\/jea\/wp-content\/uploads\/2023\/05\/Capture-decran-2024-04-10-a-16.24.56-220x300.png 220w\" sizes=\"(max-width: 580px) 100vw, 580px\" \/>\t\t<\/a>\t<\/div>\n\t\t\t<\/div>\n\t\t\t\t<div class=\"qodef-e-content\">\n\t\t\t<h6 itemprop=\"name\" class=\"qodef-woo-product-title entry-title\" >\n\t<a itemprop=\"url\" class=\"qodef-woo-product-title-link\" href=\"https:\/\/3r-prev.com\/jea\/product\/sac-erin\/\">\n\t\tSac Erin\t<\/a>\n<\/h6>\n\t\t\t\t\t<div class=\"qodef-woo-product-price price\"><span class=\"woocommerce-Price-amount amount\">240,00&nbsp;<span class=\"woocommerce-Price-currencySymbol\">&euro;<\/span><\/span><\/div>\n\t\t\t\t\t\t\t<\/div>\n\t\t<a href=\"https:\/\/3r-prev.com\/jea\/product\/sac-erin\/\" class=\"woocommerce-LoopProduct-link woocommerce-loop-product__link\"><\/a>\t<\/div>\n<\/article>\n<article class=\"qodef-e qodef-grid-item qodef-item--square product type-product post-464 status-publish instock product_cat-blague-a-tabac product_tag-wood has-post-thumbnail shipping-taxable purchasable product-type-simple\">\n\t<div class=\"qodef-e-inner\">\n\t\t\t\t\t<div class=\"qodef-e-media\">\n\t\t\t\t\t<div class=\"qodef-e-media-image\">\n\t\t<a href=\"https:\/\/3r-prev.com\/jea\/product\/blague-a-tabac-vinnie\/\" class=\"woocommerce-LoopProduct-link woocommerce-loop-product__link\">\t\t\t\t\t\t<img loading=\"lazy\" decoding=\"async\" width=\"650\" height=\"650\" src=\"https:\/\/3r-prev.com\/jea\/wp-content\/uploads\/2023\/05\/Capture-decran-2024-04-10-a-16.46.15-1-650x650.png\" class=\"attachment-formarta_core_image_size_square size-formarta_core_image_size_square\" alt=\"\" srcset=\"https:\/\/3r-prev.com\/jea\/wp-content\/uploads\/2023\/05\/Capture-decran-2024-04-10-a-16.46.15-1-650x650.png 650w, https:\/\/3r-prev.com\/jea\/wp-content\/uploads\/2023\/05\/Capture-decran-2024-04-10-a-16.46.15-1-150x150.png 150w, https:\/\/3r-prev.com\/jea\/wp-content\/uploads\/2023\/05\/Capture-decran-2024-04-10-a-16.46.15-1-300x300.png 300w, https:\/\/3r-prev.com\/jea\/wp-content\/uploads\/2023\/05\/Capture-decran-2024-04-10-a-16.46.15-1-100x100.png 100w\" sizes=\"(max-width: 650px) 100vw, 650px\" \/>\t\t<\/a>\t<\/div>\n\t\t\t<\/div>\n\t\t\t\t<div class=\"qodef-e-content\">\n\t\t\t<h6 itemprop=\"name\" class=\"qodef-woo-product-title entry-title\" >\n\t<a itemprop=\"url\" class=\"qodef-woo-product-title-link\" href=\"https:\/\/3r-prev.com\/jea\/product\/blague-a-tabac-vinnie\/\">\n\t\tBlague \u00e0 tabac Vinnie\t<\/a>\n<\/h6>\n\t\t\t\t\t<div class=\"qodef-woo-product-price price\"><span class=\"woocommerce-Price-amount amount\">30,00&nbsp;<span class=\"woocommerce-Price-currencySymbol\">&euro;<\/span><\/span><\/div>\n\t\t\t\t\t\t\t<\/div>\n\t\t<a href=\"https:\/\/3r-prev.com\/jea\/product\/blague-a-tabac-vinnie\/\" class=\"woocommerce-LoopProduct-link woocommerce-loop-product__link\"><\/a>\t<\/div>\n<\/article>\n<article class=\"qodef-e qodef-grid-item qodef-item--square product type-product post-465 status-publish last instock product_cat-portefeuille product_tag-wood has-post-thumbnail shipping-taxable purchasable product-type-simple\">\n\t<div class=\"qodef-e-inner\">\n\t\t\t\t\t<div class=\"qodef-e-media\">\n\t\t\t\t\t<div class=\"qodef-e-media-image\">\n\t\t<a href=\"https:\/\/3r-prev.com\/jea\/product\/portefeuille-donnie\/\" class=\"woocommerce-LoopProduct-link woocommerce-loop-product__link\">\t\t\t\t\t\t<img loading=\"lazy\" decoding=\"async\" width=\"640\" height=\"650\" src=\"https:\/\/3r-prev.com\/jea\/wp-content\/uploads\/2023\/05\/Capture-decran-2024-04-10-a-16.56.34-640x650.png\" class=\"attachment-formarta_core_image_size_square size-formarta_core_image_size_square\" alt=\"\" \/>\t\t<\/a>\t<\/div>\n\t\t\t<\/div>\n\t\t\t\t<div class=\"qodef-e-content\">\n\t\t\t<h6 itemprop=\"name\" class=\"qodef-woo-product-title entry-title\" >\n\t<a itemprop=\"url\" class=\"qodef-woo-product-title-link\" href=\"https:\/\/3r-prev.com\/jea\/product\/portefeuille-donnie\/\">\n\t\tPortefeuille Donnie\t<\/a>\n<\/h6>\n\t\t\t\t\t<div class=\"qodef-woo-product-price price\"><span class=\"woocommerce-Price-amount amount\">75,00&nbsp;<span class=\"woocommerce-Price-currencySymbol\">&euro;<\/span><\/span><\/div>\n\t\t\t\t\t\t\t<\/div>\n\t\t<a href=\"https:\/\/3r-prev.com\/jea\/product\/portefeuille-donnie\/\" class=\"woocommerce-LoopProduct-link woocommerce-loop-product__link\"><\/a>\t<\/div>\n<\/article>\n\t<\/div>\n<\/div>\n\t\t<\/div>\n\t\t\t\t<\/div>\n\t\t\t\t<\/div>\n\t\t\t\t<\/div>\n\t\t\t\t<\/div>\n\t\t","protected":false},"excerpt":{"rendered":"<p>Maroquinerie artisanale Cr\u00e9ation de s\u00e9ries limit\u00e9es Lorem ipsum 145,00&nbsp;&euro; A propos du Studio 304 Lorem ipsum 185,00&nbsp;&euro; Lorem ipsum 250,00&nbsp;&euro; Une fabrication eco-r\u00e9sponsable Une d\u00e9marche engag\u00e9e qui vise un impact environnemental r\u00e9duit et participe \u00e0 la d\u00e9fense du savoir-faire maroquinier fran\u00e7ais dans les r\u00e8gles de la tradition sellier. Boutique en ligne Bient\u00f4t disponible Lorem ipsum [&hellip;]<\/p>\n","protected":false},"author":1,"featured_media":0,"parent":0,"menu_order":0,"comment_status":"closed","ping_status":"closed","template":"page-full-width.php","meta":{"footnotes":""},"class_list":["post-374","page","type-page","status-publish","hentry"],"_links":{"self":[{"href":"https:\/\/3r-prev.com\/jea\/wp-json\/wp\/v2\/pages\/374","targetHints":{"allow":["GET"]}}],"collection":[{"href":"https:\/\/3r-prev.com\/jea\/wp-json\/wp\/v2\/pages"}],"about":[{"href":"https:\/\/3r-prev.com\/jea\/wp-json\/wp\/v2\/types\/page"}],"author":[{"embeddable":true,"href":"https:\/\/3r-prev.com\/jea\/wp-json\/wp\/v2\/users\/1"}],"replies":[{"embeddable":true,"href":"https:\/\/3r-prev.com\/jea\/wp-json\/wp\/v2\/comments?post=374"}],"version-history":[{"count":101,"href":"https:\/\/3r-prev.com\/jea\/wp-json\/wp\/v2\/pages\/374\/revisions"}],"predecessor-version":[{"id":4624,"href":"https:\/\/3r-prev.com\/jea\/wp-json\/wp\/v2\/pages\/374\/revisions\/4624"}],"wp:attachment":[{"href":"https:\/\/3r-prev.com\/jea\/wp-json\/wp\/v2\/media?parent=374"}],"curies":[{"name":"wp","href":"https:\/\/api.w.org\/{rel}","templated":true}]}}