{"id":1507,"date":"2023-05-19T13:02:00","date_gmt":"2023-05-19T13:02:00","guid":{"rendered":"https:\/\/formarta.qodeinteractive.com\/?page_id=1507"},"modified":"2024-04-16T09:03:45","modified_gmt":"2024-04-16T07:03:45","slug":"about-me","status":"publish","type":"page","link":"https:\/\/3r-prev.com\/jea\/about-me\/","title":{"rendered":"\u00c0 propos"},"content":{"rendered":"\t\t<div data-elementor-type=\"wp-page\" data-elementor-id=\"1507\" class=\"elementor elementor-1507\">\n\t\t\t\t<div class=\"elementor-element elementor-element-ec6a04c e-con-full qodef-elementor-content-grid e-flex e-con e-parent\" data-id=\"ec6a04c\" data-element_type=\"container\">\n\t\t<div class=\"elementor-element elementor-element-268d4fa e-con-full e-flex e-con e-child\" data-id=\"268d4fa\" data-element_type=\"container\">\n\t\t\t\t<div class=\"elementor-element elementor-element-da81c6b elementor-widget elementor-widget-formarta_core_single_image\" data-id=\"da81c6b\" data-element_type=\"widget\" data-widget_type=\"formarta_core_single_image.default\">\n\t\t\t\t<div class=\"elementor-widget-container\">\n\t\t\t<div class=\"qodef-shortcode qodef-m  qodef-single-image qodef-layout--default   \">\n\t\t\t<div class=\"qodef-m-image\">\n\t\t\t\t\t\t\t\t<img fetchpriority=\"high\" decoding=\"async\" width=\"1000\" height=\"1040\" src=\"https:\/\/3r-prev.com\/jea\/wp-content\/uploads\/2024\/03\/portrait.jpg\" class=\"attachment-full size-full\" alt=\"\" srcset=\"https:\/\/3r-prev.com\/jea\/wp-content\/uploads\/2024\/03\/portrait.jpg 1000w, https:\/\/3r-prev.com\/jea\/wp-content\/uploads\/2024\/03\/portrait-288x300.jpg 288w, https:\/\/3r-prev.com\/jea\/wp-content\/uploads\/2024\/03\/portrait-985x1024.jpg 985w, https:\/\/3r-prev.com\/jea\/wp-content\/uploads\/2024\/03\/portrait-768x799.jpg 768w, https:\/\/3r-prev.com\/jea\/wp-content\/uploads\/2024\/03\/portrait-600x624.jpg 600w\" sizes=\"(max-width: 1000px) 100vw, 1000px\" \/>\t\t\t\t\t\t\t<\/div>\n\t<\/div>\n\t\t<\/div>\n\t\t\t\t<\/div>\n\t\t\t\t<\/div>\n\t\t<div class=\"elementor-element elementor-element-4227d6a e-con-full e-flex e-con e-child\" data-id=\"4227d6a\" data-element_type=\"container\">\n\t\t<div class=\"elementor-element elementor-element-904fe3f e-con-full e-flex e-con e-child\" data-id=\"904fe3f\" data-element_type=\"container\">\n\t\t\t\t<div class=\"elementor-element elementor-element-37536cb elementor-widget__width-initial elementor-widget elementor-widget-formarta_core_section_title\" data-id=\"37536cb\" data-element_type=\"widget\" data-widget_type=\"formarta_core_section_title.default\">\n\t\t\t\t<div class=\"elementor-widget-container\">\n\t\t\t<div class=\"qodef-shortcode qodef-m  qodef-section-title qodef-alignment--center  \">\n\t\t<h2 class=\"qodef-m-title\" >\n\t\t\t\t\tL'histoire du Studio 304\t\t\t<\/h2>\n\t\t<div class=\"qodef-m-svg-separator\" >\n\t\t<svg class=\"qodef-svg--underline-decoration\" xmlns=\"http:\/\/www.w3.org\/2000\/svg\" width=\"67.85\" height=\"4.324\" viewBox=\"0 0 67.85 4.324\" xml:space=\"preserve\" preserveAspectRatio=\"none\"><path d=\"M438.6,4846.108s24.544.81,27.829,0,.966,1.133,5.218,0,10.049-2.105,16.041,0,18.746,2.105,18.746,2.105\" transform=\"translate(-438.584 -4844.39)\" fill=\"none\" stroke=\"currentColor\" stroke-width=\"1\"\/><\/svg>\t<\/div>\n\t\t<p class=\"qodef-m-text\" >Studio 304 est un atelier de maroquinerie artisanal et local, sp\u00e9cialis\u00e9 dans la confection d&#039;articles en cuir en s\u00e9rie limit\u00e9e. \n\nSelli\u00e8re de formation, Jeanne Micaletto propose des pi\u00e8ces uniques au design \u00e9l\u00e9gant et audacieux. Chaque \u00e9tape, de la conception \u00e0 la finition, est ex\u00e9cut\u00e9e \u00e0 la main pour l\u2019ensemble des r\u00e9alisations : porte-monnaie, pochettes, porte-feuilles et sacs \u00e0 main. \n\nUn soin particulier est apport\u00e9 \u00e0 la s\u00e9lection des cuirs utilis\u00e9s qui sont issus de grandes maisons de maroquinerie de luxe. Une volont\u00e9 d&#039;upcycling \u00e0 travers un processus de fabrication respectueux de l\u2019environnement.\n<\/p>\n\t<\/div>\n\t\t<\/div>\n\t\t\t\t<\/div>\n\t\t\t\t<div class=\"elementor-element elementor-element-1b35f49 elementor-widget elementor-widget-spacer\" data-id=\"1b35f49\" data-element_type=\"widget\" data-widget_type=\"spacer.default\">\n\t\t\t\t<div class=\"elementor-widget-container\">\n\t\t\t<style>\/*! elementor - v3.21.0 - 15-04-2024 *\/\n.elementor-column .elementor-spacer-inner{height:var(--spacer-size)}.e-con{--container-widget-width:100%}.e-con-inner>.elementor-widget-spacer,.e-con>.elementor-widget-spacer{width:var(--container-widget-width,var(--spacer-size));--align-self:var(--container-widget-align-self,initial);--flex-shrink:0}.e-con-inner>.elementor-widget-spacer>.elementor-widget-container,.e-con>.elementor-widget-spacer>.elementor-widget-container{height:100%;width:100%}.e-con-inner>.elementor-widget-spacer>.elementor-widget-container>.elementor-spacer,.e-con>.elementor-widget-spacer>.elementor-widget-container>.elementor-spacer{height:100%}.e-con-inner>.elementor-widget-spacer>.elementor-widget-container>.elementor-spacer>.elementor-spacer-inner,.e-con>.elementor-widget-spacer>.elementor-widget-container>.elementor-spacer>.elementor-spacer-inner{height:var(--container-widget-height,var(--spacer-size))}.e-con-inner>.elementor-widget-spacer.elementor-widget-empty,.e-con>.elementor-widget-spacer.elementor-widget-empty{position:relative;min-height:22px;min-width:22px}.e-con-inner>.elementor-widget-spacer.elementor-widget-empty .elementor-widget-empty-icon,.e-con>.elementor-widget-spacer.elementor-widget-empty .elementor-widget-empty-icon{position:absolute;top:0;bottom:0;left:0;right:0;margin:auto;padding:0;width:22px;height:22px}<\/style>\t\t<div class=\"elementor-spacer\">\n\t\t\t<div class=\"elementor-spacer-inner\"><\/div>\n\t\t<\/div>\n\t\t\t\t<\/div>\n\t\t\t\t<\/div>\n\t\t\t\t<\/div>\n\t\t\t\t<div class=\"elementor-element elementor-element-c995742 elementor-widget__width-initial elementor-widget elementor-widget-formarta_core_single_image\" data-id=\"c995742\" data-element_type=\"widget\" data-widget_type=\"formarta_core_single_image.default\">\n\t\t\t\t<div class=\"elementor-widget-container\">\n\t\t\t<div class=\"qodef-shortcode qodef-m  qodef-single-image qodef-layout--default  qodef--retina \">\n\t\t\t<div class=\"qodef-m-image\">\n\t\t\t\t\t\t\t\t\t\t\t\t\t\t<img decoding=\"async\" itemprop=\"image\" src=\"https:\/\/3r-prev.com\/jea\/wp-content\/uploads\/2024\/04\/signature-transparent.png\" width=\"453\" height=\"160\" alt=\"\" \/>\n\t\t\t\t\t\t\t\t\t\t\t\t\t<\/div>\n\t<\/div>\n\t\t<\/div>\n\t\t\t\t<\/div>\n\t\t\t\t<\/div>\n\t\t\t\t<\/div>\n\t\t<div class=\"elementor-element elementor-element-644ffc7 e-flex e-con-boxed e-con e-parent\" data-id=\"644ffc7\" data-element_type=\"container\" data-settings=\"{&quot;background_background&quot;:&quot;classic&quot;}\">\n\t\t\t\t\t<div class=\"e-con-inner\">\n\t\t<div class=\"elementor-element elementor-element-507b1c7 qodef-elementor-content-grid e-flex e-con-boxed e-con e-child\" data-id=\"507b1c7\" data-element_type=\"container\">\n\t\t\t\t\t<div class=\"e-con-inner\">\n\t\t\t\t<div class=\"elementor-element elementor-element-a6b4fa6 elementor-widget elementor-widget-qi_addons_for_elementor_section_title\" data-id=\"a6b4fa6\" data-element_type=\"widget\" data-widget_type=\"qi_addons_for_elementor_section_title.default\">\n\t\t\t\t<div class=\"elementor-widget-container\">\n\t\t\t<div class=\"qodef-shortcode qodef-m  qodef-qi-section-title  qodef-decoration--italic  qodef-link--underline-draw qodef-subtitle-icon--left\">\n\t\t\t<h1 class=\"qodef-m-title\">\n\t\tNos cr\u00e9ations\t<\/h1>\n\t\t\t\t<h5 class=\"qodef-m-subtitle\">\n\t\tSac \u00e0 mains - Portefeuille - Porte Plante \t\t\t<\/h5>\n\t\t\t<\/div>\n\t\t<\/div>\n\t\t\t\t<\/div>\n\t\t\t\t\t<\/div>\n\t\t\t\t<\/div>\n\t\t\t\t\t<\/div>\n\t\t\t\t<\/div>\n\t\t<div class=\"elementor-element elementor-element-852714e e-con-full qodef-elementor-content-grid e-flex e-con e-parent\" data-id=\"852714e\" data-element_type=\"container\">\n\t\t<div class=\"elementor-element elementor-element-57b35f3 e-con-full e-flex e-con e-child\" data-id=\"57b35f3\" data-element_type=\"container\">\n\t\t\t\t<div class=\"elementor-element elementor-element-83fdbfd elementor-widget elementor-widget-formarta_core_single_image\" data-id=\"83fdbfd\" data-element_type=\"widget\" data-widget_type=\"formarta_core_single_image.default\">\n\t\t\t\t<div class=\"elementor-widget-container\">\n\t\t\t<div class=\"qodef-shortcode qodef-m  qodef-single-image qodef-layout--default   \">\n\t\t\t<div class=\"qodef-m-image\">\n\t\t\t\t\t\t\t\t<img decoding=\"async\" width=\"1000\" height=\"1345\" src=\"https:\/\/3r-prev.com\/jea\/wp-content\/uploads\/2024\/03\/h2-shop-item-img-1.jpg\" class=\"attachment-full size-full\" alt=\"\" srcset=\"https:\/\/3r-prev.com\/jea\/wp-content\/uploads\/2024\/03\/h2-shop-item-img-1.jpg 1000w, https:\/\/3r-prev.com\/jea\/wp-content\/uploads\/2024\/03\/h2-shop-item-img-1-223x300.jpg 223w, https:\/\/3r-prev.com\/jea\/wp-content\/uploads\/2024\/03\/h2-shop-item-img-1-761x1024.jpg 761w, https:\/\/3r-prev.com\/jea\/wp-content\/uploads\/2024\/03\/h2-shop-item-img-1-768x1033.jpg 768w, https:\/\/3r-prev.com\/jea\/wp-content\/uploads\/2024\/03\/h2-shop-item-img-1-600x807.jpg 600w\" sizes=\"(max-width: 1000px) 100vw, 1000px\" \/>\t\t\t\t\t\t\t<\/div>\n\t<\/div>\n\t\t<\/div>\n\t\t\t\t<\/div>\n\t\t\t\t<\/div>\n\t\t<div class=\"elementor-element elementor-element-36c0307 e-con-full e-flex e-con e-child\" data-id=\"36c0307\" data-element_type=\"container\">\n\t\t\t\t<div class=\"elementor-element elementor-element-80f97c8 elementor-widget elementor-widget-formarta_core_section_title\" data-id=\"80f97c8\" data-element_type=\"widget\" data-widget_type=\"formarta_core_section_title.default\">\n\t\t\t\t<div class=\"elementor-widget-container\">\n\t\t\t<div class=\"qodef-shortcode qodef-m  qodef-section-title qodef-alignment--left  \">\n\t\t<h2 class=\"qodef-m-title\" style=\"color: #000000\">\n\t\t\t\t\tNos prestations\t\t\t<\/h2>\n\t\t\t<\/div>\n\t\t<\/div>\n\t\t\t\t<\/div>\n\t\t\t\t<div class=\"elementor-element elementor-element-82a0d77 elementor-widget elementor-widget-spacer\" data-id=\"82a0d77\" data-element_type=\"widget\" data-widget_type=\"spacer.default\">\n\t\t\t\t<div class=\"elementor-widget-container\">\n\t\t\t\t\t<div class=\"elementor-spacer\">\n\t\t\t<div class=\"elementor-spacer-inner\"><\/div>\n\t\t<\/div>\n\t\t\t\t<\/div>\n\t\t\t\t<\/div>\n\t\t\t\t<div class=\"elementor-element elementor-element-ffa87cb elementor-widget__width-initial elementor-widget elementor-widget-formarta_core_accordion\" data-id=\"ffa87cb\" data-element_type=\"widget\" data-widget_type=\"formarta_core_accordion.default\">\n\t\t\t\t<div class=\"elementor-widget-container\">\n\t\t\t<div class=\"qodef-shortcode qodef-m  qodef-accordion clear qodef-behavior--accordion qodef-layout--simple\">\n\t<h6 class=\"qodef-accordion-title\">\n\t<span class=\"qodef-accordion-mark\">\n\t\t<span class=\"qodef-icon--plus\"><\/span>\n\t\t<span class=\"qodef-icon--minus\"><\/span>\n\t<\/span>\n    <span class=\"qodef-tab-title\">Fabrication artisanale<\/span>\n<\/h6>\n<div class=\"qodef-accordion-content\">\n\t<div class=\"qodef-accordion-content-inner\">\n\t\t<div class=\"page\" title=\"Page 1\"><div class=\"section\"><div class=\"layoutArea\"><div class=\"column\"><p>De la conception de mode\u0300les a\u0300 la re\u0301alisation<\/p><\/div><\/div><\/div><\/div>\t<\/div>\n<\/div>\n<h6 class=\"qodef-accordion-title\">\n\t<span class=\"qodef-accordion-mark\">\n\t\t<span class=\"qodef-icon--plus\"><\/span>\n\t\t<span class=\"qodef-icon--minus\"><\/span>\n\t<\/span>\n    <span class=\"qodef-tab-title\">Se\u0301ries limite\u0301es<\/span>\n<\/h6>\n<div class=\"qodef-accordion-content\">\n\t<div class=\"qodef-accordion-content-inner\">\n\t\t<div class=\"page\" title=\"Page 1\"><div class=\"section\"><div class=\"layoutArea\"><div class=\"column\"><p>Collections capsules et pie\u0300ces uniques<\/p><\/div><\/div><\/div><\/div>\t<\/div>\n<\/div>\n<h6 class=\"qodef-accordion-title\">\n\t<span class=\"qodef-accordion-mark\">\n\t\t<span class=\"qodef-icon--plus\"><\/span>\n\t\t<span class=\"qodef-icon--minus\"><\/span>\n\t<\/span>\n    <span class=\"qodef-tab-title\">Revalorisation<\/span>\n<\/h6>\n<div class=\"qodef-accordion-content\">\n\t<div class=\"qodef-accordion-content-inner\">\n\t\t<div class=\"page\" title=\"Page 1\"><div class=\"section\"><div class=\"layoutArea\"><div class=\"column\"><p>R\u00e9emplois de cuirs issus de stocks<\/p><\/div><\/div><\/div><\/div>\t<\/div>\n<\/div>\n<h6 class=\"qodef-accordion-title\">\n\t<span class=\"qodef-accordion-mark\">\n\t\t<span class=\"qodef-icon--plus\"><\/span>\n\t\t<span class=\"qodef-icon--minus\"><\/span>\n\t<\/span>\n    <span class=\"qodef-tab-title\">Restauration<\/span>\n<\/h6>\n<div class=\"qodef-accordion-content\">\n\t<div class=\"qodef-accordion-content-inner\">\n\t\t<div class=\"page\" title=\"Page 1\"><div class=\"section\"><div class=\"layoutArea\"><div class=\"column\"><p>Remise a\u0300 neuf d\u2019articles en cuir<\/p><\/div><\/div><\/div><\/div>\t<\/div>\n<\/div>\n<\/div>\n\t\t<\/div>\n\t\t\t\t<\/div>\n\t\t\t\t<\/div>\n\t\t\t\t<\/div>\n\t\t<div class=\"elementor-element elementor-element-ba33bc7 e-flex e-con-boxed e-con e-parent\" data-id=\"ba33bc7\" data-element_type=\"container\">\n\t\t\t\t\t<div class=\"e-con-inner\">\n\t\t\t\t\t<\/div>\n\t\t\t\t<\/div>\n\t\t\t\t<\/div>\n\t\t","protected":false},"excerpt":{"rendered":"<p>L&rsquo;histoire du Studio 304 Studio 304 est un atelier de maroquinerie artisanal et local, sp\u00e9cialis\u00e9 dans la confection d&#039;articles en cuir en s\u00e9rie limit\u00e9e. Selli\u00e8re de formation, Jeanne Micaletto propose des pi\u00e8ces uniques au design \u00e9l\u00e9gant et audacieux. Chaque \u00e9tape, de la conception \u00e0 la finition, est ex\u00e9cut\u00e9e \u00e0 la main pour l\u2019ensemble des r\u00e9alisations [&hellip;]<\/p>\n","protected":false},"author":1,"featured_media":0,"parent":0,"menu_order":0,"comment_status":"closed","ping_status":"closed","template":"page-full-width.php","meta":{"footnotes":""},"class_list":["post-1507","page","type-page","status-publish","hentry"],"_links":{"self":[{"href":"https:\/\/3r-prev.com\/jea\/wp-json\/wp\/v2\/pages\/1507","targetHints":{"allow":["GET"]}}],"collection":[{"href":"https:\/\/3r-prev.com\/jea\/wp-json\/wp\/v2\/pages"}],"about":[{"href":"https:\/\/3r-prev.com\/jea\/wp-json\/wp\/v2\/types\/page"}],"author":[{"embeddable":true,"href":"https:\/\/3r-prev.com\/jea\/wp-json\/wp\/v2\/users\/1"}],"replies":[{"embeddable":true,"href":"https:\/\/3r-prev.com\/jea\/wp-json\/wp\/v2\/comments?post=1507"}],"version-history":[{"count":53,"href":"https:\/\/3r-prev.com\/jea\/wp-json\/wp\/v2\/pages\/1507\/revisions"}],"predecessor-version":[{"id":4725,"href":"https:\/\/3r-prev.com\/jea\/wp-json\/wp\/v2\/pages\/1507\/revisions\/4725"}],"wp:attachment":[{"href":"https:\/\/3r-prev.com\/jea\/wp-json\/wp\/v2\/media?parent=1507"}],"curies":[{"name":"wp","href":"https:\/\/api.w.org\/{rel}","templated":true}]}}