{"id":9951,"date":"2021-01-13T17:00:13","date_gmt":"2021-01-13T16:00:13","guid":{"rendered":"https:\/\/3r-prev.com\/gba\/?post_type=product&#038;p=9951"},"modified":"2024-09-27T12:42:19","modified_gmt":"2024-09-27T10:42:19","slug":"serigraphie-olrik","status":"publish","type":"product","link":"https:\/\/3r-prev.com\/gba\/produit\/serigraphie-olrik\/","title":{"rendered":"ANDR\u00c9 JUILLARD &#8211; S\u00e9rigraphie &#8211; Olrik"},"content":{"rendered":"<p><em>Olrik<\/em><br \/>\nImpression 8 passages couleur sur papier Arches BFK Rives 280 grammes<br \/>\nFormat 50 x 70\u00a0cm<br \/>\nTirage limit\u00e9 \u00e0 75 exemplaires, num\u00e9rot\u00e9s et sign\u00e9s<\/p>\n","protected":false},"excerpt":{"rendered":"<p>Olrik Impression 8 passages couleur sur papier Arches BFK Rives 280 grammes Format 50 x 70\u00a0cm Tirage limit\u00e9 \u00e0 75 exemplaires, num\u00e9rot\u00e9s et sign\u00e9s<\/p>\n","protected":false},"featured_media":41200,"template":"","meta":{"_acf_changed":false},"product_cat":[20],"product_tag":[],"exhibition":[83],"artist":[84],"class_list":{"0":"post-9951","1":"product","2":"type-product","3":"status-publish","4":"has-post-thumbnail","6":"product_cat-tirages-dart","7":"exhibition-le-baton-de-plutarque","8":"artist-andre-juillard","10":"first","11":"outofstock","12":"shipping-taxable","13":"purchasable","14":"product-type-simple"},"acf":[],"_links":{"self":[{"href":"https:\/\/3r-prev.com\/gba\/wp-json\/wp\/v2\/product\/9951","targetHints":{"allow":["GET"]}}],"collection":[{"href":"https:\/\/3r-prev.com\/gba\/wp-json\/wp\/v2\/product"}],"about":[{"href":"https:\/\/3r-prev.com\/gba\/wp-json\/wp\/v2\/types\/product"}],"wp:featuredmedia":[{"embeddable":true,"href":"https:\/\/3r-prev.com\/gba\/wp-json\/wp\/v2\/media\/41200"}],"wp:attachment":[{"href":"https:\/\/3r-prev.com\/gba\/wp-json\/wp\/v2\/media?parent=9951"}],"wp:term":[{"taxonomy":"product_cat","embeddable":true,"href":"https:\/\/3r-prev.com\/gba\/wp-json\/wp\/v2\/product_cat?post=9951"},{"taxonomy":"product_tag","embeddable":true,"href":"https:\/\/3r-prev.com\/gba\/wp-json\/wp\/v2\/product_tag?post=9951"},{"taxonomy":"exhibition","embeddable":true,"href":"https:\/\/3r-prev.com\/gba\/wp-json\/wp\/v2\/exhibition?post=9951"},{"taxonomy":"artist","embeddable":true,"href":"https:\/\/3r-prev.com\/gba\/wp-json\/wp\/v2\/artist?post=9951"}],"curies":[{"name":"wp","href":"https:\/\/api.w.org\/{rel}","templated":true}]}}