{"id":9947,"date":"2021-01-13T16:58:30","date_gmt":"2021-01-13T15:58:30","guid":{"rendered":"https:\/\/3r-prev.com\/gba\/?post_type=product&#038;p=9947"},"modified":"2024-09-27T12:42:19","modified_gmt":"2024-09-27T10:42:19","slug":"a-la-recherche-du-baton-de-plutarque","status":"publish","type":"product","link":"https:\/\/3r-prev.com\/gba\/produit\/a-la-recherche-du-baton-de-plutarque\/","title":{"rendered":"ANDR\u00c9 JUILLARD &#8211; \u00c0 la recherche du B\u00e2ton de Plutarque"},"content":{"rendered":"<p>Publi\u00e9 \u00e0 l\u2019occasion de l\u2019exposition <em>Le B\u00e2ton de Plutarque<\/em> en d\u00e9cembre 2014<br \/>\nUne s\u00e9lection de crayonn\u00e9s pr\u00e9paratoires.<br \/>\n21x24cm, reliure souple<br \/>\n80 pages<br \/>\n500 exemplaires num\u00e9rot\u00e9s et sign\u00e9s<\/p>\n","protected":false},"excerpt":{"rendered":"<p>Publi\u00e9 \u00e0 l\u2019occasion de l\u2019exposition Le B\u00e2ton de Plutarque en d\u00e9cembre 2014 Une s\u00e9lection de crayonn\u00e9s pr\u00e9paratoires. 21x24cm, reliure souple 80 pages 500 exemplaires num\u00e9rot\u00e9s et sign\u00e9s<\/p>\n","protected":false},"featured_media":41199,"template":"","meta":{"_acf_changed":false},"product_cat":[19],"product_tag":[],"exhibition":[83],"artist":[84],"class_list":{"0":"post-9947","1":"product","2":"type-product","3":"status-publish","4":"has-post-thumbnail","6":"product_cat-livres","7":"exhibition-le-baton-de-plutarque","8":"artist-andre-juillard","10":"first","11":"outofstock","12":"shipping-taxable","13":"purchasable","14":"product-type-simple"},"acf":[],"_links":{"self":[{"href":"https:\/\/3r-prev.com\/gba\/wp-json\/wp\/v2\/product\/9947","targetHints":{"allow":["GET"]}}],"collection":[{"href":"https:\/\/3r-prev.com\/gba\/wp-json\/wp\/v2\/product"}],"about":[{"href":"https:\/\/3r-prev.com\/gba\/wp-json\/wp\/v2\/types\/product"}],"wp:featuredmedia":[{"embeddable":true,"href":"https:\/\/3r-prev.com\/gba\/wp-json\/wp\/v2\/media\/41199"}],"wp:attachment":[{"href":"https:\/\/3r-prev.com\/gba\/wp-json\/wp\/v2\/media?parent=9947"}],"wp:term":[{"taxonomy":"product_cat","embeddable":true,"href":"https:\/\/3r-prev.com\/gba\/wp-json\/wp\/v2\/product_cat?post=9947"},{"taxonomy":"product_tag","embeddable":true,"href":"https:\/\/3r-prev.com\/gba\/wp-json\/wp\/v2\/product_tag?post=9947"},{"taxonomy":"exhibition","embeddable":true,"href":"https:\/\/3r-prev.com\/gba\/wp-json\/wp\/v2\/exhibition?post=9947"},{"taxonomy":"artist","embeddable":true,"href":"https:\/\/3r-prev.com\/gba\/wp-json\/wp\/v2\/artist?post=9947"}],"curies":[{"name":"wp","href":"https:\/\/api.w.org\/{rel}","templated":true}]}}