{"id":9896,"date":"2021-01-13T16:14:38","date_gmt":"2021-01-13T15:14:38","guid":{"rendered":"https:\/\/3r-prev.com\/gba\/?post_type=product&#038;p=9896"},"modified":"2024-09-27T12:42:18","modified_gmt":"2024-09-27T10:42:18","slug":"la-fuite-du-cerveau","status":"publish","type":"product","link":"https:\/\/3r-prev.com\/gba\/produit\/la-fuite-du-cerveau\/","title":{"rendered":"PIERRE-HENRY GOMONT &#8211; Tirage de luxe &#8211; La fuite du cerveau"},"content":{"rendered":"<p>Edit\u00e9 par \u00c9ditions Barbier<\/p>\n<p>&nbsp;<\/p>\n<p>Tirage de luxe noir et blanc \u00a0limit\u00e9 \u00e0 270 exemplaires num\u00e9rot\u00e9s avec une couverture in\u00e9dite, accompagn\u00e9s d\u2019un ex libris in\u00e9dit num\u00e9rot\u00e9 et sign\u00e9 par l\u2019artiste. Ouvrage initialement paru aux \u00e9ditions Dargaud.<br \/>\nCette \u00e9dition en noir et blanc est augment\u00e9e de 60 pages de dessins pr\u00e9paratoires, croquis et storyboards.<\/p>\n<p>&nbsp;<\/p>\n<p>En vente exclusivement \u00e0 la galerie Barbier.<\/p>\n<p>&nbsp;<\/p>\n<p>Parution 10 novembre 2020<br \/>\nISBN\u2009: 978-2-919243-37-2<\/p>\n<p>&nbsp;<\/p>\n<p>244 pages<br \/>\n23,5 x 31,5\u00a0cm<br \/>\nCouverture rigide<\/p>\n","protected":false},"excerpt":{"rendered":"<p>Edit\u00e9 par \u00c9ditions Barbier &nbsp; Tirage de luxe noir et blanc \u00a0limit\u00e9 \u00e0 270 exemplaires num\u00e9rot\u00e9s avec une couverture in\u00e9dite, accompagn\u00e9s d\u2019un ex libris in\u00e9dit num\u00e9rot\u00e9 et sign\u00e9 par l\u2019artiste.<\/p>\n","protected":false},"featured_media":41192,"template":"","meta":{"_acf_changed":false},"product_cat":[19],"product_tag":[],"exhibition":[77],"artist":[78],"class_list":{"0":"post-9896","1":"product","2":"type-product","3":"status-publish","4":"has-post-thumbnail","6":"product_cat-livres","7":"exhibition-la-fuite-du-cerveau","8":"artist-pierre-henry-gomont","10":"first","11":"outofstock","12":"shipping-taxable","13":"purchasable","14":"product-type-simple"},"acf":[],"_links":{"self":[{"href":"https:\/\/3r-prev.com\/gba\/wp-json\/wp\/v2\/product\/9896","targetHints":{"allow":["GET"]}}],"collection":[{"href":"https:\/\/3r-prev.com\/gba\/wp-json\/wp\/v2\/product"}],"about":[{"href":"https:\/\/3r-prev.com\/gba\/wp-json\/wp\/v2\/types\/product"}],"wp:featuredmedia":[{"embeddable":true,"href":"https:\/\/3r-prev.com\/gba\/wp-json\/wp\/v2\/media\/41192"}],"wp:attachment":[{"href":"https:\/\/3r-prev.com\/gba\/wp-json\/wp\/v2\/media?parent=9896"}],"wp:term":[{"taxonomy":"product_cat","embeddable":true,"href":"https:\/\/3r-prev.com\/gba\/wp-json\/wp\/v2\/product_cat?post=9896"},{"taxonomy":"product_tag","embeddable":true,"href":"https:\/\/3r-prev.com\/gba\/wp-json\/wp\/v2\/product_tag?post=9896"},{"taxonomy":"exhibition","embeddable":true,"href":"https:\/\/3r-prev.com\/gba\/wp-json\/wp\/v2\/exhibition?post=9896"},{"taxonomy":"artist","embeddable":true,"href":"https:\/\/3r-prev.com\/gba\/wp-json\/wp\/v2\/artist?post=9896"}],"curies":[{"name":"wp","href":"https:\/\/api.w.org\/{rel}","templated":true}]}}