{"id":9789,"date":"2021-01-13T14:14:21","date_gmt":"2021-01-13T13:14:21","guid":{"rendered":"https:\/\/3r-prev.com\/gba\/?post_type=product&#038;p=9789"},"modified":"2024-09-27T12:42:14","modified_gmt":"2024-09-27T10:42:14","slug":"serigraphie-1","status":"publish","type":"product","link":"https:\/\/3r-prev.com\/gba\/produit\/serigraphie-1\/","title":{"rendered":"NICOLAS DE CR\u00c9CY &#8211; S\u00e9rigraphie 1"},"content":{"rendered":"<p>Cette magnifique s\u00e9rigraphie b\u00e9n\u00e9ficie de 6 passages couleur.<br \/>\n50 x 70 cm (livr\u00e9e sans encadrement)<br \/>\nNum\u00e9rot\u00e9e \u00e0 75 exemplaires et sign\u00e9e par l&rsquo;artiste,<br \/>\nsur papier Arches 88<\/p>\n","protected":false},"excerpt":{"rendered":"<p>Cette magnifique s\u00e9rigraphie b\u00e9n\u00e9ficie de 6 passages couleur. 50 x 70 cm (livr\u00e9e sans encadrement) Num\u00e9rot\u00e9e \u00e0 75 exemplaires et sign\u00e9e par l&rsquo;artiste, sur papier Arches 88<\/p>\n","protected":false},"featured_media":41185,"template":"","meta":{"_acf_changed":false},"product_cat":[20],"product_tag":[],"exhibition":[],"artist":[64],"class_list":{"0":"post-9789","1":"product","2":"type-product","3":"status-publish","4":"has-post-thumbnail","6":"product_cat-tirages-dart","7":"artist-nicolas-de-crecy","9":"first","10":"instock","11":"shipping-taxable","12":"purchasable","13":"product-type-simple"},"acf":[],"_links":{"self":[{"href":"https:\/\/3r-prev.com\/gba\/wp-json\/wp\/v2\/product\/9789","targetHints":{"allow":["GET"]}}],"collection":[{"href":"https:\/\/3r-prev.com\/gba\/wp-json\/wp\/v2\/product"}],"about":[{"href":"https:\/\/3r-prev.com\/gba\/wp-json\/wp\/v2\/types\/product"}],"wp:featuredmedia":[{"embeddable":true,"href":"https:\/\/3r-prev.com\/gba\/wp-json\/wp\/v2\/media\/41185"}],"wp:attachment":[{"href":"https:\/\/3r-prev.com\/gba\/wp-json\/wp\/v2\/media?parent=9789"}],"wp:term":[{"taxonomy":"product_cat","embeddable":true,"href":"https:\/\/3r-prev.com\/gba\/wp-json\/wp\/v2\/product_cat?post=9789"},{"taxonomy":"product_tag","embeddable":true,"href":"https:\/\/3r-prev.com\/gba\/wp-json\/wp\/v2\/product_tag?post=9789"},{"taxonomy":"exhibition","embeddable":true,"href":"https:\/\/3r-prev.com\/gba\/wp-json\/wp\/v2\/exhibition?post=9789"},{"taxonomy":"artist","embeddable":true,"href":"https:\/\/3r-prev.com\/gba\/wp-json\/wp\/v2\/artist?post=9789"}],"curies":[{"name":"wp","href":"https:\/\/api.w.org\/{rel}","templated":true}]}}