{"id":9783,"date":"2021-01-13T14:05:18","date_gmt":"2021-01-13T13:05:18","guid":{"rendered":"https:\/\/3r-prev.com\/gba\/?post_type=product&#038;p=9783"},"modified":"2024-09-27T12:42:13","modified_gmt":"2024-09-27T10:42:13","slug":"serigraphie-6","status":"publish","type":"product","link":"https:\/\/3r-prev.com\/gba\/produit\/serigraphie-6\/","title":{"rendered":"NICOLAS DE CR\u00c9CY &#8211; S\u00e9rigraphie 6"},"content":{"rendered":"<p>Superbe s\u00e9rigraphie b\u00e9n\u00e9ficiant de deux passages couleur.<br \/>\nFormat 75 x 55\u00a0cm (livr\u00e9e sans encadrement),<br \/>\nNum\u00e9rot\u00e9e \u00e0 90 exemplaires, sign\u00e9e par l\u2019artiste,<br \/>\nSur papier BFK Rives 250g,<br \/>\nR\u00e9alis\u00e9e par l\u2019atelier J\u00e9r\u00f4me Arcay (Paris)<\/p>\n","protected":false},"excerpt":{"rendered":"<p>Superbe s\u00e9rigraphie b\u00e9n\u00e9ficiant de deux passages couleur. Format 75 x 55\u00a0cm (livr\u00e9e sans encadrement), Num\u00e9rot\u00e9e \u00e0 90 exemplaires, sign\u00e9e par l\u2019artiste, Sur papier BFK Rives 250g, R\u00e9alis\u00e9e par l\u2019atelier J\u00e9r\u00f4me<\/p>\n","protected":false},"featured_media":41182,"template":"","meta":{"_acf_changed":false},"product_cat":[20],"product_tag":[],"exhibition":[],"artist":[64],"class_list":{"0":"post-9783","1":"product","2":"type-product","3":"status-publish","4":"has-post-thumbnail","6":"product_cat-tirages-dart","7":"artist-nicolas-de-crecy","9":"first","10":"outofstock","11":"shipping-taxable","12":"purchasable","13":"product-type-simple"},"acf":[],"_links":{"self":[{"href":"https:\/\/3r-prev.com\/gba\/wp-json\/wp\/v2\/product\/9783","targetHints":{"allow":["GET"]}}],"collection":[{"href":"https:\/\/3r-prev.com\/gba\/wp-json\/wp\/v2\/product"}],"about":[{"href":"https:\/\/3r-prev.com\/gba\/wp-json\/wp\/v2\/types\/product"}],"wp:featuredmedia":[{"embeddable":true,"href":"https:\/\/3r-prev.com\/gba\/wp-json\/wp\/v2\/media\/41182"}],"wp:attachment":[{"href":"https:\/\/3r-prev.com\/gba\/wp-json\/wp\/v2\/media?parent=9783"}],"wp:term":[{"taxonomy":"product_cat","embeddable":true,"href":"https:\/\/3r-prev.com\/gba\/wp-json\/wp\/v2\/product_cat?post=9783"},{"taxonomy":"product_tag","embeddable":true,"href":"https:\/\/3r-prev.com\/gba\/wp-json\/wp\/v2\/product_tag?post=9783"},{"taxonomy":"exhibition","embeddable":true,"href":"https:\/\/3r-prev.com\/gba\/wp-json\/wp\/v2\/exhibition?post=9783"},{"taxonomy":"artist","embeddable":true,"href":"https:\/\/3r-prev.com\/gba\/wp-json\/wp\/v2\/artist?post=9783"}],"curies":[{"name":"wp","href":"https:\/\/api.w.org\/{rel}","templated":true}]}}