{"id":9772,"date":"2021-01-13T13:44:38","date_gmt":"2021-01-13T12:44:38","guid":{"rendered":"https:\/\/3r-prev.com\/gba\/?post_type=product&#038;p=9772"},"modified":"2024-09-27T12:42:11","modified_gmt":"2024-09-27T10:42:11","slug":"estampe-louxor-65-x-50-cm","status":"publish","type":"product","link":"https:\/\/3r-prev.com\/gba\/produit\/estampe-louxor-65-x-50-cm\/","title":{"rendered":"NICOLAS DE CR\u00c9CY &#8211; Estampe 65 x 50 cm &#8211; Louxor New York"},"content":{"rendered":"<p><em>Louxor New York<\/em><br \/>\nEstampe num\u00e9rique, impression pigmentaire, sur papier Arches Museum 315\u00a0g<\/p>\n<p>Format 65 x 50\u00a0cm<br \/>\nLimit\u00e9 \u00e0 22 exemplaires, num\u00e9rot\u00e9s et sign\u00e9s<\/p>\n","protected":false},"excerpt":{"rendered":"<p>Louxor New York Estampe num\u00e9rique, impression pigmentaire, sur papier Arches Museum 315\u00a0g Format 65 x 50\u00a0cm Limit\u00e9 \u00e0 22 exemplaires, num\u00e9rot\u00e9s et sign\u00e9s<\/p>\n","protected":false},"featured_media":41177,"template":"","meta":{"_acf_changed":false},"product_cat":[20],"product_tag":[],"exhibition":[],"artist":[64],"class_list":{"0":"post-9772","1":"product","2":"type-product","3":"status-publish","4":"has-post-thumbnail","6":"product_cat-tirages-dart","7":"artist-nicolas-de-crecy","9":"first","10":"outofstock","11":"shipping-taxable","12":"purchasable","13":"product-type-simple"},"acf":[],"_links":{"self":[{"href":"https:\/\/3r-prev.com\/gba\/wp-json\/wp\/v2\/product\/9772","targetHints":{"allow":["GET"]}}],"collection":[{"href":"https:\/\/3r-prev.com\/gba\/wp-json\/wp\/v2\/product"}],"about":[{"href":"https:\/\/3r-prev.com\/gba\/wp-json\/wp\/v2\/types\/product"}],"wp:featuredmedia":[{"embeddable":true,"href":"https:\/\/3r-prev.com\/gba\/wp-json\/wp\/v2\/media\/41177"}],"wp:attachment":[{"href":"https:\/\/3r-prev.com\/gba\/wp-json\/wp\/v2\/media?parent=9772"}],"wp:term":[{"taxonomy":"product_cat","embeddable":true,"href":"https:\/\/3r-prev.com\/gba\/wp-json\/wp\/v2\/product_cat?post=9772"},{"taxonomy":"product_tag","embeddable":true,"href":"https:\/\/3r-prev.com\/gba\/wp-json\/wp\/v2\/product_tag?post=9772"},{"taxonomy":"exhibition","embeddable":true,"href":"https:\/\/3r-prev.com\/gba\/wp-json\/wp\/v2\/exhibition?post=9772"},{"taxonomy":"artist","embeddable":true,"href":"https:\/\/3r-prev.com\/gba\/wp-json\/wp\/v2\/artist?post=9772"}],"curies":[{"name":"wp","href":"https:\/\/api.w.org\/{rel}","templated":true}]}}