{"id":9748,"date":"2021-01-13T13:34:14","date_gmt":"2021-01-13T12:34:14","guid":{"rendered":"https:\/\/3r-prev.com\/gba\/?post_type=product&#038;p=9748"},"modified":"2024-09-27T12:42:08","modified_gmt":"2024-09-27T10:42:08","slug":"les-amours-dun-fantome-en-temps-de-guerre","status":"publish","type":"product","link":"https:\/\/3r-prev.com\/gba\/produit\/les-amours-dun-fantome-en-temps-de-guerre\/","title":{"rendered":"NICOLAS DE CR\u00c9CY &#8211; Tirage de luxe &#8211; Les amours d&rsquo;un fant\u00f4me en temps de guerre"},"content":{"rendered":"<p>Edit\u00e9 par Barbier &amp; Mathon<\/p>\n<p>&nbsp;<\/p>\n<p>Tirage limit\u00e9 en grand format avec une couverture in\u00e9dite et pages additionnelles, num\u00e9rot\u00e9 \u00e0 270 exemplaires, accompagn\u00e9s chacun d\u2019une digigraphie num\u00e9rot\u00e9e et sign\u00e9e par l\u2019artiste. Ouvrage initialement paru aux \u00e9ditions Albin Michel.<\/p>\n<p>&nbsp;<\/p>\n<p>ISBN\u2009: 978-2-919243-25-9<br \/>\n20 x 27\u00a0cm<br \/>\n232 pages<\/p>\n<p>&nbsp;<\/p>\n<p>Parution 8 novembre 2018<br \/>\nEn vente uniquement \u00e0 la galerie Barbier<\/p>\n","protected":false},"excerpt":{"rendered":"<p>Edit\u00e9 par Barbier &amp; Mathon &nbsp; Tirage limit\u00e9 en grand format avec une couverture in\u00e9dite et pages additionnelles, num\u00e9rot\u00e9 \u00e0 270 exemplaires, accompagn\u00e9s chacun d\u2019une digigraphie num\u00e9rot\u00e9e et sign\u00e9e par<\/p>\n","protected":false},"featured_media":41173,"template":"","meta":{"_acf_changed":false},"product_cat":[19],"product_tag":[],"exhibition":[66],"artist":[64],"class_list":{"0":"post-9748","1":"product","2":"type-product","3":"status-publish","4":"has-post-thumbnail","6":"product_cat-livres","7":"exhibition-les-amours-dun-fantome-en-temps-de-guerre","8":"artist-nicolas-de-crecy","10":"first","11":"instock","12":"shipping-taxable","13":"purchasable","14":"product-type-simple"},"acf":[],"_links":{"self":[{"href":"https:\/\/3r-prev.com\/gba\/wp-json\/wp\/v2\/product\/9748","targetHints":{"allow":["GET"]}}],"collection":[{"href":"https:\/\/3r-prev.com\/gba\/wp-json\/wp\/v2\/product"}],"about":[{"href":"https:\/\/3r-prev.com\/gba\/wp-json\/wp\/v2\/types\/product"}],"wp:featuredmedia":[{"embeddable":true,"href":"https:\/\/3r-prev.com\/gba\/wp-json\/wp\/v2\/media\/41173"}],"wp:attachment":[{"href":"https:\/\/3r-prev.com\/gba\/wp-json\/wp\/v2\/media?parent=9748"}],"wp:term":[{"taxonomy":"product_cat","embeddable":true,"href":"https:\/\/3r-prev.com\/gba\/wp-json\/wp\/v2\/product_cat?post=9748"},{"taxonomy":"product_tag","embeddable":true,"href":"https:\/\/3r-prev.com\/gba\/wp-json\/wp\/v2\/product_tag?post=9748"},{"taxonomy":"exhibition","embeddable":true,"href":"https:\/\/3r-prev.com\/gba\/wp-json\/wp\/v2\/exhibition?post=9748"},{"taxonomy":"artist","embeddable":true,"href":"https:\/\/3r-prev.com\/gba\/wp-json\/wp\/v2\/artist?post=9748"}],"curies":[{"name":"wp","href":"https:\/\/api.w.org\/{rel}","templated":true}]}}