{"id":9674,"date":"2021-01-12T14:49:46","date_gmt":"2021-01-12T13:49:46","guid":{"rendered":"https:\/\/3r-prev.com\/gba\/?post_type=product&#038;p=9674"},"modified":"2024-09-27T12:42:08","modified_gmt":"2024-09-27T10:42:08","slug":"terry-et-les-pirates-vol-4","status":"publish","type":"product","link":"https:\/\/3r-prev.com\/gba\/produit\/terry-et-les-pirates-vol-4\/","title":{"rendered":"MILTON CANIFF &#8211; Terry et les Pirates vol.4"},"content":{"rendered":"<p><strong>Terry et les pirates, l\u2019aventure continue\u00a0!<\/strong><\/p>\n<p>&nbsp;<\/p>\n<p>Les \u00e9ditions Bdartist(e) poursuivent la publication de l\u2019int\u00e9gralit\u00e9 des strips du chef d\u2019oeuvre de Milton Caniff,<em>\u00a0Terry et les Pirates<\/em>. Ce quatri\u00e8me tome, tr\u00e8s attendu, rassemble les strips publi\u00e9s entre 1941 et 1942. Il est, comme les pr\u00e9c\u00e9dents, augment\u00e9 d\u2019hommages in\u00e9dits de grands noms de la bande dessin\u00e9e contemporaine.<\/p>\n<p>&nbsp;<\/p>\n<p>C\u2019est le retour de Terry et Pat Ryan, pris entre plusieurs feux dans une Chine en pleine guerre civile, ils vont tenter de s\u2019extraire des griffes de Dragon Lady, d\u00e9jouer les pi\u00e8ges tendus par les espions et bandits de tous bords et sauver leur peau de l\u2019envahisseur nippon.<\/p>\n<p>&nbsp;<\/p>\n<p>Une aventure plein de rebondissements dessin\u00e9e et sc\u00e9naris\u00e9e par Milton Caniff, dont la technique du clair-obscur et la ma\u00eetrise de la narration ont influenc\u00e9 certains des plus grands noms de la bande dessin\u00e9e europ\u00e9enne tels que Morris, Victor Hubinon, Fran\u00e7ois Schuiten ou encore Hugo Pratt.<\/p>\n<p>&nbsp;<\/p>\n<p>L\u2019ouvrage est d\u2019ores et d\u00e9j\u00e0 disponible chez votre libraire et, bien s\u00fbr, \u00e0 la galerie Barbier.<\/p>\n<p>&nbsp;<\/p>\n<p>Terry et les Pirates vol. 4, de Milton Caniff<br \/>\n22.5 x 29\u00a0cm<br \/>\n350 pages en quadrichromie.<\/p>\n","protected":false},"excerpt":{"rendered":"<p>Terry et les pirates, l\u2019aventure continue\u00a0! &nbsp; Les \u00e9ditions Bdartist(e) poursuivent la publication de l\u2019int\u00e9gralit\u00e9 des strips du chef d\u2019oeuvre de Milton Caniff,\u00a0Terry et les Pirates. Ce quatri\u00e8me tome, tr\u00e8s<\/p>\n","protected":false},"featured_media":41171,"template":"","meta":{"_acf_changed":false},"product_cat":[19],"product_tag":[],"exhibition":[55],"artist":[56],"class_list":{"0":"post-9674","1":"product","2":"type-product","3":"status-publish","4":"has-post-thumbnail","6":"product_cat-livres","7":"exhibition-terry-les-pirates","8":"artist-milton-caniff","10":"first","11":"instock","12":"shipping-taxable","13":"purchasable","14":"product-type-simple"},"acf":[],"_links":{"self":[{"href":"https:\/\/3r-prev.com\/gba\/wp-json\/wp\/v2\/product\/9674","targetHints":{"allow":["GET"]}}],"collection":[{"href":"https:\/\/3r-prev.com\/gba\/wp-json\/wp\/v2\/product"}],"about":[{"href":"https:\/\/3r-prev.com\/gba\/wp-json\/wp\/v2\/types\/product"}],"wp:featuredmedia":[{"embeddable":true,"href":"https:\/\/3r-prev.com\/gba\/wp-json\/wp\/v2\/media\/41171"}],"wp:attachment":[{"href":"https:\/\/3r-prev.com\/gba\/wp-json\/wp\/v2\/media?parent=9674"}],"wp:term":[{"taxonomy":"product_cat","embeddable":true,"href":"https:\/\/3r-prev.com\/gba\/wp-json\/wp\/v2\/product_cat?post=9674"},{"taxonomy":"product_tag","embeddable":true,"href":"https:\/\/3r-prev.com\/gba\/wp-json\/wp\/v2\/product_tag?post=9674"},{"taxonomy":"exhibition","embeddable":true,"href":"https:\/\/3r-prev.com\/gba\/wp-json\/wp\/v2\/exhibition?post=9674"},{"taxonomy":"artist","embeddable":true,"href":"https:\/\/3r-prev.com\/gba\/wp-json\/wp\/v2\/artist?post=9674"}],"curies":[{"name":"wp","href":"https:\/\/api.w.org\/{rel}","templated":true}]}}