{"id":9611,"date":"2021-01-12T13:54:42","date_gmt":"2021-01-12T12:54:42","guid":{"rendered":"https:\/\/3r-prev.com\/gba\/?post_type=product&#038;p=9611"},"modified":"2024-09-27T12:42:06","modified_gmt":"2024-09-27T10:42:06","slug":"graphite-in-progress-volume-1","status":"publish","type":"product","link":"https:\/\/3r-prev.com\/gba\/produit\/graphite-in-progress-volume-1\/","title":{"rendered":"ENKI BILAL &#8211; Graphite in progress volume 1"},"content":{"rendered":"<p>Edit\u00e9 par Barbier &amp; Mathon<\/p>\n<p>&nbsp;<\/p>\n<p>\u201cCe petit livre est un modeste hommage \u00e0 la mine de plomb. Il est constitu\u00e9 de 117 esquisses, crayonn\u00e9s, croquis, \u00e9bauches, gribouillis\u2026\u201d<\/p>\n<p>Enki Bilal<\/p>\n<p>&nbsp;<\/p>\n<p>16 x 20,5\u00a0cm<br \/>\nCouverture souple avec jaquette calque<br \/>\n248 pages en noir et blanc, sur papier Munken pure 140\u00a0g<\/p>\n<p>&nbsp;<\/p>\n<p>Parution septembre 2016<br \/>\nISBN\u2009: 978-2-919243-13-6<br \/>\nDiffusion Makassar<\/p>\n","protected":false},"excerpt":{"rendered":"<p>Edit\u00e9 par Barbier &amp; Mathon &nbsp; \u201cCe petit livre est un modeste hommage \u00e0 la mine de plomb. Il est constitu\u00e9 de 117 esquisses, crayonn\u00e9s, croquis, \u00e9bauches, gribouillis\u2026\u201d Enki Bilal<\/p>\n","protected":false},"featured_media":41168,"template":"","meta":{"_acf_changed":false},"product_cat":[19],"product_tag":[],"exhibition":[51],"artist":[50],"class_list":{"0":"post-9611","1":"product","2":"type-product","3":"status-publish","4":"has-post-thumbnail","6":"product_cat-livres","7":"exhibition-graphite-in-progress","8":"artist-enki-bilal","10":"first","11":"outofstock","12":"shipping-taxable","13":"purchasable","14":"product-type-simple"},"acf":[],"_links":{"self":[{"href":"https:\/\/3r-prev.com\/gba\/wp-json\/wp\/v2\/product\/9611","targetHints":{"allow":["GET"]}}],"collection":[{"href":"https:\/\/3r-prev.com\/gba\/wp-json\/wp\/v2\/product"}],"about":[{"href":"https:\/\/3r-prev.com\/gba\/wp-json\/wp\/v2\/types\/product"}],"wp:featuredmedia":[{"embeddable":true,"href":"https:\/\/3r-prev.com\/gba\/wp-json\/wp\/v2\/media\/41168"}],"wp:attachment":[{"href":"https:\/\/3r-prev.com\/gba\/wp-json\/wp\/v2\/media?parent=9611"}],"wp:term":[{"taxonomy":"product_cat","embeddable":true,"href":"https:\/\/3r-prev.com\/gba\/wp-json\/wp\/v2\/product_cat?post=9611"},{"taxonomy":"product_tag","embeddable":true,"href":"https:\/\/3r-prev.com\/gba\/wp-json\/wp\/v2\/product_tag?post=9611"},{"taxonomy":"exhibition","embeddable":true,"href":"https:\/\/3r-prev.com\/gba\/wp-json\/wp\/v2\/exhibition?post=9611"},{"taxonomy":"artist","embeddable":true,"href":"https:\/\/3r-prev.com\/gba\/wp-json\/wp\/v2\/artist?post=9611"}],"curies":[{"name":"wp","href":"https:\/\/api.w.org\/{rel}","templated":true}]}}