{"id":9609,"date":"2021-01-12T13:52:01","date_gmt":"2021-01-12T12:52:01","guid":{"rendered":"https:\/\/3r-prev.com\/gba\/?post_type=product&#038;p=9609"},"modified":"2024-09-27T12:42:06","modified_gmt":"2024-09-27T10:42:06","slug":"affiche-graphite-in-progress","status":"publish","type":"product","link":"https:\/\/3r-prev.com\/gba\/produit\/affiche-graphite-in-progress\/","title":{"rendered":"ENKI BILAL &#8211; Affiche exposition &#8211; Graphite in progress"},"content":{"rendered":"<p>Affiche d&rsquo;exposition<\/p>\n<p>50 x 70\u00a0cm<br \/>\n\u00c9dition limit\u00e9e \u00e0 300 exemplaires<br \/>\nDisponible uniquement \u00e0 la galerie (pas d\u2019exp\u00e9dition)<\/p>\n","protected":false},"excerpt":{"rendered":"<p>Affiche d&rsquo;exposition 50 x 70\u00a0cm \u00c9dition limit\u00e9e \u00e0 300 exemplaires Disponible uniquement \u00e0 la galerie (pas d\u2019exp\u00e9dition)<\/p>\n","protected":false},"featured_media":41167,"template":"","meta":{"_acf_changed":false},"product_cat":[20],"product_tag":[],"exhibition":[51],"artist":[50],"class_list":{"0":"post-9609","1":"product","2":"type-product","3":"status-publish","4":"has-post-thumbnail","6":"product_cat-tirages-dart","7":"exhibition-graphite-in-progress","8":"artist-enki-bilal","10":"first","11":"outofstock","12":"shipping-taxable","13":"purchasable","14":"product-type-simple"},"acf":[],"_links":{"self":[{"href":"https:\/\/3r-prev.com\/gba\/wp-json\/wp\/v2\/product\/9609","targetHints":{"allow":["GET"]}}],"collection":[{"href":"https:\/\/3r-prev.com\/gba\/wp-json\/wp\/v2\/product"}],"about":[{"href":"https:\/\/3r-prev.com\/gba\/wp-json\/wp\/v2\/types\/product"}],"wp:featuredmedia":[{"embeddable":true,"href":"https:\/\/3r-prev.com\/gba\/wp-json\/wp\/v2\/media\/41167"}],"wp:attachment":[{"href":"https:\/\/3r-prev.com\/gba\/wp-json\/wp\/v2\/media?parent=9609"}],"wp:term":[{"taxonomy":"product_cat","embeddable":true,"href":"https:\/\/3r-prev.com\/gba\/wp-json\/wp\/v2\/product_cat?post=9609"},{"taxonomy":"product_tag","embeddable":true,"href":"https:\/\/3r-prev.com\/gba\/wp-json\/wp\/v2\/product_tag?post=9609"},{"taxonomy":"exhibition","embeddable":true,"href":"https:\/\/3r-prev.com\/gba\/wp-json\/wp\/v2\/exhibition?post=9609"},{"taxonomy":"artist","embeddable":true,"href":"https:\/\/3r-prev.com\/gba\/wp-json\/wp\/v2\/artist?post=9609"}],"curies":[{"name":"wp","href":"https:\/\/api.w.org\/{rel}","templated":true}]}}