{"id":41683,"date":"2024-06-05T14:04:52","date_gmt":"2024-06-05T12:04:52","guid":{"rendered":"https:\/\/3r-prev.com\/gba\/?post_type=product&#038;p=41683"},"modified":"2024-09-27T12:44:12","modified_gmt":"2024-09-27T10:44:12","slug":"revue-portfolio-n2-estampe-de-nicolas-de-crecy","status":"publish","type":"product","link":"https:\/\/3r-prev.com\/gba\/produit\/revue-portfolio-n2-estampe-de-nicolas-de-crecy\/","title":{"rendered":"REVUE PORTFOLIO N\u00b02 &#8211; ESTAMPE DE NICOLAS DE CR\u00c9CY"},"content":{"rendered":"<p>Estampe pigmentaire reprenant le dessin r\u00e9alis\u00e9 par Nicolas de Cr\u00e9cy pour la couverture du deuxi\u00e8me num\u00e9ro de la revue Portfolio, 2024.<br \/>\nTirage limit\u00e9 \u00e0 50 exemplaires num\u00e9rot\u00e9s et sign\u00e9s par Nicolas de Cr\u00e9cy.<br \/>\n20 x 30 cm<\/p>\n<p>Estampe accompagn\u00e9e de la revue Portfolio n\u00b02 en version librairie<\/p>\n","protected":false},"excerpt":{"rendered":"<p>Estampe pigmentaire reprenant le dessin r\u00e9alis\u00e9 par Nicolas de Cr\u00e9cy pour la couverture du deuxi\u00e8me num\u00e9ro de la revue Portfolio, 2024. Tirage limit\u00e9 \u00e0 50 exemplaires num\u00e9rot\u00e9s et sign\u00e9s par<\/p>\n","protected":false},"featured_media":41684,"template":"","meta":{"_acf_changed":false},"product_cat":[20],"product_tag":[],"exhibition":[],"artist":[64,192,265],"class_list":{"0":"post-41683","1":"product","2":"type-product","3":"status-publish","4":"has-post-thumbnail","6":"product_cat-tirages-dart","7":"artist-nicolas-de-crecy","8":"artist-nouveautes","9":"artist-portfolio","11":"first","12":"instock","13":"shipping-taxable","14":"purchasable","15":"product-type-simple"},"acf":[],"_links":{"self":[{"href":"https:\/\/3r-prev.com\/gba\/wp-json\/wp\/v2\/product\/41683","targetHints":{"allow":["GET"]}}],"collection":[{"href":"https:\/\/3r-prev.com\/gba\/wp-json\/wp\/v2\/product"}],"about":[{"href":"https:\/\/3r-prev.com\/gba\/wp-json\/wp\/v2\/types\/product"}],"wp:featuredmedia":[{"embeddable":true,"href":"https:\/\/3r-prev.com\/gba\/wp-json\/wp\/v2\/media\/41684"}],"wp:attachment":[{"href":"https:\/\/3r-prev.com\/gba\/wp-json\/wp\/v2\/media?parent=41683"}],"wp:term":[{"taxonomy":"product_cat","embeddable":true,"href":"https:\/\/3r-prev.com\/gba\/wp-json\/wp\/v2\/product_cat?post=41683"},{"taxonomy":"product_tag","embeddable":true,"href":"https:\/\/3r-prev.com\/gba\/wp-json\/wp\/v2\/product_tag?post=41683"},{"taxonomy":"exhibition","embeddable":true,"href":"https:\/\/3r-prev.com\/gba\/wp-json\/wp\/v2\/exhibition?post=41683"},{"taxonomy":"artist","embeddable":true,"href":"https:\/\/3r-prev.com\/gba\/wp-json\/wp\/v2\/artist?post=41683"}],"curies":[{"name":"wp","href":"https:\/\/api.w.org\/{rel}","templated":true}]}}