{"id":41668,"date":"2022-05-04T16:23:30","date_gmt":"2022-05-04T14:23:30","guid":{"rendered":"https:\/\/3r-prev.com\/gba\/?post_type=product&#038;p=41668"},"modified":"2024-09-27T12:44:09","modified_gmt":"2024-09-27T10:44:09","slug":"jean-michel-nicollet-jeu-de-tarot","status":"publish","type":"product","link":"https:\/\/3r-prev.com\/gba\/produit\/jean-michel-nicollet-jeu-de-tarot\/","title":{"rendered":"JEAN-MICHEL NICOLLET &#8211; jeu de tarot"},"content":{"rendered":"<p>Jeu de Tarot divinatoire illustr\u00e9 par Jean-Michel Nicollet<\/p>\n<p>Publi\u00e9 \u00e0 l&rsquo;occasion de l&rsquo;exposition Tarot qui s&rsquo;est tenue du 10 mai au 4 juin 2022 \u00e0 la galerie Barbier.<\/p>\n<p>Edit\u00e9 par \u00c9ditions Barbier.<\/p>\n<p>&nbsp;<\/p>\n<p>Tirage limit\u00e9 \u00e0 80 exemplaires num\u00e9rot\u00e9s et sign\u00e9s par l&rsquo;artiste. En vente exclusivement \u00e0 la Galerie Barbier.<\/p>\n<p>Parution 10 mai 2022<\/p>\n","protected":false},"excerpt":{"rendered":"<p>Jeu de Tarot divinatoire illustr\u00e9 par Jean-Michel Nicollet Publi\u00e9 \u00e0 l&rsquo;occasion de l&rsquo;exposition Tarot qui s&rsquo;est tenue du 10 mai au 4 juin 2022 \u00e0 la galerie Barbier. Edit\u00e9 par<\/p>\n","protected":false},"featured_media":41669,"template":"","meta":{"_acf_changed":false},"product_cat":[19],"product_tag":[],"exhibition":[218],"artist":[102],"class_list":{"0":"post-41668","1":"product","2":"type-product","3":"status-publish","4":"has-post-thumbnail","6":"product_cat-livres","7":"exhibition-tarot","8":"artist-jean-michel-nicollet","10":"first","11":"outofstock","12":"shipping-taxable","13":"purchasable","14":"product-type-simple"},"acf":[],"_links":{"self":[{"href":"https:\/\/3r-prev.com\/gba\/wp-json\/wp\/v2\/product\/41668","targetHints":{"allow":["GET"]}}],"collection":[{"href":"https:\/\/3r-prev.com\/gba\/wp-json\/wp\/v2\/product"}],"about":[{"href":"https:\/\/3r-prev.com\/gba\/wp-json\/wp\/v2\/types\/product"}],"wp:featuredmedia":[{"embeddable":true,"href":"https:\/\/3r-prev.com\/gba\/wp-json\/wp\/v2\/media\/41669"}],"wp:attachment":[{"href":"https:\/\/3r-prev.com\/gba\/wp-json\/wp\/v2\/media?parent=41668"}],"wp:term":[{"taxonomy":"product_cat","embeddable":true,"href":"https:\/\/3r-prev.com\/gba\/wp-json\/wp\/v2\/product_cat?post=41668"},{"taxonomy":"product_tag","embeddable":true,"href":"https:\/\/3r-prev.com\/gba\/wp-json\/wp\/v2\/product_tag?post=41668"},{"taxonomy":"exhibition","embeddable":true,"href":"https:\/\/3r-prev.com\/gba\/wp-json\/wp\/v2\/exhibition?post=41668"},{"taxonomy":"artist","embeddable":true,"href":"https:\/\/3r-prev.com\/gba\/wp-json\/wp\/v2\/artist?post=41668"}],"curies":[{"name":"wp","href":"https:\/\/api.w.org\/{rel}","templated":true}]}}