{"id":41666,"date":"2022-04-07T17:36:05","date_gmt":"2022-04-07T15:36:05","guid":{"rendered":"https:\/\/3r-prev.com\/gba\/?post_type=product&#038;p=41666"},"modified":"2024-09-27T12:44:08","modified_gmt":"2024-09-27T10:44:08","slug":"francois-avril-philippe-druillet-apocalypses-diptyque-de-skateboards","status":"publish","type":"product","link":"https:\/\/3r-prev.com\/gba\/produit\/francois-avril-philippe-druillet-apocalypses-diptyque-de-skateboards\/","title":{"rendered":"FRAN\u00c7OIS AVRIL &#038; PHILIPPE DRUILLET &#8211; Apocalypses &#8211; Diptyque de skateboards"},"content":{"rendered":"<p><em>Apocalypses<\/em><br \/>\nDiptyque de planches de skateboard dessin\u00e9es par Fran\u00e7ois Avril et Philippe Druillet<br \/>\nImpression sur planche 7 plis d&rsquo;\u00e9rable.<br \/>\n\u00c9dition limit\u00e9e \u00e0 50 diptyques num\u00e9rot\u00e9s et sign\u00e9s par les artistes sur chaque planche.<\/p>\n<p>&nbsp;<\/p>\n<p>PARUTION : 21 AVRIL 2022<\/p>\n","protected":false},"excerpt":{"rendered":"<p>Apocalypses Diptyque de planches de skateboard dessin\u00e9es par Fran\u00e7ois Avril et Philippe Druillet Impression sur planche 7 plis d&rsquo;\u00e9rable. \u00c9dition limit\u00e9e \u00e0 50 diptyques num\u00e9rot\u00e9s et sign\u00e9s par les artistes<\/p>\n","protected":false},"featured_media":41667,"template":"","meta":{"_acf_changed":false},"product_cat":[20],"product_tag":[],"exhibition":[217],"artist":[35,37,38],"class_list":{"0":"post-41666","1":"product","2":"type-product","3":"status-publish","4":"has-post-thumbnail","6":"product_cat-tirages-dart","7":"exhibition-lile-des-morts","8":"artist-francois-avril","9":"artist-francois-avril-philippe-druillet","10":"artist-philippe-druillet","12":"first","13":"instock","14":"shipping-taxable","15":"purchasable","16":"product-type-simple"},"acf":[],"_links":{"self":[{"href":"https:\/\/3r-prev.com\/gba\/wp-json\/wp\/v2\/product\/41666","targetHints":{"allow":["GET"]}}],"collection":[{"href":"https:\/\/3r-prev.com\/gba\/wp-json\/wp\/v2\/product"}],"about":[{"href":"https:\/\/3r-prev.com\/gba\/wp-json\/wp\/v2\/types\/product"}],"wp:featuredmedia":[{"embeddable":true,"href":"https:\/\/3r-prev.com\/gba\/wp-json\/wp\/v2\/media\/41667"}],"wp:attachment":[{"href":"https:\/\/3r-prev.com\/gba\/wp-json\/wp\/v2\/media?parent=41666"}],"wp:term":[{"taxonomy":"product_cat","embeddable":true,"href":"https:\/\/3r-prev.com\/gba\/wp-json\/wp\/v2\/product_cat?post=41666"},{"taxonomy":"product_tag","embeddable":true,"href":"https:\/\/3r-prev.com\/gba\/wp-json\/wp\/v2\/product_tag?post=41666"},{"taxonomy":"exhibition","embeddable":true,"href":"https:\/\/3r-prev.com\/gba\/wp-json\/wp\/v2\/exhibition?post=41666"},{"taxonomy":"artist","embeddable":true,"href":"https:\/\/3r-prev.com\/gba\/wp-json\/wp\/v2\/artist?post=41666"}],"curies":[{"name":"wp","href":"https:\/\/api.w.org\/{rel}","templated":true}]}}