{"id":41662,"date":"2022-03-11T18:24:35","date_gmt":"2022-03-11T17:24:35","guid":{"rendered":"https:\/\/3r-prev.com\/gba\/?post_type=product&#038;p=41662"},"modified":"2024-09-27T12:44:08","modified_gmt":"2024-09-27T10:44:08","slug":"vince-gtirage-de-luxe-gorgones","status":"publish","type":"product","link":"https:\/\/3r-prev.com\/gba\/produit\/vince-gtirage-de-luxe-gorgones\/","title":{"rendered":"VINCE &#8211; Tirage de luxe &#8211; Gorgones"},"content":{"rendered":"<p><em>Les dessins regroup\u00e9s dans cet ouvrage sont, pour la plupart, tellement in\u00e9dits qu\u2019ils ne devaient pas \u00eatre publi\u00e9s &#8211; plaisirs solitaires de leur auteur, trac\u00e9s sans pr\u00e9m\u00e9ditation, sans besoin autre que l\u2019expression d\u2019une main qui ne peut arr\u00eater de dessiner ce vers quoi elle tend. Ils faisaient initialement le bonheur des proches de Vince, seuls mis dans la confidence, avant d\u2019alimenter son instagram et de faire l\u2019objet, enfin, d\u2019une exposition organis\u00e9e par la galerie Barbier.<\/em><\/p>\n<p><em>Le pr\u00e9sent ouvrage est le compl\u00e9ment et le catalogue augment\u00e9 de cette exposition, compilant plus de 200 dessins : sur des post-its, des enveloppes, du papier \u00e0 dessin (aussi), se d\u00e9voilent autant de corps f\u00e9minins, des \u00e9rotiques m\u00e2tin\u00e9s d\u2019influences symbolistes, pops, sulfureuses ou candides, parfait syncr\u00e9tisme des multiples influences qui nourrissent la l\u00e9gendaire curiosit\u00e9 graphique de leur auteur.<\/em><\/p>\n<p>Tirage de luxe limit\u00e9 \u00e0 280 exemplaires num\u00e9rot\u00e9s, comportant un cahier graphique suppl\u00e9mentaire et assorti d&rsquo;une lithographie num\u00e9rot\u00e9e et sign\u00e9e par l&rsquo;artiste.<\/p>\n<p>Publi\u00e9 \u00e0 l&rsquo;occasion de l&rsquo;exposition <em>Gorgones<\/em> \u00e0 la galerie Barbier du 31 mars au 30 avril 2022<\/p>\n<p>225\u00a0 pages.<\/p>\n<p>16 x 20,5 cm.<\/p>\n<p>ISBN 9782919243419<\/p>\n<p>En vente \u00e0 la galerie Barbier uniquement<\/p>\n<p>DISPONIBLE \u00c0 PARTIR DU 31 MARS \/ PR\u00c9COMMANDE UNIQUEMENT<\/p>\n","protected":false},"excerpt":{"rendered":"<p>Les dessins regroup\u00e9s dans cet ouvrage sont, pour la plupart, tellement in\u00e9dits qu\u2019ils ne devaient pas \u00eatre publi\u00e9s &#8211; plaisirs solitaires de leur auteur, trac\u00e9s sans pr\u00e9m\u00e9ditation, sans besoin autre<\/p>\n","protected":false},"featured_media":41308,"template":"","meta":{"_acf_changed":false},"product_cat":[19],"product_tag":[],"exhibition":[216],"artist":[190],"class_list":{"0":"post-41662","1":"product","2":"type-product","3":"status-publish","4":"has-post-thumbnail","6":"product_cat-livres","7":"exhibition-gorgones","8":"artist-vince","10":"first","11":"instock","12":"shipping-taxable","13":"purchasable","14":"product-type-simple"},"acf":[],"_links":{"self":[{"href":"https:\/\/3r-prev.com\/gba\/wp-json\/wp\/v2\/product\/41662","targetHints":{"allow":["GET"]}}],"collection":[{"href":"https:\/\/3r-prev.com\/gba\/wp-json\/wp\/v2\/product"}],"about":[{"href":"https:\/\/3r-prev.com\/gba\/wp-json\/wp\/v2\/types\/product"}],"wp:featuredmedia":[{"embeddable":true,"href":"https:\/\/3r-prev.com\/gba\/wp-json\/wp\/v2\/media\/41308"}],"wp:attachment":[{"href":"https:\/\/3r-prev.com\/gba\/wp-json\/wp\/v2\/media?parent=41662"}],"wp:term":[{"taxonomy":"product_cat","embeddable":true,"href":"https:\/\/3r-prev.com\/gba\/wp-json\/wp\/v2\/product_cat?post=41662"},{"taxonomy":"product_tag","embeddable":true,"href":"https:\/\/3r-prev.com\/gba\/wp-json\/wp\/v2\/product_tag?post=41662"},{"taxonomy":"exhibition","embeddable":true,"href":"https:\/\/3r-prev.com\/gba\/wp-json\/wp\/v2\/exhibition?post=41662"},{"taxonomy":"artist","embeddable":true,"href":"https:\/\/3r-prev.com\/gba\/wp-json\/wp\/v2\/artist?post=41662"}],"curies":[{"name":"wp","href":"https:\/\/api.w.org\/{rel}","templated":true}]}}