{"id":41660,"date":"2022-02-23T18:07:50","date_gmt":"2022-02-23T17:07:50","guid":{"rendered":"https:\/\/3r-prev.com\/gba\/?post_type=product&#038;p=41660"},"modified":"2024-09-27T12:44:07","modified_gmt":"2024-09-27T10:44:07","slug":"marc-bati-bords-cadres-estampe-3","status":"publish","type":"product","link":"https:\/\/3r-prev.com\/gba\/produit\/marc-bati-bords-cadres-estampe-3\/","title":{"rendered":"MARC BATI &#8211; Bords Cadres &#8211; Estampe 3"},"content":{"rendered":"<p>Bords Cadres 3<\/p>\n<p>Estampe num\u00e9rique, impression pigmentaire sur papier Hahnem\u00fchle Photorag Bright White 310g<\/p>\n<p>Format 45 x 60,5 cm<\/p>\n<p>Tirage limit\u00e9 \u00e0 10 exemplaires num\u00e9rot\u00e9s et sign\u00e9s<\/p>\n","protected":false},"excerpt":{"rendered":"<p>Bords Cadres 3 Estampe num\u00e9rique, impression pigmentaire sur papier Hahnem\u00fchle Photorag Bright White 310g Format 45 x 60,5 cm Tirage limit\u00e9 \u00e0 10 exemplaires num\u00e9rot\u00e9s et sign\u00e9s<\/p>\n","protected":false},"featured_media":41661,"template":"","meta":{"_acf_changed":false},"product_cat":[20],"product_tag":[],"exhibition":[215],"artist":[43],"class_list":{"0":"post-41660","1":"product","2":"type-product","3":"status-publish","4":"has-post-thumbnail","6":"product_cat-tirages-dart","7":"exhibition-bords-cadres","8":"artist-marc-bati","10":"first","11":"instock","12":"shipping-taxable","13":"purchasable","14":"product-type-simple"},"acf":[],"_links":{"self":[{"href":"https:\/\/3r-prev.com\/gba\/wp-json\/wp\/v2\/product\/41660","targetHints":{"allow":["GET"]}}],"collection":[{"href":"https:\/\/3r-prev.com\/gba\/wp-json\/wp\/v2\/product"}],"about":[{"href":"https:\/\/3r-prev.com\/gba\/wp-json\/wp\/v2\/types\/product"}],"wp:featuredmedia":[{"embeddable":true,"href":"https:\/\/3r-prev.com\/gba\/wp-json\/wp\/v2\/media\/41661"}],"wp:attachment":[{"href":"https:\/\/3r-prev.com\/gba\/wp-json\/wp\/v2\/media?parent=41660"}],"wp:term":[{"taxonomy":"product_cat","embeddable":true,"href":"https:\/\/3r-prev.com\/gba\/wp-json\/wp\/v2\/product_cat?post=41660"},{"taxonomy":"product_tag","embeddable":true,"href":"https:\/\/3r-prev.com\/gba\/wp-json\/wp\/v2\/product_tag?post=41660"},{"taxonomy":"exhibition","embeddable":true,"href":"https:\/\/3r-prev.com\/gba\/wp-json\/wp\/v2\/exhibition?post=41660"},{"taxonomy":"artist","embeddable":true,"href":"https:\/\/3r-prev.com\/gba\/wp-json\/wp\/v2\/artist?post=41660"}],"curies":[{"name":"wp","href":"https:\/\/api.w.org\/{rel}","templated":true}]}}