{"id":41658,"date":"2021-07-06T15:19:37","date_gmt":"2021-07-06T13:19:37","guid":{"rendered":"https:\/\/3r-prev.com\/gba\/?post_type=product&#038;p=41658"},"modified":"2024-09-27T12:44:06","modified_gmt":"2024-09-27T10:44:06","slug":"enki-bilal-reconstrukt-triptyque-de-skateboards","status":"publish","type":"product","link":"https:\/\/3r-prev.com\/gba\/produit\/enki-bilal-reconstrukt-triptyque-de-skateboards\/","title":{"rendered":"ENKI BILAL &#8211; RECONSTRUKT ? &#8211; Triptyque de skateboards"},"content":{"rendered":"<p>Triptyque de planches de skateboard dessin\u00e9es par Enki Bilal.<br \/>\nImpression sur planche 7 plis d&rsquo;\u00e9rable.<br \/>\n\u00c9dition limit\u00e9e \u00e0 50 triptyques num\u00e9rot\u00e9s et sign\u00e9s par l&rsquo;artiste sur chaque planche.<\/p>\n","protected":false},"excerpt":{"rendered":"<p>Triptyque de planches de skateboard dessin\u00e9es par Enki Bilal. Impression sur planche 7 plis d&rsquo;\u00e9rable. \u00c9dition limit\u00e9e \u00e0 50 triptyques num\u00e9rot\u00e9s et sign\u00e9s par l&rsquo;artiste sur chaque planche.<\/p>\n","protected":false},"featured_media":41659,"template":"","meta":{"_acf_changed":false},"product_cat":[20],"product_tag":[],"exhibition":[195],"artist":[50],"class_list":{"0":"post-41658","1":"product","2":"type-product","3":"status-publish","4":"has-post-thumbnail","6":"product_cat-tirages-dart","7":"exhibition-reconstrukt","8":"artist-enki-bilal","10":"first","11":"outofstock","12":"shipping-taxable","13":"purchasable","14":"product-type-simple"},"acf":[],"_links":{"self":[{"href":"https:\/\/3r-prev.com\/gba\/wp-json\/wp\/v2\/product\/41658","targetHints":{"allow":["GET"]}}],"collection":[{"href":"https:\/\/3r-prev.com\/gba\/wp-json\/wp\/v2\/product"}],"about":[{"href":"https:\/\/3r-prev.com\/gba\/wp-json\/wp\/v2\/types\/product"}],"wp:featuredmedia":[{"embeddable":true,"href":"https:\/\/3r-prev.com\/gba\/wp-json\/wp\/v2\/media\/41659"}],"wp:attachment":[{"href":"https:\/\/3r-prev.com\/gba\/wp-json\/wp\/v2\/media?parent=41658"}],"wp:term":[{"taxonomy":"product_cat","embeddable":true,"href":"https:\/\/3r-prev.com\/gba\/wp-json\/wp\/v2\/product_cat?post=41658"},{"taxonomy":"product_tag","embeddable":true,"href":"https:\/\/3r-prev.com\/gba\/wp-json\/wp\/v2\/product_tag?post=41658"},{"taxonomy":"exhibition","embeddable":true,"href":"https:\/\/3r-prev.com\/gba\/wp-json\/wp\/v2\/exhibition?post=41658"},{"taxonomy":"artist","embeddable":true,"href":"https:\/\/3r-prev.com\/gba\/wp-json\/wp\/v2\/artist?post=41658"}],"curies":[{"name":"wp","href":"https:\/\/api.w.org\/{rel}","templated":true}]}}